{"id":434,"date":"2024-06-13T15:27:33","date_gmt":"2024-06-13T08:27:33","guid":{"rendered":"https:\/\/htn-cons.vn\/dich-vu\/tham-tra-du-an\/"},"modified":"2024-06-24T08:19:50","modified_gmt":"2024-06-24T01:19:50","slug":"tham-tra-du-an","status":"publish","type":"page","link":"https:\/\/htn-cons.vn\/vi\/dich-vu\/tham-tra-du-an\/","title":{"rendered":"Th\u1ea9m tra d\u1ef1 \u00e1n"},"content":{"rendered":"\t<section class=\"section\" id=\"section_41590912\">\n\t\t<div class=\"bg section-bg fill bg-fill  \" >\n\n\t\t\t\n\t\t\t\n\t\t\t\n\n\t\t<\/div>\n\n\t\t\n\n\t\t<div class=\"section-content relative\">\n\t\t\t\n\t\t<\/div>\n\n\t\t\n<style>\n#section_41590912 {\n  padding-top: 30px;\n  padding-bottom: 30px;\n  min-height: 150px;\n}\n#section_41590912 .section-bg.bg-loaded {\n  background-image: url(https:\/\/htn-cons.vn\/wp-content\/uploads\/2024\/06\/bg-project.jpg);\n}\n<\/style>\n\t<\/section>\n\t\n<div class=\"row\"  id=\"row-1859830476\">\n\n\t<div id=\"col-306783025\" class=\"col medium-12 small-12 large-6\"  >\n\t\t\t\t<div class=\"col-inner\"  >\n\t\t\t\n\t\t\t\n<h3><span style=\"color: #962d3e; font-size: 130%;\"><strong>Th\u1ea9m tra d\u1ef1 \u00e1n<\/strong><\/span><\/h3>\n<p style=\"text-align: justify;\"><span style=\"color: #962d3e;\"><strong>HTN CONS<\/strong><\/span> d\u1ef1a tr\u00ean ki\u1ebfn th\u1ee9c v\u1ec1 d\u1ef1 \u00e1n, hi\u1ec3u bi\u1ebft s\u00e2u s\u1eafc v\u1ec1 th\u1ecb tr\u01b0\u1eddng v\u00e0 c\u00e1c quy tr\u00ecnh ki\u1ec3m so\u00e1t hi\u1ec7u qu\u1ea3 c\u1ee7a ch\u00fang t\u00f4i \u0111\u1ec3 cung c\u1ea5p d\u1ecbch v\u1ee5 t\u01b0 v\u1ea5n th\u1ea9m \u0111\u1ecbnh v\u1ec1 c\u00e1c r\u1ee7i ro, tr\u00e1ch nhi\u1ec7m ph\u00e1p l\u00fd ho\u1eb7c tr\u1edf ng\u1ea1i ti\u1ec1m \u1ea9n c\u00f3 th\u1ec3 \u1ea3nh h\u01b0\u1edfng \u0111\u1ebfn vi\u1ec7c mua l\u1ea1i. Th\u1ea9m \u0111\u1ecbnh \u0111\u01b0\u1ee3c th\u1ec3 hi\u1ec7n d\u01b0\u1edbi d\u1ea1ng c\u00e1c b\u00e1o c\u00e1o r\u00f5 r\u00e0ng v\u00e0 ng\u1eafn g\u1ecdn, \u0111\u01b0a ra quan \u0111i\u1ec3m, \u0111\u1eb7t c\u00e2u h\u1ecfi v\u00e0 \u0111\u1ec1 xu\u1ea5t gi\u1ea3i ph\u00e1p nh\u1eb1m \u0111\u1ea3m b\u1ea3o kh\u00e1ch h\u00e0ng nh\u1eadn th\u1ee9c \u0111\u1ea7y \u0111\u1ee7 v\u1ec1 ch\u1ea5t l\u01b0\u1ee3ng, \u0111i\u1ec1u ki\u1ec7n v\u00e0 c\u00f4ng n\u1ee3 c\u1ee7a t\u00e0i s\u1ea3n b\u1ea5t \u0111\u1ed9ng s\u1ea3n tr\u01b0\u1edbc khi k\u00fd k\u1ebft cam k\u1ebft ph\u00e1p l\u00fd.<\/p>\n<p>C\u00e1c d\u1ecbch v\u1ee5 c\u1ed1t l\u00f5i c\u1ee7a ch\u00fang t\u00f4i v\u1ec1 th\u1ea9m tra d\u1ef1 \u00e1n bao g\u1ed3m:<\/p>\n<ul>\n<li>Th\u1ea9m tra thi\u1ebft k\u1ebf<\/li>\n<li>Th\u1ea9m tra d\u1ef1 to\u00e1n<\/li>\n<\/ul>\n<p>Chi ti\u1ebft th\u1ea9m tra thi\u1ebft k\u1ebf nh\u01b0 sau:<\/p>\n<ul>\n<li style=\"text-align: justify;\">Xem x\u00e9t s\u1ef1 ph\u00f9 h\u1ee3p c\u1ee7a thi\u1ebft k\u1ebf v\u1edbi d\u1ef1 \u00e1n \u0111\u1ea7u t\u01b0, thuy\u1ebft minh thi\u1ebft k\u1ebf \u0111\u01b0\u1ee3c duy\u1ec7t<\/li>\n<li style=\"text-align: justify;\">Ki\u1ec3m tra vi\u1ec7c \u00e1p d\u1ee5ng nh\u1eefng ti\u00eau chu\u1ea9n, qui chu\u1ea9n<\/li>\n<li style=\"text-align: justify;\">\u0110\u00e1nh gi\u00e1 s\u1ef1 ph\u00f9 h\u1ee3p c\u1ee7a gi\u1ea3i ph\u00e1p k\u1ebft c\u1ea5u ch\u00ednh<\/li>\n<li style=\"text-align: justify;\">\u0110\u00e1nh gi\u00e1 m\u1ee9c \u0111\u1ed9 an to\u00e0n ch\u1ecbu l\u1ef1c c\u1ee7a c\u00f4ng tr\u00ecnh<\/li>\n<li style=\"text-align: justify;\">\u0110\u00e1nh gi\u00e1 s\u1ef1 tu\u00e2n th\u1ee7 c\u00e1c quy \u0111\u1ecbnh v\u1ec1 m\u00f4i tr\u01b0\u1eddng, ph\u00f2ng ch\u00e1y ch\u1eefa ch\u00e1y<\/li>\n<li style=\"text-align: justify;\">\u0110\u00e1nh gi\u00e1 s\u1ef1 h\u1ee3p l\u00fd c\u1ee7a l\u1ef1a ch\u1ecdn d\u00e2y chuy\u1ec1n c\u00f4ng ngh\u1ec7 v\u00e0 thi\u1ebft b\u1ecb c\u00f4ng ngh\u1ec7 \u0111\u1ed1i v\u1edbi c\u00f4ng tr\u00ecnh c\u00f3 y\u00eau c\u1ea7u c\u00f4ng ngh\u1ec7<\/li>\n<li style=\"text-align: justify;\">\u0110\u00e1nh gi\u00e1 s\u1ef1 ph\u00f9 h\u1ee3p c\u1ee7a h\u1ec7 th\u1ed1ng k\u1ef9 thu\u1eadt v\u1edbi c\u00e1c gi\u1ea3i ph\u00e1p thi\u1ebft k\u1ebf ph\u1ea7n x\u00e2y d\u1ef1ng v\u00e0 c\u00e1c ph\u1ea7n li\u00ean quan kh\u00e1c.<\/li>\n<\/ul>\n<p>Chi ti\u1ebft th\u1ea9m tra d\u1ef1 to\u00e1n nh\u01b0 sau:<\/p>\n<ul>\n<li style=\"text-align: justify;\">Th\u1ea9m tra t\u1ed5ng m\u1ee9c \u0111\u1ea7u t\u01b0 c\u1ee7a d\u1ef1 \u00e1n\n<p>&#8211; Ki\u1ec3m tra s\u1ef1 ph\u00f9 h\u1ee3p c\u1ee7a ph\u01b0\u01a1ng ph\u00e1p x\u00e1c \u0111\u1ecbnh t\u1ed5ng m\u1ee9c \u0111\u1ea7u t\u01b0 v\u1edbi \u0111\u1eb7c \u0111i\u1ec3m, t\u00ednh ch\u1ea5t k\u1ef9 thu\u1eadt v\u00e0 y\u00eau c\u1ea7u c\u00f4ng ngh\u1ec7 c\u1ee7a d\u1ef1 \u00e1n<\/p>\n<p>&#8211; Ki\u1ec3m tra t\u00ednh \u0111\u1ea7y \u0111\u1ee7 h\u1ee3p l\u00fd v\u00e0 ph\u00f9 h\u1ee3p v\u1edbi y\u00eau c\u1ea7u th\u1ef1c t\u1ebf th\u1ecb tr\u01b0\u1eddng c\u1ee7a c\u00e1c kho\u1ea3n m\u1ee5c chi ph\u00ed trong T\u1ed5ng m\u1ee9c \u0111\u1ea7u t\u01b0<\/p>\n<p>&#8211; Ki\u1ec3m tra c\u00e1c t\u00ednh to\u00e0n v\u1ec1 hi\u1ec7u qu\u1ea3 \u0111\u1ea7u t\u01b0 x\u00e2y d\u1ef1ng c\u00f4ng tr\u00ecnh, c\u00e1c y\u1ebfu t\u1ed1 r\u1ee7i ro, ph\u01b0\u01a1ng \u00e1n t\u00e0i ch\u00ednh, ph\u01b0\u01a1ng \u00e1n ho\u00e0n tr\u1ea3 v\u1ed1n.<\/p>\n<\/li>\n<li style=\"text-align: justify;\">Th\u1ea9m tra d\u1ef1 to\u00e1n x\u00e2y d\u1ef1ng c\u00f4ng tr\u00ecnh\n<p>&#8211; Ki\u1ec3m tra s\u1ef1 ph\u00f9 h\u1ee3p v\u1ec1 kh\u1ed1i l\u01b0\u1ee3ng ch\u1ee7 y\u1ebfu so v\u1edbi kh\u1ed1i l\u01b0\u1ee3ng thi\u1ebft k\u1ebf<\/p>\n<p>&#8211; Ki\u1ec3m tra s\u1ef1 v\u1eadn d\u1ee5ng ph\u00f9 h\u1ee3p v\u1ec1 \u0111\u1ecbnh m\u1ee9c, \u0111\u01a1n gi\u00e1<\/p>\n<p>&#8211; Ki\u1ec3m tra s\u1ef1 v\u1eadn d\u1ee5ng ph\u00f9 h\u1ee3p v\u1ec1 c\u00e1c quy \u0111\u1ecbnh hi\u1ec7n h\u00e0nh c\u1ee7a Nh\u00e0 n\u01b0\u1edbc \u0111\u1ed1i v\u1edbi c\u00f4ng t\u00e1c l\u1eadp d\u1ef1 to\u00e1n.<\/p>\n<\/li>\n<li style=\"text-align: justify;\">Th\u1ea9m tra quy\u1ebft to\u00e1n x\u00e2y l\u1eafp c\u00f4ng tr\u00ecnh\/ h\u1ea1ng m\u1ee5c\n<p>&#8211; Ki\u1ec3m tra s\u1ef1 ph\u00f9 h\u1ee3p gi\u1eefa kh\u1ed1i l\u01b0\u1ee3ng quy\u1ebft to\u00e1n ch\u1ee7 y\u1ebfu v\u1edbi kh\u1ed1i l\u01b0\u1ee3ng trong h\u1ed3 s\u01a1 b\u1ea3n v\u1ebd ho\u00e0n c\u00f4ng<\/p>\n<p>&#8211; V\u1ec1 \u0111\u01a1n gi\u00e1: Ki\u1ec3m tra s\u1ef1 ph\u00f9 h\u1ee3p c\u1ee7a c\u00e1c \u0111\u01a1n gi\u00e1 x\u00e2y d\u1ef1ng c\u00f4ng tr\u00ecnh theo quy \u0111\u1ecbnh trong h\u1ee3p \u0111\u1ed3ng thi c\u00f4ng x\u00e2y l\u1eafp<\/p>\n<p>&#8211; X\u00e1c \u0111\u1ecbnh gi\u00e1 tr\u1ecb quy\u1ebft to\u00e1n x\u00e2y l\u1eafp c\u00f4ng tr\u00ecnh\/ h\u1ea1ng m\u1ee5c.<\/p>\n<\/li>\n<li>Th\u1ea9m tra \u0111\u1ecbnh m\u1ee9c d\u1ef1 to\u00e1n x\u00e2y d\u1ef1ng c\u00f4ng tr\u00ecnh\n<p style=\"text-align: justify;\">&#8211; S\u1ef1 ph\u00f9 h\u1ee3p v\u1ec1 c\u00e1c y\u00eau c\u1ea7u k\u1ef9 thu\u1eadt, \u0111i\u1ec1u ki\u1ec7n thi c\u00f4ng v\u00e0 bi\u1ec7n ph\u00e1p thi c\u00f4ng c\u1ee7a t\u1eebng lo\u1ea1i c\u00f4ng t\u00e1c c\u1ea7n x\u00e2y d\u1ef1ng \u0111\u1ecbnh m\u1ee9c d\u1ef1 to\u00e1n<\/p>\n<p style=\"text-align: justify;\">&#8211; Ki\u1ec3m tra s\u1ef1 \u0111\u1ea7y \u0111\u1ee7 c\u1ee7a c\u00e1c th\u00e0nh ph\u1ea7n c\u00f4ng vi\u1ec7c<\/p>\n<p style=\"text-align: justify;\">&#8211; Ki\u1ec3m tra ph\u01b0\u01a1ng ph\u00e1p t\u00ednh to\u00e1n \u0111\u1ec3 x\u00e1c \u0111\u1ecbnh hao ph\u00ed v\u1eadt li\u1ec7u, nh\u00e2n c\u00f4ng, m\u00e1y thi c\u00f4ng<\/p>\n<p style=\"text-align: justify;\">&#8211; L\u1eadp c\u00e1c chi ti\u1ebft \u0111\u1ecbnh m\u1ee9c.<\/p>\n<\/li>\n<\/ul>\n\t\t<\/div>\n\t\t\t\t\t<\/div>\n\n\t\n\n\t<div id=\"col-1917049111\" class=\"col medium-12 small-12 large-6\"  >\n\t\t\t\t<div class=\"col-inner\"  >\n\t\t\t\n\t\t\t\n<h3><span style=\"color: #962d3e; font-size: 130%;\"><strong>D\u1ef1 \u00e1n<\/strong><\/span><\/h3>\n<div id=\"portfolio-1483879775\" class=\"portfolio-element-wrapper has-filtering\">\n  \n    <div class=\"row large-columns-2 medium-columns-2 small-columns- row-small\" >\n    <div class=\"col\" data-terms=\"\" >\n          <div class=\"col-inner\" >\n          <a href=\"https:\/\/htn-cons.vn\/vi\/featured_item\/du-an-novaworld-phan-thiet\/\" class=\"plain \">\n          <div class=\"portfolio-box box has-hover box-overlay dark\">\n            <div class=\"box-image\" >\n                <div class=\"image-overlay-remove image-cover\" style=\"padding-top:100%;\">\n                <img loading=\"lazy\" decoding=\"async\" width=\"1100\" height=\"650\" src=\"https:\/\/htn-cons.vn\/wp-content\/uploads\/2024\/06\/17.jpg\" class=\"attachment-original size-original\" alt=\"\" srcset=\"https:\/\/htn-cons.vn\/wp-content\/uploads\/2024\/06\/17.jpg 1100w, https:\/\/htn-cons.vn\/wp-content\/uploads\/2024\/06\/17-300x177.jpg 300w, https:\/\/htn-cons.vn\/wp-content\/uploads\/2024\/06\/17-1024x605.jpg 1024w, https:\/\/htn-cons.vn\/wp-content\/uploads\/2024\/06\/17-768x454.jpg 768w\" sizes=\"auto, (max-width: 1100px) 100vw, 1100px\" \/>                <div class=\"overlay\" style=\"background-color:1\"><\/div>                                <\/div>\n            <\/div>\n            <div class=\"box-text text-center is-large\" >\n                  <div class=\"box-text-inner\">\n                      <h6 class=\"uppercase portfolio-box-title\">NOVAWORLD PHAN THI\u1ebeT<\/h6>\n                      <p class=\"uppercase portfolio-box-category is-xsmall op-6\">\n                        <span class=\"show-on-hover\">\n                                                 <\/span>\n                      <\/p>\n                  <\/div>\n            <\/div>\n           <\/div>\n           <\/a>\n           <\/div>\n           <\/div><div class=\"col\" data-terms=\"\" >\n          <div class=\"col-inner\" >\n          <a href=\"https:\/\/htn-cons.vn\/vi\/featured_item\/du-an-novaworld-ho-tram\/\" class=\"plain \">\n          <div class=\"portfolio-box box has-hover box-overlay dark\">\n            <div class=\"box-image\" >\n                <div class=\"image-overlay-remove image-cover\" style=\"padding-top:100%;\">\n                <img loading=\"lazy\" decoding=\"async\" width=\"1280\" height=\"852\" src=\"https:\/\/htn-cons.vn\/wp-content\/uploads\/2024\/06\/21.jpg\" class=\"attachment-original size-original\" alt=\"\" srcset=\"https:\/\/htn-cons.vn\/wp-content\/uploads\/2024\/06\/21.jpg 1280w, https:\/\/htn-cons.vn\/wp-content\/uploads\/2024\/06\/21-300x200.jpg 300w, https:\/\/htn-cons.vn\/wp-content\/uploads\/2024\/06\/21-1024x682.jpg 1024w, https:\/\/htn-cons.vn\/wp-content\/uploads\/2024\/06\/21-768x511.jpg 768w\" sizes=\"auto, (max-width: 1280px) 100vw, 1280px\" \/>                <div class=\"overlay\" style=\"background-color:1\"><\/div>                                <\/div>\n            <\/div>\n            <div class=\"box-text text-center is-large\" >\n                  <div class=\"box-text-inner\">\n                      <h6 class=\"uppercase portfolio-box-title\">NOVAWORLD H\u1ed2 TR\u00c0M<\/h6>\n                      <p class=\"uppercase portfolio-box-category is-xsmall op-6\">\n                        <span class=\"show-on-hover\">\n                                                 <\/span>\n                      <\/p>\n                  <\/div>\n            <\/div>\n           <\/div>\n           <\/a>\n           <\/div>\n           <\/div><div class=\"col\" data-terms=\"\" >\n          <div class=\"col-inner\" >\n          <a href=\"https:\/\/htn-cons.vn\/vi\/featured_item\/du-an-nha-may-giay-lac-ty-ii-hau-giang\/\" class=\"plain \">\n          <div class=\"portfolio-box box has-hover box-overlay dark\">\n            <div class=\"box-image\" >\n                <div class=\"image-overlay-remove image-cover\" style=\"padding-top:100%;\">\n                <img loading=\"lazy\" decoding=\"async\" width=\"1226\" height=\"690\" src=\"https:\/\/htn-cons.vn\/wp-content\/uploads\/2024\/06\/24.jpg\" class=\"attachment-original size-original\" alt=\"\" srcset=\"https:\/\/htn-cons.vn\/wp-content\/uploads\/2024\/06\/24.jpg 1226w, https:\/\/htn-cons.vn\/wp-content\/uploads\/2024\/06\/24-300x169.jpg 300w, https:\/\/htn-cons.vn\/wp-content\/uploads\/2024\/06\/24-1024x576.jpg 1024w, https:\/\/htn-cons.vn\/wp-content\/uploads\/2024\/06\/24-768x432.jpg 768w\" sizes=\"auto, (max-width: 1226px) 100vw, 1226px\" \/>                <div class=\"overlay\" style=\"background-color:1\"><\/div>                                <\/div>\n            <\/div>\n            <div class=\"box-text text-center is-large\" >\n                  <div class=\"box-text-inner\">\n                      <h6 class=\"uppercase portfolio-box-title\">NH\u00c0 M\u00c1Y GI\u00c0Y L\u1ea0C T\u1ef6 II \u2013 H\u1eacU GIANG<\/h6>\n                      <p class=\"uppercase portfolio-box-category is-xsmall op-6\">\n                        <span class=\"show-on-hover\">\n                                                 <\/span>\n                      <\/p>\n                  <\/div>\n            <\/div>\n           <\/div>\n           <\/a>\n           <\/div>\n           <\/div><div class=\"col\" data-terms=\"\" >\n          <div class=\"col-inner\" >\n          <a href=\"https:\/\/htn-cons.vn\/vi\/featured_item\/du-an-nha-may-giay-ty-xuan\/\" class=\"plain \">\n          <div class=\"portfolio-box box has-hover box-overlay dark\">\n            <div class=\"box-image\" >\n                <div class=\"image-overlay-remove image-cover\" style=\"padding-top:100%;\">\n                <img loading=\"lazy\" decoding=\"async\" width=\"821\" height=\"328\" src=\"https:\/\/htn-cons.vn\/wp-content\/uploads\/2024\/06\/25.png\" class=\"attachment-original size-original\" alt=\"\" srcset=\"https:\/\/htn-cons.vn\/wp-content\/uploads\/2024\/06\/25.png 821w, https:\/\/htn-cons.vn\/wp-content\/uploads\/2024\/06\/25-300x120.png 300w, https:\/\/htn-cons.vn\/wp-content\/uploads\/2024\/06\/25-768x307.png 768w\" sizes=\"auto, (max-width: 821px) 100vw, 821px\" \/>                <div class=\"overlay\" style=\"background-color:1\"><\/div>                                <\/div>\n            <\/div>\n            <div class=\"box-text text-center is-large\" >\n                  <div class=\"box-text-inner\">\n                      <h6 class=\"uppercase portfolio-box-title\">NH\u00c0 M\u00c1Y GI\u00c0Y T\u1ef6 XU\u00c2N &#8211; V\u0128NH LONG<\/h6>\n                      <p class=\"uppercase portfolio-box-category is-xsmall op-6\">\n                        <span class=\"show-on-hover\">\n                                                 <\/span>\n                      <\/p>\n                  <\/div>\n            <\/div>\n           <\/div>\n           <\/a>\n           <\/div>\n           <\/div><div class=\"col\" data-terms=\"\" >\n          <div class=\"col-inner\" >\n          <a href=\"https:\/\/htn-cons.vn\/vi\/featured_item\/du-an-nha-may-san-xuat-pho-mai-bel-viet-nam-binh-duong\/\" class=\"plain \">\n          <div class=\"portfolio-box box has-hover box-overlay dark\">\n            <div class=\"box-image\" >\n                <div class=\"image-overlay-remove image-cover\" style=\"padding-top:100%;\">\n                <img loading=\"lazy\" decoding=\"async\" width=\"512\" height=\"384\" src=\"https:\/\/htn-cons.vn\/wp-content\/uploads\/2024\/06\/26.jpg\" class=\"attachment-original size-original\" alt=\"\" srcset=\"https:\/\/htn-cons.vn\/wp-content\/uploads\/2024\/06\/26.jpg 512w, https:\/\/htn-cons.vn\/wp-content\/uploads\/2024\/06\/26-300x225.jpg 300w\" sizes=\"auto, (max-width: 512px) 100vw, 512px\" \/>                <div class=\"overlay\" style=\"background-color:1\"><\/div>                                <\/div>\n            <\/div>\n            <div class=\"box-text text-center is-large\" >\n                  <div class=\"box-text-inner\">\n                      <h6 class=\"uppercase portfolio-box-title\">NH\u00c0 M\u00c1Y S\u1ea2N XU\u1ea4T PH\u00d4 MAI \u2013 BEL VI\u1ec6T NAM (B\u00ccNH D\u01af\u01a0NG)<\/h6>\n                      <p class=\"uppercase portfolio-box-category is-xsmall op-6\">\n                        <span class=\"show-on-hover\">\n                                                 <\/span>\n                      <\/p>\n                  <\/div>\n            <\/div>\n           <\/div>\n           <\/a>\n           <\/div>\n           <\/div><div class=\"col\" data-terms=\"\" >\n          <div class=\"col-inner\" >\n          <a href=\"https:\/\/htn-cons.vn\/vi\/featured_item\/du-an-novahills-mui-ne-resort-villas-centara-mirage-resort-mui-ne\/\" class=\"plain \">\n          <div class=\"portfolio-box box has-hover box-overlay dark\">\n            <div class=\"box-image\" >\n                <div class=\"image-overlay-remove image-cover\" style=\"padding-top:100%;\">\n                <img loading=\"lazy\" decoding=\"async\" width=\"800\" height=\"493\" src=\"https:\/\/htn-cons.vn\/wp-content\/uploads\/2024\/06\/14.jpg\" class=\"attachment-original size-original\" alt=\"\" srcset=\"https:\/\/htn-cons.vn\/wp-content\/uploads\/2024\/06\/14.jpg 800w, https:\/\/htn-cons.vn\/wp-content\/uploads\/2024\/06\/14-300x185.jpg 300w, https:\/\/htn-cons.vn\/wp-content\/uploads\/2024\/06\/14-768x473.jpg 768w\" sizes=\"auto, (max-width: 800px) 100vw, 800px\" \/>                <div class=\"overlay\" style=\"background-color:1\"><\/div>                                <\/div>\n            <\/div>\n            <div class=\"box-text text-center is-large\" >\n                  <div class=\"box-text-inner\">\n                      <h6 class=\"uppercase portfolio-box-title\">NOVAHILLS M\u0168I N\u00c9 RESORT &amp; VILLAS &#8211; CENTARA MIRAGE RESORT M\u0168I N\u00c9<\/h6>\n                      <p class=\"uppercase portfolio-box-category is-xsmall op-6\">\n                        <span class=\"show-on-hover\">\n                                                 <\/span>\n                      <\/p>\n                  <\/div>\n            <\/div>\n           <\/div>\n           <\/a>\n           <\/div>\n           <\/div><div class=\"col\" data-terms=\"\" >\n          <div class=\"col-inner\" >\n          <a href=\"https:\/\/htn-cons.vn\/vi\/featured_item\/du-an-britannia-residential-phase-2b-london\/\" class=\"plain \">\n          <div class=\"portfolio-box box has-hover box-overlay dark\">\n            <div class=\"box-image\" >\n                <div class=\"image-overlay-remove image-cover\" style=\"padding-top:100%;\">\n                <img loading=\"lazy\" decoding=\"async\" width=\"960\" height=\"640\" src=\"https:\/\/htn-cons.vn\/wp-content\/uploads\/2024\/06\/1-1.jpg\" class=\"attachment-original size-original\" alt=\"\" srcset=\"https:\/\/htn-cons.vn\/wp-content\/uploads\/2024\/06\/1-1.jpg 960w, https:\/\/htn-cons.vn\/wp-content\/uploads\/2024\/06\/1-1-300x200.jpg 300w, https:\/\/htn-cons.vn\/wp-content\/uploads\/2024\/06\/1-1-768x512.jpg 768w\" sizes=\"auto, (max-width: 960px) 100vw, 960px\" \/>                <div class=\"overlay\" style=\"background-color:1\"><\/div>                                <\/div>\n            <\/div>\n            <div class=\"box-text text-center is-large\" >\n                  <div class=\"box-text-inner\">\n                      <h6 class=\"uppercase portfolio-box-title\">BRITANNIA RESIDENTIAL PHASE 2B &#8211; LONDON<\/h6>\n                      <p class=\"uppercase portfolio-box-category is-xsmall op-6\">\n                        <span class=\"show-on-hover\">\n                                                 <\/span>\n                      <\/p>\n                  <\/div>\n            <\/div>\n           <\/div>\n           <\/a>\n           <\/div>\n           <\/div><div class=\"col\" data-terms=\"\" >\n          <div class=\"col-inner\" >\n          <a href=\"https:\/\/htn-cons.vn\/vi\/featured_item\/du-an-eastfields-phase-1a-london\/\" class=\"plain \">\n          <div class=\"portfolio-box box has-hover box-overlay dark\">\n            <div class=\"box-image\" >\n                <div class=\"image-overlay-remove image-cover\" style=\"padding-top:100%;\">\n                <img loading=\"lazy\" decoding=\"async\" width=\"1212\" height=\"840\" src=\"https:\/\/htn-cons.vn\/wp-content\/uploads\/2024\/06\/3.jpg\" class=\"attachment-original size-original\" alt=\"\" srcset=\"https:\/\/htn-cons.vn\/wp-content\/uploads\/2024\/06\/3.jpg 1212w, https:\/\/htn-cons.vn\/wp-content\/uploads\/2024\/06\/3-300x208.jpg 300w, https:\/\/htn-cons.vn\/wp-content\/uploads\/2024\/06\/3-1024x710.jpg 1024w, https:\/\/htn-cons.vn\/wp-content\/uploads\/2024\/06\/3-768x532.jpg 768w\" sizes=\"auto, (max-width: 1212px) 100vw, 1212px\" \/>                <div class=\"overlay\" style=\"background-color:1\"><\/div>                                <\/div>\n            <\/div>\n            <div class=\"box-text text-center is-large\" >\n                  <div class=\"box-text-inner\">\n                      <h6 class=\"uppercase portfolio-box-title\">EASTFIELDS PHASE 1A &#8211; LONDON<\/h6>\n                      <p class=\"uppercase portfolio-box-category is-xsmall op-6\">\n                        <span class=\"show-on-hover\">\n                                                 <\/span>\n                      <\/p>\n                  <\/div>\n            <\/div>\n           <\/div>\n           <\/a>\n           <\/div>\n           <\/div><\/div><\/div>\n\t\t<\/div>\n\t\t\t\t\t<\/div>\n\n\t\n<\/div>\n","protected":false},"excerpt":{"rendered":"","protected":false},"author":1,"featured_media":0,"parent":372,"menu_order":0,"comment_status":"closed","ping_status":"closed","template":"page-blank.php","meta":{"_acf_changed":false,"footnotes":""},"class_list":["post-434","page","type-page","status-publish","hentry"],"acf":[],"_links":{"self":[{"href":"https:\/\/htn-cons.vn\/vi\/wp-json\/wp\/v2\/pages\/434","targetHints":{"allow":["GET"]}}],"collection":[{"href":"https:\/\/htn-cons.vn\/vi\/wp-json\/wp\/v2\/pages"}],"about":[{"href":"https:\/\/htn-cons.vn\/vi\/wp-json\/wp\/v2\/types\/page"}],"author":[{"embeddable":true,"href":"https:\/\/htn-cons.vn\/vi\/wp-json\/wp\/v2\/users\/1"}],"replies":[{"embeddable":true,"href":"https:\/\/htn-cons.vn\/vi\/wp-json\/wp\/v2\/comments?post=434"}],"version-history":[{"count":7,"href":"https:\/\/htn-cons.vn\/vi\/wp-json\/wp\/v2\/pages\/434\/revisions"}],"predecessor-version":[{"id":591,"href":"https:\/\/htn-cons.vn\/vi\/wp-json\/wp\/v2\/pages\/434\/revisions\/591"}],"up":[{"embeddable":true,"href":"https:\/\/htn-cons.vn\/vi\/wp-json\/wp\/v2\/pages\/372"}],"wp:attachment":[{"href":"https:\/\/htn-cons.vn\/vi\/wp-json\/wp\/v2\/media?parent=434"}],"curies":[{"name":"wp","href":"https:\/\/api.w.org\/{rel}","templated":true}]}}