{"id":428,"date":"2024-06-13T15:27:17","date_gmt":"2024-06-13T08:27:17","guid":{"rendered":"https:\/\/htn-cons.vn\/dich-vu\/tu-van-hop-dong\/"},"modified":"2024-06-24T08:21:23","modified_gmt":"2024-06-24T01:21:23","slug":"tu-van-hop-dong","status":"publish","type":"page","link":"https:\/\/htn-cons.vn\/vi\/dich-vu\/tu-van-hop-dong\/","title":{"rendered":"T\u01b0 v\u1ea5n h\u1ee3p \u0111\u1ed3ng"},"content":{"rendered":"\t<section class=\"section\" id=\"section_2114106339\">\n\t\t<div class=\"bg section-bg fill bg-fill  \" >\n\n\t\t\t\n\t\t\t\n\t\t\t\n\n\t\t<\/div>\n\n\t\t\n\n\t\t<div class=\"section-content relative\">\n\t\t\t\n\t\t<\/div>\n\n\t\t\n<style>\n#section_2114106339 {\n  padding-top: 30px;\n  padding-bottom: 30px;\n  min-height: 150px;\n}\n#section_2114106339 .section-bg.bg-loaded {\n  background-image: url(https:\/\/htn-cons.vn\/wp-content\/uploads\/2024\/06\/bg-project.jpg);\n}\n<\/style>\n\t<\/section>\n\t\n<div class=\"row\"  id=\"row-1531665649\">\n\n\t<div id=\"col-1162766060\" class=\"col medium-12 small-12 large-6\"  >\n\t\t\t\t<div class=\"col-inner\"  >\n\t\t\t\n\t\t\t\n<h3><span style=\"color: #962d3e; font-size: 130%;\"><strong>T\u01b0 v\u1ea5n h\u1ee3p \u0111\u1ed3ng<\/strong><\/span><\/h3>\n<p style=\"text-align: justify;\"><span style=\"color: #962d3e;\"><strong>HTN CONS<\/strong><\/span> cung c\u1ea5p d\u1ecbch v\u1ee5 t\u01b0 v\u1ea5n H\u1ee3p \u0111\u1ed3ng nh\u1eb1m gi\u00fap kh\u00e1ch h\u00e0ng \u0111i\u1ec1u h\u01b0\u1edbng th\u1ebf gi\u1edbi h\u1ee3p \u0111\u1ed3ng ph\u1ee9c t\u1ea1p v\u00e0 bi\u1ebfn \u0111\u1ed5i kh\u00f4ng ng\u1eebng Ch\u00fang t\u00f4i l\u1eafng nghe kh\u00e1ch h\u00e0ng v\u00e0 h\u1ecfi kh\u00e1ch h\u00e0ng nh\u1eefng c\u00e2u h\u1ecfi ph\u00f9 h\u1ee3p \u0111\u1ec3 x\u00e1c \u0111\u1ecbnh m\u1ee5c ti\u00eau, th\u00e1ch th\u1ee9c v\u00e0 s\u1edf th\u00edch c\u1ee7a kh\u00e1ch h\u00e0ng. B\u1eb1ng c\u00e1ch l\u00e0m nh\u01b0 v\u1eady, ch\u00fang t\u00f4i c\u00f3 th\u1ec3 cung c\u1ea5p cho kh\u00e1ch h\u00e0ng c\u00e1c gi\u1ea3i ph\u00e1p ph\u00f9 h\u1ee3p, \u0111\u01b0\u1ee3c t\u00f9y ch\u1ec9nh v\u00e0 mang l\u1ea1i gi\u00e1 tr\u1ecb gia t\u0103ng.<\/p>\n<p style=\"text-align: justify;\">Ch\u00fang t\u00f4i cung c\u1ea5p h\u01b0\u1edbng d\u1eabn v\u00e0 h\u1ed7 tr\u1ee3 chuy\u00ean m\u00f4n v\u1ec1 t\u1ea5t c\u1ea3 c\u00e1c kh\u00eda c\u1ea1nh c\u1ee7a qu\u1ea3n l\u00fd h\u1ee3p \u0111\u1ed3ng, t\u1eeb so\u1ea1n th\u1ea3o v\u00e0 \u0111\u00e0m ph\u00e1n \u0111\u1ebfn th\u1ef1c hi\u1ec7n v\u00e0 tu\u00e2n th\u1ee7. Ch\u00fang t\u00f4i cung c\u1ea5p nh\u1eefng t\u01b0 v\u1ea5n \u0111\u1ed9c l\u1eadp, \u0111\u00e1ng tin c\u1eady v\u00e0 d\u1ef1a tr\u00ean th\u1ef1c t\u1ebf gi\u00fap kh\u00e1ch h\u00e0ng \u0111\u1ea1t \u0111\u01b0\u1ee3c m\u1ee5c ti\u00eau v\u00e0 gi\u1ea3m thi\u1ec3u r\u1ee7i ro. B\u1eb1ng c\u00e1ch \u00e1p d\u1ee5ng ki\u1ebfn th\u1ee9c v\u00e0 k\u1ef9 n\u0103ng c\u1ee7a m\u00ecnh v\u1ec1 lu\u1eadt h\u1ee3p \u0111\u1ed3ng, c\u00e1c quy \u0111\u1ecbnh v\u00e0 ti\u00eau chu\u1ea9n ng\u00e0nh, ch\u00fang t\u00f4i gi\u00fap kh\u00e1ch h\u00e0ng t\u1ed1i \u01b0u h\u00f3a vi\u1ec7c th\u1ef1c hi\u1ec7n h\u1ee3p \u0111\u1ed3ng, tr\u00e1nh nh\u1eefng c\u1ea1m b\u1eaby v\u00e0 gi\u1ea3i quy\u1ebft c\u00e1c v\u1ea5n \u0111\u1ec1 m\u1ed9t c\u00e1ch k\u1ecbp th\u1eddi v\u00e0 hi\u1ec7u qu\u1ea3, \u0111\u01b0a ra quy\u1ebft \u0111\u1ecbnh s\u00e1ng su\u1ed1t v\u00e0 b\u1ea3o v\u1ec7 l\u1ee3i \u00edch c\u1ee7a kh\u00e1ch h\u00e0ng.<\/p>\n\t\t<\/div>\n\t\t\t\t\t<\/div>\n\n\t\n\n\t<div id=\"col-1649701055\" class=\"col medium-12 small-12 large-6\"  >\n\t\t\t\t<div class=\"col-inner\"  >\n\t\t\t\n\t\t\t\n<h3><span style=\"color: #962d3e; font-size: 130%;\"><strong>D\u1ef1 \u00e1n<\/strong><\/span><\/h3>\n<div id=\"portfolio-76235775\" class=\"portfolio-element-wrapper has-filtering\">\n  \n    <div class=\"row large-columns-2 medium-columns-2 small-columns- row-small\" >\n    <div class=\"col\" data-terms=\"\" >\n          <div class=\"col-inner\" >\n          <a href=\"https:\/\/htn-cons.vn\/vi\/featured_item\/du-an-novaworld-phan-thiet\/\" class=\"plain \">\n          <div class=\"portfolio-box box has-hover box-overlay dark\">\n            <div class=\"box-image\" >\n                <div class=\"image-overlay-remove image-cover\" style=\"padding-top:100%;\">\n                <img loading=\"lazy\" decoding=\"async\" width=\"1100\" height=\"650\" src=\"https:\/\/htn-cons.vn\/wp-content\/uploads\/2024\/06\/17.jpg\" class=\"attachment-original size-original\" alt=\"\" srcset=\"https:\/\/htn-cons.vn\/wp-content\/uploads\/2024\/06\/17.jpg 1100w, https:\/\/htn-cons.vn\/wp-content\/uploads\/2024\/06\/17-300x177.jpg 300w, https:\/\/htn-cons.vn\/wp-content\/uploads\/2024\/06\/17-1024x605.jpg 1024w, https:\/\/htn-cons.vn\/wp-content\/uploads\/2024\/06\/17-768x454.jpg 768w\" sizes=\"auto, (max-width: 1100px) 100vw, 1100px\" \/>                <div class=\"overlay\" style=\"background-color:1\"><\/div>                                <\/div>\n            <\/div>\n            <div class=\"box-text text-center is-large\" >\n                  <div class=\"box-text-inner\">\n                      <h6 class=\"uppercase portfolio-box-title\">NOVAWORLD PHAN THI\u1ebeT<\/h6>\n                      <p class=\"uppercase portfolio-box-category is-xsmall op-6\">\n                        <span class=\"show-on-hover\">\n                                                 <\/span>\n                      <\/p>\n                  <\/div>\n            <\/div>\n           <\/div>\n           <\/a>\n           <\/div>\n           <\/div><div class=\"col\" data-terms=\"\" >\n          <div class=\"col-inner\" >\n          <a href=\"https:\/\/htn-cons.vn\/vi\/featured_item\/du-an-novaworld-ho-tram\/\" class=\"plain \">\n          <div class=\"portfolio-box box has-hover box-overlay dark\">\n            <div class=\"box-image\" >\n                <div class=\"image-overlay-remove image-cover\" style=\"padding-top:100%;\">\n                <img loading=\"lazy\" decoding=\"async\" width=\"1280\" height=\"852\" src=\"https:\/\/htn-cons.vn\/wp-content\/uploads\/2024\/06\/21.jpg\" class=\"attachment-original size-original\" alt=\"\" srcset=\"https:\/\/htn-cons.vn\/wp-content\/uploads\/2024\/06\/21.jpg 1280w, https:\/\/htn-cons.vn\/wp-content\/uploads\/2024\/06\/21-300x200.jpg 300w, https:\/\/htn-cons.vn\/wp-content\/uploads\/2024\/06\/21-1024x682.jpg 1024w, https:\/\/htn-cons.vn\/wp-content\/uploads\/2024\/06\/21-768x511.jpg 768w\" sizes=\"auto, (max-width: 1280px) 100vw, 1280px\" \/>                <div class=\"overlay\" style=\"background-color:1\"><\/div>                                <\/div>\n            <\/div>\n            <div class=\"box-text text-center is-large\" >\n                  <div class=\"box-text-inner\">\n                      <h6 class=\"uppercase portfolio-box-title\">NOVAWORLD H\u1ed2 TR\u00c0M<\/h6>\n                      <p class=\"uppercase portfolio-box-category is-xsmall op-6\">\n                        <span class=\"show-on-hover\">\n                                                 <\/span>\n                      <\/p>\n                  <\/div>\n            <\/div>\n           <\/div>\n           <\/a>\n           <\/div>\n           <\/div><div class=\"col\" data-terms=\"\" >\n          <div class=\"col-inner\" >\n          <a href=\"https:\/\/htn-cons.vn\/vi\/featured_item\/du-an-nha-may-giay-lac-ty-ii-hau-giang\/\" class=\"plain \">\n          <div class=\"portfolio-box box has-hover box-overlay dark\">\n            <div class=\"box-image\" >\n                <div class=\"image-overlay-remove image-cover\" style=\"padding-top:100%;\">\n                <img loading=\"lazy\" decoding=\"async\" width=\"1226\" height=\"690\" src=\"https:\/\/htn-cons.vn\/wp-content\/uploads\/2024\/06\/24.jpg\" class=\"attachment-original size-original\" alt=\"\" srcset=\"https:\/\/htn-cons.vn\/wp-content\/uploads\/2024\/06\/24.jpg 1226w, https:\/\/htn-cons.vn\/wp-content\/uploads\/2024\/06\/24-300x169.jpg 300w, https:\/\/htn-cons.vn\/wp-content\/uploads\/2024\/06\/24-1024x576.jpg 1024w, https:\/\/htn-cons.vn\/wp-content\/uploads\/2024\/06\/24-768x432.jpg 768w\" sizes=\"auto, (max-width: 1226px) 100vw, 1226px\" \/>                <div class=\"overlay\" style=\"background-color:1\"><\/div>                                <\/div>\n            <\/div>\n            <div class=\"box-text text-center is-large\" >\n                  <div class=\"box-text-inner\">\n                      <h6 class=\"uppercase portfolio-box-title\">NH\u00c0 M\u00c1Y GI\u00c0Y L\u1ea0C T\u1ef6 II \u2013 H\u1eacU GIANG<\/h6>\n                      <p class=\"uppercase portfolio-box-category is-xsmall op-6\">\n                        <span class=\"show-on-hover\">\n                                                 <\/span>\n                      <\/p>\n                  <\/div>\n            <\/div>\n           <\/div>\n           <\/a>\n           <\/div>\n           <\/div><div class=\"col\" data-terms=\"\" >\n          <div class=\"col-inner\" >\n          <a href=\"https:\/\/htn-cons.vn\/vi\/featured_item\/du-an-nha-may-giay-ty-xuan\/\" class=\"plain \">\n          <div class=\"portfolio-box box has-hover box-overlay dark\">\n            <div class=\"box-image\" >\n                <div class=\"image-overlay-remove image-cover\" style=\"padding-top:100%;\">\n                <img loading=\"lazy\" decoding=\"async\" width=\"821\" height=\"328\" src=\"https:\/\/htn-cons.vn\/wp-content\/uploads\/2024\/06\/25.png\" class=\"attachment-original size-original\" alt=\"\" srcset=\"https:\/\/htn-cons.vn\/wp-content\/uploads\/2024\/06\/25.png 821w, https:\/\/htn-cons.vn\/wp-content\/uploads\/2024\/06\/25-300x120.png 300w, https:\/\/htn-cons.vn\/wp-content\/uploads\/2024\/06\/25-768x307.png 768w\" sizes=\"auto, (max-width: 821px) 100vw, 821px\" \/>                <div class=\"overlay\" style=\"background-color:1\"><\/div>                                <\/div>\n            <\/div>\n            <div class=\"box-text text-center is-large\" >\n                  <div class=\"box-text-inner\">\n                      <h6 class=\"uppercase portfolio-box-title\">NH\u00c0 M\u00c1Y GI\u00c0Y T\u1ef6 XU\u00c2N &#8211; V\u0128NH LONG<\/h6>\n                      <p class=\"uppercase portfolio-box-category is-xsmall op-6\">\n                        <span class=\"show-on-hover\">\n                                                 <\/span>\n                      <\/p>\n                  <\/div>\n            <\/div>\n           <\/div>\n           <\/a>\n           <\/div>\n           <\/div><div class=\"col\" data-terms=\"\" >\n          <div class=\"col-inner\" >\n          <a href=\"https:\/\/htn-cons.vn\/vi\/featured_item\/du-an-nha-may-san-xuat-pho-mai-bel-viet-nam-binh-duong\/\" class=\"plain \">\n          <div class=\"portfolio-box box has-hover box-overlay dark\">\n            <div class=\"box-image\" >\n                <div class=\"image-overlay-remove image-cover\" style=\"padding-top:100%;\">\n                <img loading=\"lazy\" decoding=\"async\" width=\"512\" height=\"384\" src=\"https:\/\/htn-cons.vn\/wp-content\/uploads\/2024\/06\/26.jpg\" class=\"attachment-original size-original\" alt=\"\" srcset=\"https:\/\/htn-cons.vn\/wp-content\/uploads\/2024\/06\/26.jpg 512w, https:\/\/htn-cons.vn\/wp-content\/uploads\/2024\/06\/26-300x225.jpg 300w\" sizes=\"auto, (max-width: 512px) 100vw, 512px\" \/>                <div class=\"overlay\" style=\"background-color:1\"><\/div>                                <\/div>\n            <\/div>\n            <div class=\"box-text text-center is-large\" >\n                  <div class=\"box-text-inner\">\n                      <h6 class=\"uppercase portfolio-box-title\">NH\u00c0 M\u00c1Y S\u1ea2N XU\u1ea4T PH\u00d4 MAI \u2013 BEL VI\u1ec6T NAM (B\u00ccNH D\u01af\u01a0NG)<\/h6>\n                      <p class=\"uppercase portfolio-box-category is-xsmall op-6\">\n                        <span class=\"show-on-hover\">\n                                                 <\/span>\n                      <\/p>\n                  <\/div>\n            <\/div>\n           <\/div>\n           <\/a>\n           <\/div>\n           <\/div><div class=\"col\" data-terms=\"\" >\n          <div class=\"col-inner\" >\n          <a href=\"https:\/\/htn-cons.vn\/vi\/featured_item\/du-an-novahills-mui-ne-resort-villas-centara-mirage-resort-mui-ne\/\" class=\"plain \">\n          <div class=\"portfolio-box box has-hover box-overlay dark\">\n            <div class=\"box-image\" >\n                <div class=\"image-overlay-remove image-cover\" style=\"padding-top:100%;\">\n                <img loading=\"lazy\" decoding=\"async\" width=\"800\" height=\"493\" src=\"https:\/\/htn-cons.vn\/wp-content\/uploads\/2024\/06\/14.jpg\" class=\"attachment-original size-original\" alt=\"\" srcset=\"https:\/\/htn-cons.vn\/wp-content\/uploads\/2024\/06\/14.jpg 800w, https:\/\/htn-cons.vn\/wp-content\/uploads\/2024\/06\/14-300x185.jpg 300w, https:\/\/htn-cons.vn\/wp-content\/uploads\/2024\/06\/14-768x473.jpg 768w\" sizes=\"auto, (max-width: 800px) 100vw, 800px\" \/>                <div class=\"overlay\" style=\"background-color:1\"><\/div>                                <\/div>\n            <\/div>\n            <div class=\"box-text text-center is-large\" >\n                  <div class=\"box-text-inner\">\n                      <h6 class=\"uppercase portfolio-box-title\">NOVAHILLS M\u0168I N\u00c9 RESORT &amp; VILLAS &#8211; CENTARA MIRAGE RESORT M\u0168I N\u00c9<\/h6>\n                      <p class=\"uppercase portfolio-box-category is-xsmall op-6\">\n                        <span class=\"show-on-hover\">\n                                                 <\/span>\n                      <\/p>\n                  <\/div>\n            <\/div>\n           <\/div>\n           <\/a>\n           <\/div>\n           <\/div><div class=\"col\" data-terms=\"\" >\n          <div class=\"col-inner\" >\n          <a href=\"https:\/\/htn-cons.vn\/vi\/featured_item\/du-an-britannia-residential-phase-2b-london\/\" class=\"plain \">\n          <div class=\"portfolio-box box has-hover box-overlay dark\">\n            <div class=\"box-image\" >\n                <div class=\"image-overlay-remove image-cover\" style=\"padding-top:100%;\">\n                <img loading=\"lazy\" decoding=\"async\" width=\"960\" height=\"640\" src=\"https:\/\/htn-cons.vn\/wp-content\/uploads\/2024\/06\/1-1.jpg\" class=\"attachment-original size-original\" alt=\"\" srcset=\"https:\/\/htn-cons.vn\/wp-content\/uploads\/2024\/06\/1-1.jpg 960w, https:\/\/htn-cons.vn\/wp-content\/uploads\/2024\/06\/1-1-300x200.jpg 300w, https:\/\/htn-cons.vn\/wp-content\/uploads\/2024\/06\/1-1-768x512.jpg 768w\" sizes=\"auto, (max-width: 960px) 100vw, 960px\" \/>                <div class=\"overlay\" style=\"background-color:1\"><\/div>                                <\/div>\n            <\/div>\n            <div class=\"box-text text-center is-large\" >\n                  <div class=\"box-text-inner\">\n                      <h6 class=\"uppercase portfolio-box-title\">BRITANNIA RESIDENTIAL PHASE 2B &#8211; LONDON<\/h6>\n                      <p class=\"uppercase portfolio-box-category is-xsmall op-6\">\n                        <span class=\"show-on-hover\">\n                                                 <\/span>\n                      <\/p>\n                  <\/div>\n            <\/div>\n           <\/div>\n           <\/a>\n           <\/div>\n           <\/div><div class=\"col\" data-terms=\"\" >\n          <div class=\"col-inner\" >\n          <a href=\"https:\/\/htn-cons.vn\/vi\/featured_item\/du-an-eastfields-phase-1a-london\/\" class=\"plain \">\n          <div class=\"portfolio-box box has-hover box-overlay dark\">\n            <div class=\"box-image\" >\n                <div class=\"image-overlay-remove image-cover\" style=\"padding-top:100%;\">\n                <img loading=\"lazy\" decoding=\"async\" width=\"1212\" height=\"840\" src=\"https:\/\/htn-cons.vn\/wp-content\/uploads\/2024\/06\/3.jpg\" class=\"attachment-original size-original\" alt=\"\" srcset=\"https:\/\/htn-cons.vn\/wp-content\/uploads\/2024\/06\/3.jpg 1212w, https:\/\/htn-cons.vn\/wp-content\/uploads\/2024\/06\/3-300x208.jpg 300w, https:\/\/htn-cons.vn\/wp-content\/uploads\/2024\/06\/3-1024x710.jpg 1024w, https:\/\/htn-cons.vn\/wp-content\/uploads\/2024\/06\/3-768x532.jpg 768w\" sizes=\"auto, (max-width: 1212px) 100vw, 1212px\" \/>                <div class=\"overlay\" style=\"background-color:1\"><\/div>                                <\/div>\n            <\/div>\n            <div class=\"box-text text-center is-large\" >\n                  <div class=\"box-text-inner\">\n                      <h6 class=\"uppercase portfolio-box-title\">EASTFIELDS PHASE 1A &#8211; LONDON<\/h6>\n                      <p class=\"uppercase portfolio-box-category is-xsmall op-6\">\n                        <span class=\"show-on-hover\">\n                                                 <\/span>\n                      <\/p>\n                  <\/div>\n            <\/div>\n           <\/div>\n           <\/a>\n           <\/div>\n           <\/div><\/div><\/div>\n\t\t<\/div>\n\t\t\t\t\t<\/div>\n\n\t\n<\/div>\n","protected":false},"excerpt":{"rendered":"","protected":false},"author":1,"featured_media":0,"parent":372,"menu_order":0,"comment_status":"closed","ping_status":"closed","template":"page-blank.php","meta":{"_acf_changed":false,"footnotes":""},"class_list":["post-428","page","type-page","status-publish","hentry"],"acf":[],"_links":{"self":[{"href":"https:\/\/htn-cons.vn\/vi\/wp-json\/wp\/v2\/pages\/428","targetHints":{"allow":["GET"]}}],"collection":[{"href":"https:\/\/htn-cons.vn\/vi\/wp-json\/wp\/v2\/pages"}],"about":[{"href":"https:\/\/htn-cons.vn\/vi\/wp-json\/wp\/v2\/types\/page"}],"author":[{"embeddable":true,"href":"https:\/\/htn-cons.vn\/vi\/wp-json\/wp\/v2\/users\/1"}],"replies":[{"embeddable":true,"href":"https:\/\/htn-cons.vn\/vi\/wp-json\/wp\/v2\/comments?post=428"}],"version-history":[{"count":5,"href":"https:\/\/htn-cons.vn\/vi\/wp-json\/wp\/v2\/pages\/428\/revisions"}],"predecessor-version":[{"id":593,"href":"https:\/\/htn-cons.vn\/vi\/wp-json\/wp\/v2\/pages\/428\/revisions\/593"}],"up":[{"embeddable":true,"href":"https:\/\/htn-cons.vn\/vi\/wp-json\/wp\/v2\/pages\/372"}],"wp:attachment":[{"href":"https:\/\/htn-cons.vn\/vi\/wp-json\/wp\/v2\/media?parent=428"}],"curies":[{"name":"wp","href":"https:\/\/api.w.org\/{rel}","templated":true}]}}