{"id":425,"date":"2024-06-13T15:27:04","date_gmt":"2024-06-13T08:27:04","guid":{"rendered":"https:\/\/htn-cons.vn\/dich-vu\/quan-ly-du-an\/"},"modified":"2024-06-24T08:15:05","modified_gmt":"2024-06-24T01:15:05","slug":"quan-ly-du-an","status":"publish","type":"page","link":"https:\/\/htn-cons.vn\/vi\/dich-vu\/quan-ly-du-an\/","title":{"rendered":"Qu\u1ea3n l\u00fd d\u1ef1 \u00e1n"},"content":{"rendered":"\t<section class=\"section\" id=\"section_272825590\">\n\t\t<div class=\"bg section-bg fill bg-fill  \" >\n\n\t\t\t\n\t\t\t\n\t\t\t\n\n\t\t<\/div>\n\n\t\t\n\n\t\t<div class=\"section-content relative\">\n\t\t\t\n\t\t<\/div>\n\n\t\t\n<style>\n#section_272825590 {\n  padding-top: 30px;\n  padding-bottom: 30px;\n  min-height: 150px;\n}\n#section_272825590 .section-bg.bg-loaded {\n  background-image: url(https:\/\/htn-cons.vn\/wp-content\/uploads\/2024\/06\/bg-project.jpg);\n}\n<\/style>\n\t<\/section>\n\t\n<div class=\"row\"  id=\"row-235394741\">\n\n\t<div id=\"col-1771270349\" class=\"col medium-12 small-12 large-6\"  >\n\t\t\t\t<div class=\"col-inner\"  >\n\t\t\t\n\t\t\t\n<h3><span style=\"color: #962d3e; font-size: 130%;\"><strong>Qu\u1ea3n l\u00fd d\u1ef1 \u00e1n<\/strong><\/span><\/h3>\n<p style=\"text-align: justify;\">Ch\u00fang t\u00f4i s\u1eed d\u1ee5ng m\u1ed9t ph\u01b0\u01a1ng ph\u00e1p \u0111\u00e3 \u0111\u01b0\u1ee3c th\u1eed nghi\u1ec7m v\u00e0 ki\u1ec3m nghi\u1ec7m \u0111\u1ec3 mang l\u1ea1i k\u1ebft qu\u1ea3 t\u1ed1t nh\u1ea5t c\u00f3 th\u1ec3 cho c\u00e1c d\u1ef1 \u00e1n c\u1ee7a m\u00ecnh cho d\u00f9 \u0111\u00f3 l\u00e0 d\u1ef1 \u00e1n m\u1edbi hay d\u1ef1 \u00e1n ph\u1ee5c h\u1ed3i. V\u1edbi t\u01b0 c\u00e1ch l\u00e0 m\u1ed9t nh\u00f3m, ch\u00fang t\u00f4i \u0111a ng\u00e0nh v\u00e0 bao g\u1ed3m nhi\u1ec1u l\u0129nh v\u1ef1c. Ch\u00fang t\u00f4i \u0111\u1ea3m b\u1ea3o r\u1eb1ng m\u1ed9t gi\u00e1m \u0111\u1ed1c d\u1ef1 \u00e1n c\u1ea5p cao v\u00e0 chuy\u00ean m\u00f4n lu\u00f4n c\u00f3 m\u1eb7t v\u00e0 s\u1eb5n s\u00e0ng cho m\u1ecdi d\u1ef1 \u00e1n b\u1ea5t k\u1ec3 ph\u1ea1m vi v\u00e0 quy m\u00f4.<\/p>\n<p>C\u00e1c d\u1ecbch v\u1ee5 c\u1ed1t l\u00f5i c\u1ee7a ch\u00fang t\u00f4i v\u1ec1 qu\u1ea3n l\u00fd kh\u1ed1i l\u01b0\u1ee3ng bao g\u1ed3m:<\/p>\n<ul>\n<li>Qu\u1ea3n l\u00fd ti\u1ebfn \u0111\u1ed9, qu\u1ea3n l\u00fd ch\u1ea5t l\u01b0\u1ee3ng<\/li>\n<li>Qu\u1ea3n l\u00fd chi ph\u00ed<\/li>\n<li>Qu\u1ea3n l\u00fd an to\u00e0n lao \u0111\u1ed9ng v\u00e0 m\u00f4i tr\u01b0\u1eddng x\u00e2y d\u1ef1ng.<\/li>\n<li>Qu\u1ea3n l\u00fd r\u1ee7i ro.<\/li>\n<li>C\u00e1c n\u1ed9i dung qu\u1ea3n l\u00fd kh\u00e1c.<\/li>\n<\/ul>\n<p>Chi ti\u1ebft nh\u01b0 sau:<\/p>\n<ul>\n<li style=\"text-align: justify;\">\u0110\u00e1nh gi\u00e1 t\u00ecnh tr\u1ea1ng hi\u1ec7n t\u1ea1i c\u1ee7a vi\u1ec7c th\u1ef1c hi\u1ec7n d\u1ef1 \u00e1n v\u00e0 n\u1eafm r\u00f5 c\u00e1c quy tr\u00ecnh th\u1ef1c hi\u1ec7n d\u1ef1 \u00e1n \u0111\u1ec3 l\u1eadp k\u1ebf ho\u1ea1ch qu\u1ea3n l\u00fd v\u00e0 ki\u1ec3m so\u00e1t d\u1ef1 \u00e1n<\/li>\n<li style=\"text-align: justify;\">\u0110\u00e1nh gi\u00e1 c\u00e1c thay \u0111\u1ed5i li\u00ean quan \u0111\u1ebfn thi\u1ebft k\u1ebf , thi c\u00f4ng x\u00e2y d\u1ef1ng, mua s\u1eafm v\u1eadt t\u01b0, thi\u1ebft b\u1ecb, an to\u00e0n lao \u0111\u1ed9ng , v\u1ec7 sinh m\u1ed1i tr\u01b0\u1eddng v\u00e0 ph\u00f2ng ch\u1ed1ng ch\u00e1y, n\u1ed5, ch\u1ea1y th\u1eed nghi\u1ec7m thu v\u00e0 b\u00e0n giao c\u00f4ng tr\u00ecnh, \u0111\u00e0o t\u1ea1o v\u1eadn h\u00e0nh: \u0111\u1ec1 xu\u1ea5t cho Ch\u1ee7 \u0111\u1ea7u t\u01b0 c\u00e1c bi\u1ec7n ph\u00e1p th\u00edch h\u1ee3p \u0111\u1ec3 \u0111\u1ea3m b\u1ea3o c\u00e1c thay \u0111\u1ed5i tr\u00ean kh\u00f4ng \u1ea3nh h\u01b0\u1edfng \u0111\u1ebfn an to\u00e0n, ch\u1ea5t l\u01b0\u1ee3ng v\u00e0 ti\u1ebfn \u0111\u1ed9 th\u1ef1c hi\u1ec7n d\u1ef1 \u00e1n<\/li>\n<li style=\"text-align: justify;\">L\u1eadp h\u1ed3 s\u01a1 m\u1eddi th\u1ea7u, t\u01b0 v\u1ea5n l\u1ef1a ch\u1ecdn nh\u00e0 th\u1ea7u<\/li>\n<li style=\"text-align: justify;\">Ki\u1ec3m tra, \u0111i\u1ec1u h\u00e0nh ti\u1ebfn \u0111\u1ed9 v\u00e0 ch\u1ea5t l\u01b0\u1ee3ng th\u1ef1c hi\u1ec7n h\u1ee3p \u0111\u1ed3ng c\u1ee7a c\u00e1c nh\u00e0 th\u1ea7u theo \u0111\u00fang h\u1ee3p \u0111\u1ed3ng \u0111\u00e3 k\u00fd<\/li>\n<li style=\"text-align: justify;\">Xem x\u00e9t, ki\u1ec3m tra c\u00e1c t\u00e0i li\u1ec7u c\u1ee7a c\u00e1c nh\u00e0 th\u1ea7u, c\u00e1c nh\u00e0 t\u01b0 v\u1ea5n.<\/li>\n<li style=\"text-align: justify;\">Gi\u00e1m s\u00e1t v\u00e0 \u0111i\u1ec1u h\u00e0nh c\u00e1c nh\u00e0 th\u1ea7u th\u1ef1c hi\u1ec7n ti\u1ebfn \u0111\u1ed9 do c\u00e1c nh\u00e0 th\u1ea7u kh\u00e1c l\u1eadp v\u00e0 hi\u1ec7u ch\u1ec9nh, l\u1eadp l\u1ea1i ti\u1ebfn \u0111\u1ed9 th\u1ef1c hi\u1ec7n d\u1ef1 \u00e1n (n\u1ebfu c\u1ea7n thi\u1ebft) ph\u00f9 h\u1ee3p v\u1edbi t\u1ed5ng ti\u1ebfn \u0111\u1ed9 v\u00e0 c\u00e1c m\u1ed1c quan tr\u1ecdng \u0111\u00e3 \u0111\u01b0\u1ee3c duy\u1ec7t<\/li>\n<li style=\"text-align: justify;\">Theo d\u00f5i, \u0111\u00e1nh gi\u00e1 v\u00e0 b\u00e1o c\u00e1o m\u1ee9c \u0111\u1ed9 ho\u00e0n th\u00e0nh ti\u1ebfn \u0111\u1ed9 c\u1ee7a c\u00e1c nh\u00e0 th\u1ea7u.<\/li>\n<li style=\"text-align: justify;\">X\u1eed l\u00fd khi c\u00f3 ch\u1eadm tr\u1ec5 v\u00e0 c\u00f3 bi\u1ec7n ph\u00e1p x\u00e1c th\u1ef1c nh\u1eb1m ho\u00e0n th\u00e0nh \u0111\u00fang ti\u1ebfn \u0111\u1ed9 \u0111\u00e3 cam k\u1ebft v\u1edbi Ch\u1ee7 \u0111\u1ea7u t\u01b0<\/li>\n<li style=\"text-align: justify;\">Gi\u00e1m s\u00e1t v\u00e0 \u0111i\u1ec1u h\u00e0nh c\u00e1c nh\u00e0 th\u1ea7u th\u1ef1c hi\u1ec7n c\u00e1c c\u00f4ng vi\u1ec7c ph\u00f9 h\u1ee3p v\u1edbi c\u00e1c m\u1ed1c v\u00e0 c\u00e1c kho\u1ea3ng th\u1eddi gian quan tr\u1ecdng c\u1ee7a d\u1ef1 \u00e1n<\/li>\n<li style=\"text-align: justify;\">Xem x\u00e9t, ki\u1ec3m tra bi\u1ec7n ph\u00e1p t\u1ed5 ch\u1ee9c thi c\u00f4ng, k\u1ebf ho\u1ea1ch ch\u1ea5t l\u01b0\u1ee3ng c\u1ee7a nh\u00e0 th\u1ea7u<\/li>\n<li style=\"text-align: justify;\">Qu\u1ea3n l\u00fd r\u1ee7i ro li\u00ean quan \u0111\u1ebfn d\u1ef1 \u00e1n<\/li>\n<li style=\"text-align: justify;\">L\u1eadp, ki\u1ec3m tra, \u0111i\u1ec1u h\u00e0nh k\u1ebf ho\u1ea1ch v\u00e0 c\u00e1c \u0111i\u1ec1u ki\u1ec7n \u0111\u1ec3 ti\u1ebfn h\u00e0nh th\u00ed nghi\u1ec7m, ki\u1ec3m \u0111\u1ecbnh, ch\u1ea1y th\u1eed, nghi\u1ec7m thu cho ph\u00f9 h\u1ee3p v\u1edbi t\u1ed5ng ti\u1ebfn \u0111\u1ed9<\/li>\n<li style=\"text-align: justify;\">Ki\u1ec3m tra, gi\u00e1m s\u00e1t, \u0111\u00f4n \u0111\u1ed1c vi\u1ec7c l\u1eadp v\u00e0 th\u1ef1c hi\u1ec7n c\u00e1c bi\u1ec7n ph\u00e1p nh\u1eb1m b\u1ea3o \u0111\u1ea3m c\u00f4ng t\u00e1c an to\u00e0n lao \u0111\u1ed9ng, v\u1ec7 sinh m\u00f4i tr\u01b0\u1eddng v\u00e0 ph\u00f2ng ch\u1ed1ng ch\u00e1y, n\u1ed5 c\u1ee7a c\u00e1c nh\u00e0 th\u1ea7u<\/li>\n<li style=\"text-align: justify;\">Th\u00f4ng b\u00e1o cho c\u00e1c Ch\u1ee7 \u0111\u1ea7u t\u01b0 v\u1ec1 t\u00ednh \u0111\u1ea7y \u0111\u1ee7 c\u1ee7a c\u00e1c c\u00f4ng vi\u1ec7c tr\u01b0\u1edbc khi ti\u1ebfn h\u00e0nh nghi\u1ec7m thu<\/li>\n<li style=\"text-align: justify;\">Ki\u1ec3m tra k\u1ebf ho\u1ea1ch, \u0111i\u1ec1u h\u00e0nh qu\u00e1 tr\u00ecnh \u0111\u00e0o t\u1ea1o c\u1ee7a c\u00e1c nh\u00e0 th\u1ea7u \u0111\u00e0o t\u1ea1o, h\u01b0\u1edbng d\u1eabn v\u1eadn h\u00e0nh v\u00e0 chuy\u1ec3n giao c\u00f4ng ngh\u1ec7 c\u1ee7a c\u00e1c nh\u00e0 th\u1ea7u<\/li>\n<li style=\"text-align: justify;\">V\u00e0 nh\u1eefng c\u00f4ng vi\u1ec7c li\u00ean quan kh\u00e1c\u2026<\/li>\n<\/ul>\n\t\t<\/div>\n\t\t\t\t\t<\/div>\n\n\t\n\n\t<div id=\"col-884829188\" class=\"col medium-12 small-12 large-6\"  >\n\t\t\t\t<div class=\"col-inner\"  >\n\t\t\t\n\t\t\t\n<h3><span style=\"color: #962d3e; font-size: 130%;\"><strong>D\u1ef1 \u00e1n<\/strong><\/span><\/h3>\n<div id=\"portfolio-767981767\" class=\"portfolio-element-wrapper has-filtering\">\n  \n    <div class=\"row large-columns-2 medium-columns-2 small-columns- row-small\" >\n    <div class=\"col\" data-terms=\"\" >\n          <div class=\"col-inner\" >\n          <a href=\"https:\/\/htn-cons.vn\/vi\/featured_item\/du-an-novaworld-phan-thiet\/\" class=\"plain \">\n          <div class=\"portfolio-box box has-hover box-overlay dark\">\n            <div class=\"box-image\" >\n                <div class=\"image-overlay-remove image-cover\" style=\"padding-top:100%;\">\n                <img loading=\"lazy\" decoding=\"async\" width=\"1100\" height=\"650\" src=\"https:\/\/htn-cons.vn\/wp-content\/uploads\/2024\/06\/17.jpg\" class=\"attachment-original size-original\" alt=\"\" srcset=\"https:\/\/htn-cons.vn\/wp-content\/uploads\/2024\/06\/17.jpg 1100w, https:\/\/htn-cons.vn\/wp-content\/uploads\/2024\/06\/17-300x177.jpg 300w, https:\/\/htn-cons.vn\/wp-content\/uploads\/2024\/06\/17-1024x605.jpg 1024w, https:\/\/htn-cons.vn\/wp-content\/uploads\/2024\/06\/17-768x454.jpg 768w\" sizes=\"auto, (max-width: 1100px) 100vw, 1100px\" \/>                <div class=\"overlay\" style=\"background-color:1\"><\/div>                                <\/div>\n            <\/div>\n            <div class=\"box-text text-center is-large\" >\n                  <div class=\"box-text-inner\">\n                      <h6 class=\"uppercase portfolio-box-title\">NOVAWORLD PHAN THI\u1ebeT<\/h6>\n                      <p class=\"uppercase portfolio-box-category is-xsmall op-6\">\n                        <span class=\"show-on-hover\">\n                                                 <\/span>\n                      <\/p>\n                  <\/div>\n            <\/div>\n           <\/div>\n           <\/a>\n           <\/div>\n           <\/div><div class=\"col\" data-terms=\"\" >\n          <div class=\"col-inner\" >\n          <a href=\"https:\/\/htn-cons.vn\/vi\/featured_item\/du-an-novaworld-ho-tram\/\" class=\"plain \">\n          <div class=\"portfolio-box box has-hover box-overlay dark\">\n            <div class=\"box-image\" >\n                <div class=\"image-overlay-remove image-cover\" style=\"padding-top:100%;\">\n                <img loading=\"lazy\" decoding=\"async\" width=\"1280\" height=\"852\" src=\"https:\/\/htn-cons.vn\/wp-content\/uploads\/2024\/06\/21.jpg\" class=\"attachment-original size-original\" alt=\"\" srcset=\"https:\/\/htn-cons.vn\/wp-content\/uploads\/2024\/06\/21.jpg 1280w, https:\/\/htn-cons.vn\/wp-content\/uploads\/2024\/06\/21-300x200.jpg 300w, https:\/\/htn-cons.vn\/wp-content\/uploads\/2024\/06\/21-1024x682.jpg 1024w, https:\/\/htn-cons.vn\/wp-content\/uploads\/2024\/06\/21-768x511.jpg 768w\" sizes=\"auto, (max-width: 1280px) 100vw, 1280px\" \/>                <div class=\"overlay\" style=\"background-color:1\"><\/div>                                <\/div>\n            <\/div>\n            <div class=\"box-text text-center is-large\" >\n                  <div class=\"box-text-inner\">\n                      <h6 class=\"uppercase portfolio-box-title\">NOVAWORLD H\u1ed2 TR\u00c0M<\/h6>\n                      <p class=\"uppercase portfolio-box-category is-xsmall op-6\">\n                        <span class=\"show-on-hover\">\n                                                 <\/span>\n                      <\/p>\n                  <\/div>\n            <\/div>\n           <\/div>\n           <\/a>\n           <\/div>\n           <\/div><div class=\"col\" data-terms=\"\" >\n          <div class=\"col-inner\" >\n          <a href=\"https:\/\/htn-cons.vn\/vi\/featured_item\/du-an-nha-may-giay-lac-ty-ii-hau-giang\/\" class=\"plain \">\n          <div class=\"portfolio-box box has-hover box-overlay dark\">\n            <div class=\"box-image\" >\n                <div class=\"image-overlay-remove image-cover\" style=\"padding-top:100%;\">\n                <img loading=\"lazy\" decoding=\"async\" width=\"1226\" height=\"690\" src=\"https:\/\/htn-cons.vn\/wp-content\/uploads\/2024\/06\/24.jpg\" class=\"attachment-original size-original\" alt=\"\" srcset=\"https:\/\/htn-cons.vn\/wp-content\/uploads\/2024\/06\/24.jpg 1226w, https:\/\/htn-cons.vn\/wp-content\/uploads\/2024\/06\/24-300x169.jpg 300w, https:\/\/htn-cons.vn\/wp-content\/uploads\/2024\/06\/24-1024x576.jpg 1024w, https:\/\/htn-cons.vn\/wp-content\/uploads\/2024\/06\/24-768x432.jpg 768w\" sizes=\"auto, (max-width: 1226px) 100vw, 1226px\" \/>                <div class=\"overlay\" style=\"background-color:1\"><\/div>                                <\/div>\n            <\/div>\n            <div class=\"box-text text-center is-large\" >\n                  <div class=\"box-text-inner\">\n                      <h6 class=\"uppercase portfolio-box-title\">NH\u00c0 M\u00c1Y GI\u00c0Y L\u1ea0C T\u1ef6 II \u2013 H\u1eacU GIANG<\/h6>\n                      <p class=\"uppercase portfolio-box-category is-xsmall op-6\">\n                        <span class=\"show-on-hover\">\n                                                 <\/span>\n                      <\/p>\n                  <\/div>\n            <\/div>\n           <\/div>\n           <\/a>\n           <\/div>\n           <\/div><div class=\"col\" data-terms=\"\" >\n          <div class=\"col-inner\" >\n          <a href=\"https:\/\/htn-cons.vn\/vi\/featured_item\/du-an-nha-may-giay-ty-xuan\/\" class=\"plain \">\n          <div class=\"portfolio-box box has-hover box-overlay dark\">\n            <div class=\"box-image\" >\n                <div class=\"image-overlay-remove image-cover\" style=\"padding-top:100%;\">\n                <img loading=\"lazy\" decoding=\"async\" width=\"821\" height=\"328\" src=\"https:\/\/htn-cons.vn\/wp-content\/uploads\/2024\/06\/25.png\" class=\"attachment-original size-original\" alt=\"\" srcset=\"https:\/\/htn-cons.vn\/wp-content\/uploads\/2024\/06\/25.png 821w, https:\/\/htn-cons.vn\/wp-content\/uploads\/2024\/06\/25-300x120.png 300w, https:\/\/htn-cons.vn\/wp-content\/uploads\/2024\/06\/25-768x307.png 768w\" sizes=\"auto, (max-width: 821px) 100vw, 821px\" \/>                <div class=\"overlay\" style=\"background-color:1\"><\/div>                                <\/div>\n            <\/div>\n            <div class=\"box-text text-center is-large\" >\n                  <div class=\"box-text-inner\">\n                      <h6 class=\"uppercase portfolio-box-title\">NH\u00c0 M\u00c1Y GI\u00c0Y T\u1ef6 XU\u00c2N &#8211; V\u0128NH LONG<\/h6>\n                      <p class=\"uppercase portfolio-box-category is-xsmall op-6\">\n                        <span class=\"show-on-hover\">\n                                                 <\/span>\n                      <\/p>\n                  <\/div>\n            <\/div>\n           <\/div>\n           <\/a>\n           <\/div>\n           <\/div><div class=\"col\" data-terms=\"\" >\n          <div class=\"col-inner\" >\n          <a href=\"https:\/\/htn-cons.vn\/vi\/featured_item\/du-an-nha-may-san-xuat-pho-mai-bel-viet-nam-binh-duong\/\" class=\"plain \">\n          <div class=\"portfolio-box box has-hover box-overlay dark\">\n            <div class=\"box-image\" >\n                <div class=\"image-overlay-remove image-cover\" style=\"padding-top:100%;\">\n                <img loading=\"lazy\" decoding=\"async\" width=\"512\" height=\"384\" src=\"https:\/\/htn-cons.vn\/wp-content\/uploads\/2024\/06\/26.jpg\" class=\"attachment-original size-original\" alt=\"\" srcset=\"https:\/\/htn-cons.vn\/wp-content\/uploads\/2024\/06\/26.jpg 512w, https:\/\/htn-cons.vn\/wp-content\/uploads\/2024\/06\/26-300x225.jpg 300w\" sizes=\"auto, (max-width: 512px) 100vw, 512px\" \/>                <div class=\"overlay\" style=\"background-color:1\"><\/div>                                <\/div>\n            <\/div>\n            <div class=\"box-text text-center is-large\" >\n                  <div class=\"box-text-inner\">\n                      <h6 class=\"uppercase portfolio-box-title\">NH\u00c0 M\u00c1Y S\u1ea2N XU\u1ea4T PH\u00d4 MAI \u2013 BEL VI\u1ec6T NAM (B\u00ccNH D\u01af\u01a0NG)<\/h6>\n                      <p class=\"uppercase portfolio-box-category is-xsmall op-6\">\n                        <span class=\"show-on-hover\">\n                                                 <\/span>\n                      <\/p>\n                  <\/div>\n            <\/div>\n           <\/div>\n           <\/a>\n           <\/div>\n           <\/div><div class=\"col\" data-terms=\"\" >\n          <div class=\"col-inner\" >\n          <a href=\"https:\/\/htn-cons.vn\/vi\/featured_item\/du-an-novahills-mui-ne-resort-villas-centara-mirage-resort-mui-ne\/\" class=\"plain \">\n          <div class=\"portfolio-box box has-hover box-overlay dark\">\n            <div class=\"box-image\" >\n                <div class=\"image-overlay-remove image-cover\" style=\"padding-top:100%;\">\n                <img loading=\"lazy\" decoding=\"async\" width=\"800\" height=\"493\" src=\"https:\/\/htn-cons.vn\/wp-content\/uploads\/2024\/06\/14.jpg\" class=\"attachment-original size-original\" alt=\"\" srcset=\"https:\/\/htn-cons.vn\/wp-content\/uploads\/2024\/06\/14.jpg 800w, https:\/\/htn-cons.vn\/wp-content\/uploads\/2024\/06\/14-300x185.jpg 300w, https:\/\/htn-cons.vn\/wp-content\/uploads\/2024\/06\/14-768x473.jpg 768w\" sizes=\"auto, (max-width: 800px) 100vw, 800px\" \/>                <div class=\"overlay\" style=\"background-color:1\"><\/div>                                <\/div>\n            <\/div>\n            <div class=\"box-text text-center is-large\" >\n                  <div class=\"box-text-inner\">\n                      <h6 class=\"uppercase portfolio-box-title\">NOVAHILLS M\u0168I N\u00c9 RESORT &amp; VILLAS &#8211; CENTARA MIRAGE RESORT M\u0168I N\u00c9<\/h6>\n                      <p class=\"uppercase portfolio-box-category is-xsmall op-6\">\n                        <span class=\"show-on-hover\">\n                                                 <\/span>\n                      <\/p>\n                  <\/div>\n            <\/div>\n           <\/div>\n           <\/a>\n           <\/div>\n           <\/div><div class=\"col\" data-terms=\"\" >\n          <div class=\"col-inner\" >\n          <a href=\"https:\/\/htn-cons.vn\/vi\/featured_item\/du-an-britannia-residential-phase-2b-london\/\" class=\"plain \">\n          <div class=\"portfolio-box box has-hover box-overlay dark\">\n            <div class=\"box-image\" >\n                <div class=\"image-overlay-remove image-cover\" style=\"padding-top:100%;\">\n                <img loading=\"lazy\" decoding=\"async\" width=\"960\" height=\"640\" src=\"https:\/\/htn-cons.vn\/wp-content\/uploads\/2024\/06\/1-1.jpg\" class=\"attachment-original size-original\" alt=\"\" srcset=\"https:\/\/htn-cons.vn\/wp-content\/uploads\/2024\/06\/1-1.jpg 960w, https:\/\/htn-cons.vn\/wp-content\/uploads\/2024\/06\/1-1-300x200.jpg 300w, https:\/\/htn-cons.vn\/wp-content\/uploads\/2024\/06\/1-1-768x512.jpg 768w\" sizes=\"auto, (max-width: 960px) 100vw, 960px\" \/>                <div class=\"overlay\" style=\"background-color:1\"><\/div>                                <\/div>\n            <\/div>\n            <div class=\"box-text text-center is-large\" >\n                  <div class=\"box-text-inner\">\n                      <h6 class=\"uppercase portfolio-box-title\">BRITANNIA RESIDENTIAL PHASE 2B &#8211; LONDON<\/h6>\n                      <p class=\"uppercase portfolio-box-category is-xsmall op-6\">\n                        <span class=\"show-on-hover\">\n                                                 <\/span>\n                      <\/p>\n                  <\/div>\n            <\/div>\n           <\/div>\n           <\/a>\n           <\/div>\n           <\/div><div class=\"col\" data-terms=\"\" >\n          <div class=\"col-inner\" >\n          <a href=\"https:\/\/htn-cons.vn\/vi\/featured_item\/du-an-eastfields-phase-1a-london\/\" class=\"plain \">\n          <div class=\"portfolio-box box has-hover box-overlay dark\">\n            <div class=\"box-image\" >\n                <div class=\"image-overlay-remove image-cover\" style=\"padding-top:100%;\">\n                <img loading=\"lazy\" decoding=\"async\" width=\"1212\" height=\"840\" src=\"https:\/\/htn-cons.vn\/wp-content\/uploads\/2024\/06\/3.jpg\" class=\"attachment-original size-original\" alt=\"\" srcset=\"https:\/\/htn-cons.vn\/wp-content\/uploads\/2024\/06\/3.jpg 1212w, https:\/\/htn-cons.vn\/wp-content\/uploads\/2024\/06\/3-300x208.jpg 300w, https:\/\/htn-cons.vn\/wp-content\/uploads\/2024\/06\/3-1024x710.jpg 1024w, https:\/\/htn-cons.vn\/wp-content\/uploads\/2024\/06\/3-768x532.jpg 768w\" sizes=\"auto, (max-width: 1212px) 100vw, 1212px\" \/>                <div class=\"overlay\" style=\"background-color:1\"><\/div>                                <\/div>\n            <\/div>\n            <div class=\"box-text text-center is-large\" >\n                  <div class=\"box-text-inner\">\n                      <h6 class=\"uppercase portfolio-box-title\">EASTFIELDS PHASE 1A &#8211; LONDON<\/h6>\n                      <p class=\"uppercase portfolio-box-category is-xsmall op-6\">\n                        <span class=\"show-on-hover\">\n                                                 <\/span>\n                      <\/p>\n                  <\/div>\n            <\/div>\n           <\/div>\n           <\/a>\n           <\/div>\n           <\/div><\/div><\/div>\n\t\t<\/div>\n\t\t\t\t\t<\/div>\n\n\t\n<\/div>\n","protected":false},"excerpt":{"rendered":"","protected":false},"author":1,"featured_media":0,"parent":372,"menu_order":0,"comment_status":"closed","ping_status":"closed","template":"page-blank.php","meta":{"_acf_changed":false,"footnotes":""},"class_list":["post-425","page","type-page","status-publish","hentry"],"acf":[],"_links":{"self":[{"href":"https:\/\/htn-cons.vn\/vi\/wp-json\/wp\/v2\/pages\/425","targetHints":{"allow":["GET"]}}],"collection":[{"href":"https:\/\/htn-cons.vn\/vi\/wp-json\/wp\/v2\/pages"}],"about":[{"href":"https:\/\/htn-cons.vn\/vi\/wp-json\/wp\/v2\/types\/page"}],"author":[{"embeddable":true,"href":"https:\/\/htn-cons.vn\/vi\/wp-json\/wp\/v2\/users\/1"}],"replies":[{"embeddable":true,"href":"https:\/\/htn-cons.vn\/vi\/wp-json\/wp\/v2\/comments?post=425"}],"version-history":[{"count":7,"href":"https:\/\/htn-cons.vn\/vi\/wp-json\/wp\/v2\/pages\/425\/revisions"}],"predecessor-version":[{"id":589,"href":"https:\/\/htn-cons.vn\/vi\/wp-json\/wp\/v2\/pages\/425\/revisions\/589"}],"up":[{"embeddable":true,"href":"https:\/\/htn-cons.vn\/vi\/wp-json\/wp\/v2\/pages\/372"}],"wp:attachment":[{"href":"https:\/\/htn-cons.vn\/vi\/wp-json\/wp\/v2\/media?parent=425"}],"curies":[{"name":"wp","href":"https:\/\/api.w.org\/{rel}","templated":true}]}}