{"id":422,"date":"2024-06-13T15:26:45","date_gmt":"2024-06-13T08:26:45","guid":{"rendered":"https:\/\/htn-cons.vn\/dich-vu\/tu-van-dau-thau\/"},"modified":"2024-06-24T08:20:33","modified_gmt":"2024-06-24T01:20:33","slug":"tu-van-dau-thau","status":"publish","type":"page","link":"https:\/\/htn-cons.vn\/vi\/dich-vu\/tu-van-dau-thau\/","title":{"rendered":"T\u01b0 v\u1ea5n \u0111\u1ea5u th\u1ea7u"},"content":{"rendered":"\t<section class=\"section\" id=\"section_1128244385\">\n\t\t<div class=\"bg section-bg fill bg-fill  \" >\n\n\t\t\t\n\t\t\t\n\t\t\t\n\n\t\t<\/div>\n\n\t\t\n\n\t\t<div class=\"section-content relative\">\n\t\t\t\n\t\t<\/div>\n\n\t\t\n<style>\n#section_1128244385 {\n  padding-top: 30px;\n  padding-bottom: 30px;\n  min-height: 150px;\n}\n#section_1128244385 .section-bg.bg-loaded {\n  background-image: url(https:\/\/htn-cons.vn\/wp-content\/uploads\/2024\/06\/bg-project.jpg);\n}\n<\/style>\n\t<\/section>\n\t\n<div class=\"row\"  id=\"row-194846359\">\n\n\t<div id=\"col-113038315\" class=\"col medium-12 small-12 large-6\"  >\n\t\t\t\t<div class=\"col-inner\"  >\n\t\t\t\n\t\t\t\n<h3><span style=\"font-size: 130%; color: #962d3e;\"><strong>T\u01b0 v\u1ea5n \u0111\u1ea5u th\u1ea7u<\/strong><\/span><\/h3>\n<p style=\"text-align: justify;\">D\u1ef1a tr\u00ean m\u1ea1ng l\u01b0\u1edbi r\u1ed9ng kh\u1eafp c\u00e1c chuy\u00ean gia t\u01b0 v\u1ea5n \u0111\u1ea5u th\u1ea7u, lu\u1eadt s\u01b0 mua s\u1eafm v\u00e0 chuy\u00ean gia \u0111\u1ea5u th\u1ea7u n\u1ed9i b\u1ed9 c\u1ee7a ch\u00fang t\u00f4i, Nh\u00f3m D\u1ecbch v\u1ee5 \u0110\u1ea5u th\u1ea7u c\u00f3 th\u1ec3 h\u1ed7 tr\u1ee3 b\u1ea1n khi c\u1ed1 g\u1eafng t\u00ecm hi\u1ec3u khung ph\u00e1p l\u00fd \u1edf m\u1ed9t qu\u1ed1c gia nh\u1ea5t \u0111\u1ecbnh, n\u1ebfu b\u1ea1n c\u00f3 c\u00e2u h\u1ecfi c\u1ee5 th\u1ec3 v\u1ec1 th\u1ee7 t\u1ee5c \u0111\u1ea5u th\u1ea7u, v.v.<\/p>\n<p>C\u00e1c d\u1ecbch v\u1ee5 c\u1ed1t l\u00f5i c\u1ee7a ch\u00fang t\u00f4i v\u1ec1 t\u01b0 v\u1ea5n \u0111\u1ea5u th\u1ea7u bao g\u1ed3m:<\/p>\n<ul>\n<li style=\"text-align: justify;\">Chu\u1ea9n b\u1ecb h\u1ed3 s\u01a1 m\u1eddi th\u1ea7u bao g\u1ed3m c\u00e1c \u0111i\u1ec1u ki\u1ec7n \u0111\u1ea5u th\u1ea7u, \u0111i\u1ec1u ki\u1ec7n h\u1ee3p \u0111\u1ed3ng, b\u1ea3ng kh\u1ed1i l\u01b0\u1ee3ng\/bi\u1ec3u gi\u00e1 v\u00e0 c\u00e1c ph\u1ea7n kh\u00e1c cho t\u1eebng g\u00f3i th\u1ea7u ph\u00f9 h\u1ee3p v\u1edbi chuy\u00ean m\u00f4n v\u00e0 y\u00eau c\u1ea7u c\u1ee7a h\u1ecd.<\/li>\n<li style=\"text-align: justify;\">B\u1ea3ng kh\u1ed1i l\u01b0\u1ee3ng ph\u1ea3i \u0111\u01b0\u1ee3c l\u1eadp khi th\u00edch h\u1ee3p.<\/li>\n<li style=\"text-align: justify;\">C\u00e1c b\u1ea3n v\u1ebd v\u00e0 th\u00f4ng s\u1ed1 k\u1ef9 thu\u1eadt, b\u1ea3ng k\u00ea, v.v. s\u1ebd \u0111\u01b0\u1ee3c chu\u1ea9n b\u1ecb b\u1edfi nh\u1eefng t\u01b0 v\u1ea5n kh\u00e1c \u0111\u1ec3 \u0111\u01b0a v\u00e0o h\u1ed3 s\u01a1 m\u1eddi th\u1ea7u.<\/li>\n<li style=\"text-align: justify;\">Trong giai \u0111o\u1ea1n \u0111\u1ea5u th\u1ea7u, x\u1eed l\u00fd t\u1ea5t c\u1ea3 c\u00e1c th\u1eafc m\u1eafc v\u1ec1 \u0111\u1ea5u th\u1ea7u.<\/li>\n<li style=\"text-align: justify;\">T\u1ea5t c\u1ea3 c\u00e1c y\u00eau c\u1ea7u \u0111\u1ea5u th\u1ea7u ph\u1ea3i \u0111\u01b0\u1ee3c th\u1ea3o lu\u1eadn \u0111\u1ea7y \u0111\u1ee7 v\u1edbi Ch\u1ee7 \u0111\u1ea7u t\u01b0, Gi\u00e1m \u0111\u1ed1c d\u1ef1 \u00e1n v\u00e0 K\u1ef9 s\u01b0, v.v.<\/li>\n<li style=\"text-align: justify;\">Ph\u00e2n t\u00edch v\u00e0 b\u00e1o c\u00e1o \u0111\u1ea5u th\u1ea7u<\/li>\n<li style=\"text-align: justify;\">L\u00e0m r\u00f5 h\u1ee3p \u0111\u1ed3ng<\/li>\n<li style=\"text-align: justify;\">Trao h\u1ee3p \u0111\u1ed3ng v\u00e0 t\u00e0i li\u1ec7u<\/li>\n<\/ul>\n\t\t<\/div>\n\t\t\t\t\t<\/div>\n\n\t\n\n\t<div id=\"col-1636364775\" class=\"col medium-12 small-12 large-6\"  >\n\t\t\t\t<div class=\"col-inner\"  >\n\t\t\t\n\t\t\t\n<h3><span style=\"font-size: 130%; color: #962d3e;\"><strong>D\u1ef1 \u00e1n<\/strong><\/span><\/h3>\n<div id=\"portfolio-2134618344\" class=\"portfolio-element-wrapper has-filtering\">\n  \n    <div class=\"row large-columns-2 medium-columns-2 small-columns- row-small\" >\n    <div class=\"col\" data-terms=\"\" >\n          <div class=\"col-inner\" >\n          <a href=\"https:\/\/htn-cons.vn\/vi\/featured_item\/du-an-novaworld-phan-thiet\/\" class=\"plain \">\n          <div class=\"portfolio-box box has-hover box-overlay dark\">\n            <div class=\"box-image\" >\n                <div class=\"image-overlay-remove image-cover\" style=\"padding-top:100%;\">\n                <img loading=\"lazy\" decoding=\"async\" width=\"1100\" height=\"650\" src=\"https:\/\/htn-cons.vn\/wp-content\/uploads\/2024\/06\/17.jpg\" class=\"attachment-original size-original\" alt=\"\" srcset=\"https:\/\/htn-cons.vn\/wp-content\/uploads\/2024\/06\/17.jpg 1100w, https:\/\/htn-cons.vn\/wp-content\/uploads\/2024\/06\/17-300x177.jpg 300w, https:\/\/htn-cons.vn\/wp-content\/uploads\/2024\/06\/17-1024x605.jpg 1024w, https:\/\/htn-cons.vn\/wp-content\/uploads\/2024\/06\/17-768x454.jpg 768w\" sizes=\"auto, (max-width: 1100px) 100vw, 1100px\" \/>                <div class=\"overlay\" style=\"background-color:1\"><\/div>                                <\/div>\n            <\/div>\n            <div class=\"box-text text-center is-large\" >\n                  <div class=\"box-text-inner\">\n                      <h6 class=\"uppercase portfolio-box-title\">NOVAWORLD PHAN THI\u1ebeT<\/h6>\n                      <p class=\"uppercase portfolio-box-category is-xsmall op-6\">\n                        <span class=\"show-on-hover\">\n                                                 <\/span>\n                      <\/p>\n                  <\/div>\n            <\/div>\n           <\/div>\n           <\/a>\n           <\/div>\n           <\/div><div class=\"col\" data-terms=\"\" >\n          <div class=\"col-inner\" >\n          <a href=\"https:\/\/htn-cons.vn\/vi\/featured_item\/du-an-novaworld-ho-tram\/\" class=\"plain \">\n          <div class=\"portfolio-box box has-hover box-overlay dark\">\n            <div class=\"box-image\" >\n                <div class=\"image-overlay-remove image-cover\" style=\"padding-top:100%;\">\n                <img loading=\"lazy\" decoding=\"async\" width=\"1280\" height=\"852\" src=\"https:\/\/htn-cons.vn\/wp-content\/uploads\/2024\/06\/21.jpg\" class=\"attachment-original size-original\" alt=\"\" srcset=\"https:\/\/htn-cons.vn\/wp-content\/uploads\/2024\/06\/21.jpg 1280w, https:\/\/htn-cons.vn\/wp-content\/uploads\/2024\/06\/21-300x200.jpg 300w, https:\/\/htn-cons.vn\/wp-content\/uploads\/2024\/06\/21-1024x682.jpg 1024w, https:\/\/htn-cons.vn\/wp-content\/uploads\/2024\/06\/21-768x511.jpg 768w\" sizes=\"auto, (max-width: 1280px) 100vw, 1280px\" \/>                <div class=\"overlay\" style=\"background-color:1\"><\/div>                                <\/div>\n            <\/div>\n            <div class=\"box-text text-center is-large\" >\n                  <div class=\"box-text-inner\">\n                      <h6 class=\"uppercase portfolio-box-title\">NOVAWORLD H\u1ed2 TR\u00c0M<\/h6>\n                      <p class=\"uppercase portfolio-box-category is-xsmall op-6\">\n                        <span class=\"show-on-hover\">\n                                                 <\/span>\n                      <\/p>\n                  <\/div>\n            <\/div>\n           <\/div>\n           <\/a>\n           <\/div>\n           <\/div><div class=\"col\" data-terms=\"\" >\n          <div class=\"col-inner\" >\n          <a href=\"https:\/\/htn-cons.vn\/vi\/featured_item\/du-an-nha-may-giay-lac-ty-ii-hau-giang\/\" class=\"plain \">\n          <div class=\"portfolio-box box has-hover box-overlay dark\">\n            <div class=\"box-image\" >\n                <div class=\"image-overlay-remove image-cover\" style=\"padding-top:100%;\">\n                <img loading=\"lazy\" decoding=\"async\" width=\"1226\" height=\"690\" src=\"https:\/\/htn-cons.vn\/wp-content\/uploads\/2024\/06\/24.jpg\" class=\"attachment-original size-original\" alt=\"\" srcset=\"https:\/\/htn-cons.vn\/wp-content\/uploads\/2024\/06\/24.jpg 1226w, https:\/\/htn-cons.vn\/wp-content\/uploads\/2024\/06\/24-300x169.jpg 300w, https:\/\/htn-cons.vn\/wp-content\/uploads\/2024\/06\/24-1024x576.jpg 1024w, https:\/\/htn-cons.vn\/wp-content\/uploads\/2024\/06\/24-768x432.jpg 768w\" sizes=\"auto, (max-width: 1226px) 100vw, 1226px\" \/>                <div class=\"overlay\" style=\"background-color:1\"><\/div>                                <\/div>\n            <\/div>\n            <div class=\"box-text text-center is-large\" >\n                  <div class=\"box-text-inner\">\n                      <h6 class=\"uppercase portfolio-box-title\">NH\u00c0 M\u00c1Y GI\u00c0Y L\u1ea0C T\u1ef6 II \u2013 H\u1eacU GIANG<\/h6>\n                      <p class=\"uppercase portfolio-box-category is-xsmall op-6\">\n                        <span class=\"show-on-hover\">\n                                                 <\/span>\n                      <\/p>\n                  <\/div>\n            <\/div>\n           <\/div>\n           <\/a>\n           <\/div>\n           <\/div><div class=\"col\" data-terms=\"\" >\n          <div class=\"col-inner\" >\n          <a href=\"https:\/\/htn-cons.vn\/vi\/featured_item\/du-an-nha-may-giay-ty-xuan\/\" class=\"plain \">\n          <div class=\"portfolio-box box has-hover box-overlay dark\">\n            <div class=\"box-image\" >\n                <div class=\"image-overlay-remove image-cover\" style=\"padding-top:100%;\">\n                <img loading=\"lazy\" decoding=\"async\" width=\"821\" height=\"328\" src=\"https:\/\/htn-cons.vn\/wp-content\/uploads\/2024\/06\/25.png\" class=\"attachment-original size-original\" alt=\"\" srcset=\"https:\/\/htn-cons.vn\/wp-content\/uploads\/2024\/06\/25.png 821w, https:\/\/htn-cons.vn\/wp-content\/uploads\/2024\/06\/25-300x120.png 300w, https:\/\/htn-cons.vn\/wp-content\/uploads\/2024\/06\/25-768x307.png 768w\" sizes=\"auto, (max-width: 821px) 100vw, 821px\" \/>                <div class=\"overlay\" style=\"background-color:1\"><\/div>                                <\/div>\n            <\/div>\n            <div class=\"box-text text-center is-large\" >\n                  <div class=\"box-text-inner\">\n                      <h6 class=\"uppercase portfolio-box-title\">NH\u00c0 M\u00c1Y GI\u00c0Y T\u1ef6 XU\u00c2N &#8211; V\u0128NH LONG<\/h6>\n                      <p class=\"uppercase portfolio-box-category is-xsmall op-6\">\n                        <span class=\"show-on-hover\">\n                                                 <\/span>\n                      <\/p>\n                  <\/div>\n            <\/div>\n           <\/div>\n           <\/a>\n           <\/div>\n           <\/div><div class=\"col\" data-terms=\"\" >\n          <div class=\"col-inner\" >\n          <a href=\"https:\/\/htn-cons.vn\/vi\/featured_item\/du-an-nha-may-san-xuat-pho-mai-bel-viet-nam-binh-duong\/\" class=\"plain \">\n          <div class=\"portfolio-box box has-hover box-overlay dark\">\n            <div class=\"box-image\" >\n                <div class=\"image-overlay-remove image-cover\" style=\"padding-top:100%;\">\n                <img loading=\"lazy\" decoding=\"async\" width=\"512\" height=\"384\" src=\"https:\/\/htn-cons.vn\/wp-content\/uploads\/2024\/06\/26.jpg\" class=\"attachment-original size-original\" alt=\"\" srcset=\"https:\/\/htn-cons.vn\/wp-content\/uploads\/2024\/06\/26.jpg 512w, https:\/\/htn-cons.vn\/wp-content\/uploads\/2024\/06\/26-300x225.jpg 300w\" sizes=\"auto, (max-width: 512px) 100vw, 512px\" \/>                <div class=\"overlay\" style=\"background-color:1\"><\/div>                                <\/div>\n            <\/div>\n            <div class=\"box-text text-center is-large\" >\n                  <div class=\"box-text-inner\">\n                      <h6 class=\"uppercase portfolio-box-title\">NH\u00c0 M\u00c1Y S\u1ea2N XU\u1ea4T PH\u00d4 MAI \u2013 BEL VI\u1ec6T NAM (B\u00ccNH D\u01af\u01a0NG)<\/h6>\n                      <p class=\"uppercase portfolio-box-category is-xsmall op-6\">\n                        <span class=\"show-on-hover\">\n                                                 <\/span>\n                      <\/p>\n                  <\/div>\n            <\/div>\n           <\/div>\n           <\/a>\n           <\/div>\n           <\/div><div class=\"col\" data-terms=\"\" >\n          <div class=\"col-inner\" >\n          <a href=\"https:\/\/htn-cons.vn\/vi\/featured_item\/du-an-novahills-mui-ne-resort-villas-centara-mirage-resort-mui-ne\/\" class=\"plain \">\n          <div class=\"portfolio-box box has-hover box-overlay dark\">\n            <div class=\"box-image\" >\n                <div class=\"image-overlay-remove image-cover\" style=\"padding-top:100%;\">\n                <img loading=\"lazy\" decoding=\"async\" width=\"800\" height=\"493\" src=\"https:\/\/htn-cons.vn\/wp-content\/uploads\/2024\/06\/14.jpg\" class=\"attachment-original size-original\" alt=\"\" srcset=\"https:\/\/htn-cons.vn\/wp-content\/uploads\/2024\/06\/14.jpg 800w, https:\/\/htn-cons.vn\/wp-content\/uploads\/2024\/06\/14-300x185.jpg 300w, https:\/\/htn-cons.vn\/wp-content\/uploads\/2024\/06\/14-768x473.jpg 768w\" sizes=\"auto, (max-width: 800px) 100vw, 800px\" \/>                <div class=\"overlay\" style=\"background-color:1\"><\/div>                                <\/div>\n            <\/div>\n            <div class=\"box-text text-center is-large\" >\n                  <div class=\"box-text-inner\">\n                      <h6 class=\"uppercase portfolio-box-title\">NOVAHILLS M\u0168I N\u00c9 RESORT &amp; VILLAS &#8211; CENTARA MIRAGE RESORT M\u0168I N\u00c9<\/h6>\n                      <p class=\"uppercase portfolio-box-category is-xsmall op-6\">\n                        <span class=\"show-on-hover\">\n                                                 <\/span>\n                      <\/p>\n                  <\/div>\n            <\/div>\n           <\/div>\n           <\/a>\n           <\/div>\n           <\/div><div class=\"col\" data-terms=\"\" >\n          <div class=\"col-inner\" >\n          <a href=\"https:\/\/htn-cons.vn\/vi\/featured_item\/du-an-britannia-residential-phase-2b-london\/\" class=\"plain \">\n          <div class=\"portfolio-box box has-hover box-overlay dark\">\n            <div class=\"box-image\" >\n                <div class=\"image-overlay-remove image-cover\" style=\"padding-top:100%;\">\n                <img loading=\"lazy\" decoding=\"async\" width=\"960\" height=\"640\" src=\"https:\/\/htn-cons.vn\/wp-content\/uploads\/2024\/06\/1-1.jpg\" class=\"attachment-original size-original\" alt=\"\" srcset=\"https:\/\/htn-cons.vn\/wp-content\/uploads\/2024\/06\/1-1.jpg 960w, https:\/\/htn-cons.vn\/wp-content\/uploads\/2024\/06\/1-1-300x200.jpg 300w, https:\/\/htn-cons.vn\/wp-content\/uploads\/2024\/06\/1-1-768x512.jpg 768w\" sizes=\"auto, (max-width: 960px) 100vw, 960px\" \/>                <div class=\"overlay\" style=\"background-color:1\"><\/div>                                <\/div>\n            <\/div>\n            <div class=\"box-text text-center is-large\" >\n                  <div class=\"box-text-inner\">\n                      <h6 class=\"uppercase portfolio-box-title\">BRITANNIA RESIDENTIAL PHASE 2B &#8211; LONDON<\/h6>\n                      <p class=\"uppercase portfolio-box-category is-xsmall op-6\">\n                        <span class=\"show-on-hover\">\n                                                 <\/span>\n                      <\/p>\n                  <\/div>\n            <\/div>\n           <\/div>\n           <\/a>\n           <\/div>\n           <\/div><div class=\"col\" data-terms=\"\" >\n          <div class=\"col-inner\" >\n          <a href=\"https:\/\/htn-cons.vn\/vi\/featured_item\/du-an-eastfields-phase-1a-london\/\" class=\"plain \">\n          <div class=\"portfolio-box box has-hover box-overlay dark\">\n            <div class=\"box-image\" >\n                <div class=\"image-overlay-remove image-cover\" style=\"padding-top:100%;\">\n                <img loading=\"lazy\" decoding=\"async\" width=\"1212\" height=\"840\" src=\"https:\/\/htn-cons.vn\/wp-content\/uploads\/2024\/06\/3.jpg\" class=\"attachment-original size-original\" alt=\"\" srcset=\"https:\/\/htn-cons.vn\/wp-content\/uploads\/2024\/06\/3.jpg 1212w, https:\/\/htn-cons.vn\/wp-content\/uploads\/2024\/06\/3-300x208.jpg 300w, https:\/\/htn-cons.vn\/wp-content\/uploads\/2024\/06\/3-1024x710.jpg 1024w, https:\/\/htn-cons.vn\/wp-content\/uploads\/2024\/06\/3-768x532.jpg 768w\" sizes=\"auto, (max-width: 1212px) 100vw, 1212px\" \/>                <div class=\"overlay\" style=\"background-color:1\"><\/div>                                <\/div>\n            <\/div>\n            <div class=\"box-text text-center is-large\" >\n                  <div class=\"box-text-inner\">\n                      <h6 class=\"uppercase portfolio-box-title\">EASTFIELDS PHASE 1A &#8211; LONDON<\/h6>\n                      <p class=\"uppercase portfolio-box-category is-xsmall op-6\">\n                        <span class=\"show-on-hover\">\n                                                 <\/span>\n                      <\/p>\n                  <\/div>\n            <\/div>\n           <\/div>\n           <\/a>\n           <\/div>\n           <\/div><\/div><\/div>\n\t\t<\/div>\n\t\t\t\t\t<\/div>\n\n\t\n<\/div>\n","protected":false},"excerpt":{"rendered":"","protected":false},"author":1,"featured_media":0,"parent":372,"menu_order":0,"comment_status":"closed","ping_status":"closed","template":"page-blank.php","meta":{"_acf_changed":false,"footnotes":""},"class_list":["post-422","page","type-page","status-publish","hentry"],"acf":[],"_links":{"self":[{"href":"https:\/\/htn-cons.vn\/vi\/wp-json\/wp\/v2\/pages\/422","targetHints":{"allow":["GET"]}}],"collection":[{"href":"https:\/\/htn-cons.vn\/vi\/wp-json\/wp\/v2\/pages"}],"about":[{"href":"https:\/\/htn-cons.vn\/vi\/wp-json\/wp\/v2\/types\/page"}],"author":[{"embeddable":true,"href":"https:\/\/htn-cons.vn\/vi\/wp-json\/wp\/v2\/users\/1"}],"replies":[{"embeddable":true,"href":"https:\/\/htn-cons.vn\/vi\/wp-json\/wp\/v2\/comments?post=422"}],"version-history":[{"count":8,"href":"https:\/\/htn-cons.vn\/vi\/wp-json\/wp\/v2\/pages\/422\/revisions"}],"predecessor-version":[{"id":592,"href":"https:\/\/htn-cons.vn\/vi\/wp-json\/wp\/v2\/pages\/422\/revisions\/592"}],"up":[{"embeddable":true,"href":"https:\/\/htn-cons.vn\/vi\/wp-json\/wp\/v2\/pages\/372"}],"wp:attachment":[{"href":"https:\/\/htn-cons.vn\/vi\/wp-json\/wp\/v2\/media?parent=422"}],"curies":[{"name":"wp","href":"https:\/\/api.w.org\/{rel}","templated":true}]}}