{"id":417,"date":"2024-06-13T15:26:33","date_gmt":"2024-06-13T08:26:33","guid":{"rendered":"https:\/\/htn-cons.vn\/dich-vu\/quan-ly-chi-phi\/"},"modified":"2024-06-24T08:13:36","modified_gmt":"2024-06-24T01:13:36","slug":"quan-ly-chi-phi","status":"publish","type":"page","link":"https:\/\/htn-cons.vn\/vi\/dich-vu\/quan-ly-chi-phi\/","title":{"rendered":"Qu\u1ea3n l\u00fd chi ph\u00ed"},"content":{"rendered":"\t<section class=\"section\" id=\"section_496007640\">\n\t\t<div class=\"bg section-bg fill bg-fill  \" >\n\n\t\t\t\n\t\t\t\n\t\t\t\n\n\t\t<\/div>\n\n\t\t\n\n\t\t<div class=\"section-content relative\">\n\t\t\t\n\t\t<\/div>\n\n\t\t\n<style>\n#section_496007640 {\n  padding-top: 30px;\n  padding-bottom: 30px;\n  min-height: 150px;\n}\n#section_496007640 .section-bg.bg-loaded {\n  background-image: url(https:\/\/htn-cons.vn\/wp-content\/uploads\/2024\/06\/bg-project.jpg);\n}\n<\/style>\n\t<\/section>\n\t\n<div class=\"row\"  id=\"row-635222620\">\n\n\t<div id=\"col-78447461\" class=\"col medium-12 small-12 large-6\"  >\n\t\t\t\t<div class=\"col-inner\"  >\n\t\t\t\n\t\t\t\n<h3><span style=\"color: #962d3e; font-size: 130%;\"><strong>Qu\u1ea3n l\u00fd chi ph\u00ed<\/strong><\/span><\/h3>\n<p style=\"text-align: justify;\">Qu\u1ea3n l\u00fd chi ph\u00ed bao g\u1ed3m vi\u1ec7c \u0111\u00e1nh gi\u00e1 thi\u1ebft k\u1ebf thay th\u1ebf d\u1ef1a tr\u00ean c\u00e1c ti\u00eau ch\u00ed gi\u00e1 tr\u1ecb c\u1ee7a kh\u00e1ch h\u00e0ng v\u1ec1 ch\u1ee9c n\u0103ng, ch\u1ea5t l\u01b0\u1ee3ng v\u00e0 \u0111\u1ed9 b\u1ec1n. C\u00e1c k\u1ef9 thu\u1eadt \u0111\u00e1nh gi\u00e1 cho ph\u00e9p nh\u00f3m thi\u1ebft k\u1ebf t\u1ed1i \u01b0u h\u00f3a thi\u1ebft k\u1ebf \u0111\u1ec3 ph\u00f9 h\u1ee3p v\u1edbi ng\u00e2n s\u00e1ch c\u1ee7a kh\u00e1ch h\u00e0ng.<\/p>\n<p>C\u00e1c d\u1ecbch v\u1ee5 c\u1ed1t l\u00f5i c\u1ee7a ch\u00fang t\u00f4i v\u1ec1 qu\u1ea3n l\u00fd chi ph\u00ed bao g\u1ed3m:<\/p>\n<ul>\n<li style=\"text-align: justify;\">L\u1eadp d\u1ef1 to\u00e1n ng\u00e2n s\u00e1ch ban \u0111\u1ea7u \u0111\u1ec3 \u0111\u00e1nh gi\u00e1 t\u00ednh kh\u1ea3 thi c\u1ee7a \u0111\u1ec1 xu\u1ea5t thi\u1ebft k\u1ebf.<\/li>\n<li style=\"text-align: justify;\">T\u01b0 v\u1ea5n chi ph\u00ed so s\u00e1nh v\u1ec1 thi\u1ebft k\u1ebf, v\u1eadt li\u1ec7u, h\u1ec7 th\u1ed1ng v\u00e0 c\u00e1c gi\u1ea3i ph\u00e1p thay th\u1ebf,<\/li>\n<li style=\"text-align: justify;\">L\u1eadp k\u1ebf ho\u1ea1ch v\u00e0 gi\u00e1m s\u00e1t chi ph\u00ed chi ti\u1ebft \u0111\u1ec3 \u0111\u1ea3m b\u1ea3o r\u1eb1ng c\u00e1c thi\u1ebft k\u1ebf \u0111\u01b0\u1ee3c ph\u00e1t tri\u1ec3n theo ng\u00e2n s\u00e1ch \u0111\u00e3 \u0111\u01b0\u1ee3c ph\u00ea duy\u1ec7t,<\/li>\n<li style=\"text-align: justify;\">K\u1ef9 thu\u1eadt t\u1ed1i \u01b0u h\u00f3a gi\u00e1 tr\u1ecb c\u00e1c ph\u01b0\u01a1ng \u00e1n thi\u1ebft k\u1ebf \u0111\u1ec3 t\u1ed1i \u0111a h\u00f3a gi\u00e1 tr\u1ecb \u0111\u1ed3ng ti\u1ec1n. T\u01b0 v\u1ea5n v\u1ec1 g\u00f3i h\u1ee3p \u0111\u1ed3ng ph\u00f9 h\u1ee3p, th\u1ee7 t\u1ee5c \u0111\u1ea5u th\u1ea7u v\u00e0 c\u00e1c l\u1ef1a ch\u1ecdn mua s\u1eafm,<\/li>\n<li style=\"text-align: justify;\">Qu\u1ea3n l\u00fd l\u1ed9 tr\u00ecnh l\u1ef1a ch\u1ecdn mua s\u1eafm.<\/li>\n<li style=\"text-align: justify;\">H\u1ed3 s\u01a1 th\u1ea7u v\u00e0 qu\u1ea3n l\u00fd \u0111\u1ea5u th\u1ea7u \u0111\u1ec3 l\u1ef1a ch\u1ecdn (c\u00e1c) nh\u00e0 th\u1ea7u ph\u00f9 h\u1ee3p,<\/li>\n<li style=\"text-align: justify;\">Qu\u1ea3n l\u00fd t\u00e0i ch\u00ednh sau h\u1ee3p \u0111\u1ed3ng bao g\u1ed3m \u0111\u00e1nh gi\u00e1 thanh to\u00e1n c\u00f4ng vi\u1ec7c th\u1ef1c hi\u1ec7n, qu\u1ea3n l\u00fd chi ph\u00ed thay \u0111\u1ed5i, b\u00e1o c\u00e1o chi ph\u00ed v\u00e0 quy\u1ebft to\u00e1n h\u1ee3p \u0111\u1ed3ng.<\/li>\n<\/ul>\n<p style=\"text-align: justify;\">Nh\u00f3m nghi\u00ean c\u1ee9u chi ph\u00ed c\u1ee7a ch\u00fang t\u00f4i ki\u1ec3m tra v\u00e0 so s\u00e1nh ki\u1ebfn th\u1ee9c v\u00e0 th\u00f4ng tin c\u1eadp nh\u1eadt \u0111\u1ec3 thi\u1ebft l\u1eadp m\u1ed9t c\u01a1 s\u1edf d\u1eef li\u1ec7u c\u00f3 m\u1ed9t kh\u00f4ng hai v\u1ec1 th\u00f4ng tin th\u1ecb tr\u01b0\u1eddng. Sau \u0111\u00f3, ch\u00fang t\u00f4i s\u1eed d\u1ee5ng th\u00f4ng tin n\u00e0y \u0111\u1ec3 t\u01b0 v\u1ea5n cho ng\u01b0\u1eddi thu\u00ea nh\u00e0, ng\u01b0\u1eddi c\u01b0 ng\u1ee5 v\u00e0 ch\u1ee7 s\u1edf h\u1eefu t\u00f2a nh\u00e0 v\u1ec1 m\u1ed9t s\u1ed1 l\u0129nh v\u1ef1c quan tr\u1ecdng bao g\u1ed3m:<\/p>\n<ul>\n<li style=\"text-align: justify;\">Chi ph\u00ed th\u00e0nh ph\u1ea7n c\u1ee7a c\u00f4ng vi\u1ec7c ho\u00e0n thi\u1ec7n n\u1ed9i th\u1ea5t,<\/li>\n<li style=\"text-align: justify;\">Ph\u00e2n t\u00edch chi ph\u00ed c\u1ee7a c\u00e1c khu v\u1ef1c ch\u1ee9c n\u0103ng,<\/li>\n<li style=\"text-align: justify;\">T\u01b0 v\u1ea5n chi ph\u00ed so s\u00e1nh v\u1ec1 c\u00e1c v\u1eadt li\u1ec7u, h\u1ec7 th\u1ed1ng v\u00e0 gi\u1ea3i ph\u00e1p thay th\u1ebf,<\/li>\n<li style=\"text-align: justify;\">C\u00e1c y\u1ebfu t\u1ed1 \u1ea3nh h\u01b0\u1edfng chi ph\u00ed v\u00e0 c\u00e1c v\u1ea5n \u0111\u1ec1 thi\u1ebft k\u1ebf ho\u00e0n thi\u1ec7n n\u1ed9i th\u1ea5t ch\u00ednh,<\/li>\n<li style=\"text-align: justify;\">\u0110\u01a1n gi\u00e1 x\u00e2y d\u1ef1ng\/ k\u1ebf ho\u1ea1ch,<\/li>\n<li style=\"text-align: justify;\">T\u01b0 v\u1ea5n mua h\u00e0ng,<\/li>\n<li style=\"text-align: justify;\">C\u01a1 s\u1edf d\u1eef li\u1ec7u Nh\u00e0 th\u1ea7u \/ Nh\u00e0 th\u1ea7u Th\u01b0\u01a1ng m\u1ea1i,<\/li>\n<li style=\"text-align: justify;\">C\u00e1c c\u00f4ng tr\u00ecnh K\u1ef9 thu\u1eadt X\u00e2y d\u1ef1ng h\u1ea1 t\u1ea7ng.<\/li>\n<\/ul>\n\t\t<\/div>\n\t\t\t\t\t<\/div>\n\n\t\n\n\t<div id=\"col-1154897548\" class=\"col medium-12 small-12 large-6\"  >\n\t\t\t\t<div class=\"col-inner\"  >\n\t\t\t\n\t\t\t\n<h3><span style=\"color: #962d3e; font-size: 130%;\"><strong>D\u1ef1 \u00e1n<\/strong><\/span><\/h3>\n<div id=\"portfolio-1141862636\" class=\"portfolio-element-wrapper has-filtering\">\n  \n    <div class=\"row large-columns-2 medium-columns-2 small-columns- row-small\" >\n    <div class=\"col\" data-terms=\"\" >\n          <div class=\"col-inner\" >\n          <a href=\"https:\/\/htn-cons.vn\/vi\/featured_item\/du-an-novaworld-phan-thiet\/\" class=\"plain \">\n          <div class=\"portfolio-box box has-hover box-overlay dark\">\n            <div class=\"box-image\" >\n                <div class=\"image-overlay-remove image-cover\" style=\"padding-top:100%;\">\n                <img loading=\"lazy\" decoding=\"async\" width=\"1100\" height=\"650\" src=\"https:\/\/htn-cons.vn\/wp-content\/uploads\/2024\/06\/17.jpg\" class=\"attachment-original size-original\" alt=\"\" srcset=\"https:\/\/htn-cons.vn\/wp-content\/uploads\/2024\/06\/17.jpg 1100w, https:\/\/htn-cons.vn\/wp-content\/uploads\/2024\/06\/17-300x177.jpg 300w, https:\/\/htn-cons.vn\/wp-content\/uploads\/2024\/06\/17-1024x605.jpg 1024w, https:\/\/htn-cons.vn\/wp-content\/uploads\/2024\/06\/17-768x454.jpg 768w\" sizes=\"auto, (max-width: 1100px) 100vw, 1100px\" \/>                <div class=\"overlay\" style=\"background-color:1\"><\/div>                                <\/div>\n            <\/div>\n            <div class=\"box-text text-center is-large\" >\n                  <div class=\"box-text-inner\">\n                      <h6 class=\"uppercase portfolio-box-title\">NOVAWORLD PHAN THI\u1ebeT<\/h6>\n                      <p class=\"uppercase portfolio-box-category is-xsmall op-6\">\n                        <span class=\"show-on-hover\">\n                                                 <\/span>\n                      <\/p>\n                  <\/div>\n            <\/div>\n           <\/div>\n           <\/a>\n           <\/div>\n           <\/div><div class=\"col\" data-terms=\"\" >\n          <div class=\"col-inner\" >\n          <a href=\"https:\/\/htn-cons.vn\/vi\/featured_item\/du-an-novaworld-ho-tram\/\" class=\"plain \">\n          <div class=\"portfolio-box box has-hover box-overlay dark\">\n            <div class=\"box-image\" >\n                <div class=\"image-overlay-remove image-cover\" style=\"padding-top:100%;\">\n                <img loading=\"lazy\" decoding=\"async\" width=\"1280\" height=\"852\" src=\"https:\/\/htn-cons.vn\/wp-content\/uploads\/2024\/06\/21.jpg\" class=\"attachment-original size-original\" alt=\"\" srcset=\"https:\/\/htn-cons.vn\/wp-content\/uploads\/2024\/06\/21.jpg 1280w, https:\/\/htn-cons.vn\/wp-content\/uploads\/2024\/06\/21-300x200.jpg 300w, https:\/\/htn-cons.vn\/wp-content\/uploads\/2024\/06\/21-1024x682.jpg 1024w, https:\/\/htn-cons.vn\/wp-content\/uploads\/2024\/06\/21-768x511.jpg 768w\" sizes=\"auto, (max-width: 1280px) 100vw, 1280px\" \/>                <div class=\"overlay\" style=\"background-color:1\"><\/div>                                <\/div>\n            <\/div>\n            <div class=\"box-text text-center is-large\" >\n                  <div class=\"box-text-inner\">\n                      <h6 class=\"uppercase portfolio-box-title\">NOVAWORLD H\u1ed2 TR\u00c0M<\/h6>\n                      <p class=\"uppercase portfolio-box-category is-xsmall op-6\">\n                        <span class=\"show-on-hover\">\n                                                 <\/span>\n                      <\/p>\n                  <\/div>\n            <\/div>\n           <\/div>\n           <\/a>\n           <\/div>\n           <\/div><div class=\"col\" data-terms=\"\" >\n          <div class=\"col-inner\" >\n          <a href=\"https:\/\/htn-cons.vn\/vi\/featured_item\/du-an-nha-may-giay-lac-ty-ii-hau-giang\/\" class=\"plain \">\n          <div class=\"portfolio-box box has-hover box-overlay dark\">\n            <div class=\"box-image\" >\n                <div class=\"image-overlay-remove image-cover\" style=\"padding-top:100%;\">\n                <img loading=\"lazy\" decoding=\"async\" width=\"1226\" height=\"690\" src=\"https:\/\/htn-cons.vn\/wp-content\/uploads\/2024\/06\/24.jpg\" class=\"attachment-original size-original\" alt=\"\" srcset=\"https:\/\/htn-cons.vn\/wp-content\/uploads\/2024\/06\/24.jpg 1226w, https:\/\/htn-cons.vn\/wp-content\/uploads\/2024\/06\/24-300x169.jpg 300w, https:\/\/htn-cons.vn\/wp-content\/uploads\/2024\/06\/24-1024x576.jpg 1024w, https:\/\/htn-cons.vn\/wp-content\/uploads\/2024\/06\/24-768x432.jpg 768w\" sizes=\"auto, (max-width: 1226px) 100vw, 1226px\" \/>                <div class=\"overlay\" style=\"background-color:1\"><\/div>                                <\/div>\n            <\/div>\n            <div class=\"box-text text-center is-large\" >\n                  <div class=\"box-text-inner\">\n                      <h6 class=\"uppercase portfolio-box-title\">NH\u00c0 M\u00c1Y GI\u00c0Y L\u1ea0C T\u1ef6 II \u2013 H\u1eacU GIANG<\/h6>\n                      <p class=\"uppercase portfolio-box-category is-xsmall op-6\">\n                        <span class=\"show-on-hover\">\n                                                 <\/span>\n                      <\/p>\n                  <\/div>\n            <\/div>\n           <\/div>\n           <\/a>\n           <\/div>\n           <\/div><div class=\"col\" data-terms=\"\" >\n          <div class=\"col-inner\" >\n          <a href=\"https:\/\/htn-cons.vn\/vi\/featured_item\/du-an-nha-may-giay-ty-xuan\/\" class=\"plain \">\n          <div class=\"portfolio-box box has-hover box-overlay dark\">\n            <div class=\"box-image\" >\n                <div class=\"image-overlay-remove image-cover\" style=\"padding-top:100%;\">\n                <img loading=\"lazy\" decoding=\"async\" width=\"821\" height=\"328\" src=\"https:\/\/htn-cons.vn\/wp-content\/uploads\/2024\/06\/25.png\" class=\"attachment-original size-original\" alt=\"\" srcset=\"https:\/\/htn-cons.vn\/wp-content\/uploads\/2024\/06\/25.png 821w, https:\/\/htn-cons.vn\/wp-content\/uploads\/2024\/06\/25-300x120.png 300w, https:\/\/htn-cons.vn\/wp-content\/uploads\/2024\/06\/25-768x307.png 768w\" sizes=\"auto, (max-width: 821px) 100vw, 821px\" \/>                <div class=\"overlay\" style=\"background-color:1\"><\/div>                                <\/div>\n            <\/div>\n            <div class=\"box-text text-center is-large\" >\n                  <div class=\"box-text-inner\">\n                      <h6 class=\"uppercase portfolio-box-title\">NH\u00c0 M\u00c1Y GI\u00c0Y T\u1ef6 XU\u00c2N &#8211; V\u0128NH LONG<\/h6>\n                      <p class=\"uppercase portfolio-box-category is-xsmall op-6\">\n                        <span class=\"show-on-hover\">\n                                                 <\/span>\n                      <\/p>\n                  <\/div>\n            <\/div>\n           <\/div>\n           <\/a>\n           <\/div>\n           <\/div><div class=\"col\" data-terms=\"\" >\n          <div class=\"col-inner\" >\n          <a href=\"https:\/\/htn-cons.vn\/vi\/featured_item\/du-an-nha-may-san-xuat-pho-mai-bel-viet-nam-binh-duong\/\" class=\"plain \">\n          <div class=\"portfolio-box box has-hover box-overlay dark\">\n            <div class=\"box-image\" >\n                <div class=\"image-overlay-remove image-cover\" style=\"padding-top:100%;\">\n                <img loading=\"lazy\" decoding=\"async\" width=\"512\" height=\"384\" src=\"https:\/\/htn-cons.vn\/wp-content\/uploads\/2024\/06\/26.jpg\" class=\"attachment-original size-original\" alt=\"\" srcset=\"https:\/\/htn-cons.vn\/wp-content\/uploads\/2024\/06\/26.jpg 512w, https:\/\/htn-cons.vn\/wp-content\/uploads\/2024\/06\/26-300x225.jpg 300w\" sizes=\"auto, (max-width: 512px) 100vw, 512px\" \/>                <div class=\"overlay\" style=\"background-color:1\"><\/div>                                <\/div>\n            <\/div>\n            <div class=\"box-text text-center is-large\" >\n                  <div class=\"box-text-inner\">\n                      <h6 class=\"uppercase portfolio-box-title\">NH\u00c0 M\u00c1Y S\u1ea2N XU\u1ea4T PH\u00d4 MAI \u2013 BEL VI\u1ec6T NAM (B\u00ccNH D\u01af\u01a0NG)<\/h6>\n                      <p class=\"uppercase portfolio-box-category is-xsmall op-6\">\n                        <span class=\"show-on-hover\">\n                                                 <\/span>\n                      <\/p>\n                  <\/div>\n            <\/div>\n           <\/div>\n           <\/a>\n           <\/div>\n           <\/div><div class=\"col\" data-terms=\"\" >\n          <div class=\"col-inner\" >\n          <a href=\"https:\/\/htn-cons.vn\/vi\/featured_item\/du-an-novahills-mui-ne-resort-villas-centara-mirage-resort-mui-ne\/\" class=\"plain \">\n          <div class=\"portfolio-box box has-hover box-overlay dark\">\n            <div class=\"box-image\" >\n                <div class=\"image-overlay-remove image-cover\" style=\"padding-top:100%;\">\n                <img loading=\"lazy\" decoding=\"async\" width=\"800\" height=\"493\" src=\"https:\/\/htn-cons.vn\/wp-content\/uploads\/2024\/06\/14.jpg\" class=\"attachment-original size-original\" alt=\"\" srcset=\"https:\/\/htn-cons.vn\/wp-content\/uploads\/2024\/06\/14.jpg 800w, https:\/\/htn-cons.vn\/wp-content\/uploads\/2024\/06\/14-300x185.jpg 300w, https:\/\/htn-cons.vn\/wp-content\/uploads\/2024\/06\/14-768x473.jpg 768w\" sizes=\"auto, (max-width: 800px) 100vw, 800px\" \/>                <div class=\"overlay\" style=\"background-color:1\"><\/div>                                <\/div>\n            <\/div>\n            <div class=\"box-text text-center is-large\" >\n                  <div class=\"box-text-inner\">\n                      <h6 class=\"uppercase portfolio-box-title\">NOVAHILLS M\u0168I N\u00c9 RESORT &amp; VILLAS &#8211; CENTARA MIRAGE RESORT M\u0168I N\u00c9<\/h6>\n                      <p class=\"uppercase portfolio-box-category is-xsmall op-6\">\n                        <span class=\"show-on-hover\">\n                                                 <\/span>\n                      <\/p>\n                  <\/div>\n            <\/div>\n           <\/div>\n           <\/a>\n           <\/div>\n           <\/div><div class=\"col\" data-terms=\"\" >\n          <div class=\"col-inner\" >\n          <a href=\"https:\/\/htn-cons.vn\/vi\/featured_item\/du-an-britannia-residential-phase-2b-london\/\" class=\"plain \">\n          <div class=\"portfolio-box box has-hover box-overlay dark\">\n            <div class=\"box-image\" >\n                <div class=\"image-overlay-remove image-cover\" style=\"padding-top:100%;\">\n                <img loading=\"lazy\" decoding=\"async\" width=\"960\" height=\"640\" src=\"https:\/\/htn-cons.vn\/wp-content\/uploads\/2024\/06\/1-1.jpg\" class=\"attachment-original size-original\" alt=\"\" srcset=\"https:\/\/htn-cons.vn\/wp-content\/uploads\/2024\/06\/1-1.jpg 960w, https:\/\/htn-cons.vn\/wp-content\/uploads\/2024\/06\/1-1-300x200.jpg 300w, https:\/\/htn-cons.vn\/wp-content\/uploads\/2024\/06\/1-1-768x512.jpg 768w\" sizes=\"auto, (max-width: 960px) 100vw, 960px\" \/>                <div class=\"overlay\" style=\"background-color:1\"><\/div>                                <\/div>\n            <\/div>\n            <div class=\"box-text text-center is-large\" >\n                  <div class=\"box-text-inner\">\n                      <h6 class=\"uppercase portfolio-box-title\">BRITANNIA RESIDENTIAL PHASE 2B &#8211; LONDON<\/h6>\n                      <p class=\"uppercase portfolio-box-category is-xsmall op-6\">\n                        <span class=\"show-on-hover\">\n                                                 <\/span>\n                      <\/p>\n                  <\/div>\n            <\/div>\n           <\/div>\n           <\/a>\n           <\/div>\n           <\/div><div class=\"col\" data-terms=\"\" >\n          <div class=\"col-inner\" >\n          <a href=\"https:\/\/htn-cons.vn\/vi\/featured_item\/du-an-eastfields-phase-1a-london\/\" class=\"plain \">\n          <div class=\"portfolio-box box has-hover box-overlay dark\">\n            <div class=\"box-image\" >\n                <div class=\"image-overlay-remove image-cover\" style=\"padding-top:100%;\">\n                <img loading=\"lazy\" decoding=\"async\" width=\"1212\" height=\"840\" src=\"https:\/\/htn-cons.vn\/wp-content\/uploads\/2024\/06\/3.jpg\" class=\"attachment-original size-original\" alt=\"\" srcset=\"https:\/\/htn-cons.vn\/wp-content\/uploads\/2024\/06\/3.jpg 1212w, https:\/\/htn-cons.vn\/wp-content\/uploads\/2024\/06\/3-300x208.jpg 300w, https:\/\/htn-cons.vn\/wp-content\/uploads\/2024\/06\/3-1024x710.jpg 1024w, https:\/\/htn-cons.vn\/wp-content\/uploads\/2024\/06\/3-768x532.jpg 768w\" sizes=\"auto, (max-width: 1212px) 100vw, 1212px\" \/>                <div class=\"overlay\" style=\"background-color:1\"><\/div>                                <\/div>\n            <\/div>\n            <div class=\"box-text text-center is-large\" >\n                  <div class=\"box-text-inner\">\n                      <h6 class=\"uppercase portfolio-box-title\">EASTFIELDS PHASE 1A &#8211; LONDON<\/h6>\n                      <p class=\"uppercase portfolio-box-category is-xsmall op-6\">\n                        <span class=\"show-on-hover\">\n                                                 <\/span>\n                      <\/p>\n                  <\/div>\n            <\/div>\n           <\/div>\n           <\/a>\n           <\/div>\n           <\/div><\/div><\/div>\n\t\t<\/div>\n\t\t\t\t\t<\/div>\n\n\t\n<\/div>\n","protected":false},"excerpt":{"rendered":"","protected":false},"author":1,"featured_media":0,"parent":372,"menu_order":0,"comment_status":"closed","ping_status":"closed","template":"page-blank.php","meta":{"_acf_changed":false,"footnotes":""},"class_list":["post-417","page","type-page","status-publish","hentry"],"acf":[],"_links":{"self":[{"href":"https:\/\/htn-cons.vn\/vi\/wp-json\/wp\/v2\/pages\/417","targetHints":{"allow":["GET"]}}],"collection":[{"href":"https:\/\/htn-cons.vn\/vi\/wp-json\/wp\/v2\/pages"}],"about":[{"href":"https:\/\/htn-cons.vn\/vi\/wp-json\/wp\/v2\/types\/page"}],"author":[{"embeddable":true,"href":"https:\/\/htn-cons.vn\/vi\/wp-json\/wp\/v2\/users\/1"}],"replies":[{"embeddable":true,"href":"https:\/\/htn-cons.vn\/vi\/wp-json\/wp\/v2\/comments?post=417"}],"version-history":[{"count":8,"href":"https:\/\/htn-cons.vn\/vi\/wp-json\/wp\/v2\/pages\/417\/revisions"}],"predecessor-version":[{"id":588,"href":"https:\/\/htn-cons.vn\/vi\/wp-json\/wp\/v2\/pages\/417\/revisions\/588"}],"up":[{"embeddable":true,"href":"https:\/\/htn-cons.vn\/vi\/wp-json\/wp\/v2\/pages\/372"}],"wp:attachment":[{"href":"https:\/\/htn-cons.vn\/vi\/wp-json\/wp\/v2\/media?parent=417"}],"curies":[{"name":"wp","href":"https:\/\/api.w.org\/{rel}","templated":true}]}}