{"id":400,"date":"2024-06-13T15:26:18","date_gmt":"2024-06-13T08:26:18","guid":{"rendered":"https:\/\/htn-cons.vn\/dich-vu\/quan-ly-khoi-luong\/"},"modified":"2024-06-24T08:17:59","modified_gmt":"2024-06-24T01:17:59","slug":"quan-ly-khoi-luong","status":"publish","type":"page","link":"https:\/\/htn-cons.vn\/vi\/dich-vu\/quan-ly-khoi-luong\/","title":{"rendered":"Qu\u1ea3n l\u00fd kh\u1ed1i l\u01b0\u1ee3ng"},"content":{"rendered":"\t<section class=\"section\" id=\"section_1449190513\">\n\t\t<div class=\"bg section-bg fill bg-fill  \" >\n\n\t\t\t\n\t\t\t\n\t\t\t\n\n\t\t<\/div>\n\n\t\t\n\n\t\t<div class=\"section-content relative\">\n\t\t\t\n\t\t<\/div>\n\n\t\t\n<style>\n#section_1449190513 {\n  padding-top: 30px;\n  padding-bottom: 30px;\n  min-height: 150px;\n}\n#section_1449190513 .section-bg.bg-loaded {\n  background-image: url(https:\/\/htn-cons.vn\/wp-content\/uploads\/2024\/06\/bg-project.jpg);\n}\n<\/style>\n\t<\/section>\n\t\n<div class=\"row\"  id=\"row-1679278351\">\n\n\t<div id=\"col-1875647901\" class=\"col medium-12 small-12 large-6\"  >\n\t\t\t\t<div class=\"col-inner\"  >\n\t\t\t\n\t\t\t\n<h3><span style=\"font-size: 130%; color: #962d3e;\"><strong>Qu\u1ea3n l\u00fd kh\u1ed1i l\u01b0\u1ee3ng<\/strong><\/span><\/h3>\n<p style=\"text-align: justify;\"><span style=\"color: #962d3e;\"><strong>HTN CONS<\/strong><\/span> cung c\u1ea5p d\u1ecbch v\u1ee5 qu\u1ea3n l\u00fd kh\u1ed1i l\u01b0\u1ee3ng (QS) cho nhi\u1ec1u d\u1ef1 \u00e1n x\u00e2y d\u1ef1ng, bao g\u1ed3m c\u00e1c t\u00f2a nh\u00e0, c\u00f4ng tr\u00ecnh d\u00e2n d\u1ee5ng, c\u00f4ng nghi\u1ec7p, c\u01a1 s\u1edf h\u1ea1 t\u1ea7ng v\u00e0 c\u00e1c d\u1ef1 \u00e1n \u0111\u01b0\u1eddng cao t\u1ed1c l\u1edbn.<\/p>\n<p>C\u00e1c d\u1ecbch v\u1ee5 c\u1ed1t l\u00f5i c\u1ee7a ch\u00fang t\u00f4i v\u1ec1 qu\u1ea3n l\u00fd kh\u1ed1i l\u01b0\u1ee3ng bao g\u1ed3m:<\/p>\n<ul>\n<li>D\u1ef1 to\u00e1n chi ph\u00ed<\/li>\n<li>Ph\u00e1t tri\u1ec3n B\u1ea3ng kh\u1ed1i l\u01b0\u1ee3ng (BOQ)<\/li>\n<li>Qu\u1ea3n l\u00fd ng\u00e2n s\u00e1ch<\/li>\n<li>Mua s\u1eafm v\u00e0 \u0111\u00e0m ph\u00e1n<\/li>\n<li>Qu\u1ea3n l\u00fd h\u1ee3p \u0111\u1ed3ng<\/li>\n<li>K\u1ef9 thu\u1eadt gi\u00e1 tr\u1ecb<\/li>\n<li>Quan h\u1ec7 kh\u00e1ch h\u00e0ng<\/li>\n<\/ul>\n\t\t<\/div>\n\t\t\t\t\t<\/div>\n\n\t\n\n\t<div id=\"col-754097045\" class=\"col medium-12 small-12 large-6\"  >\n\t\t\t\t<div class=\"col-inner\"  >\n\t\t\t\n\t\t\t\n<h3><span style=\"font-size: 130%; color: #962d3e;\"><strong>D\u1ef1 \u00e1n<\/strong><\/span><\/h3>\n<div id=\"portfolio-2128010259\" class=\"portfolio-element-wrapper has-filtering\">\n  \n    <div class=\"row large-columns-2 medium-columns-2 small-columns- row-small\" >\n    <div class=\"col\" data-terms=\"\" >\n          <div class=\"col-inner\" >\n          <a href=\"https:\/\/htn-cons.vn\/vi\/featured_item\/du-an-novaworld-phan-thiet\/\" class=\"plain \">\n          <div class=\"portfolio-box box has-hover box-overlay dark\">\n            <div class=\"box-image\" >\n                <div class=\"image-overlay-remove image-cover\" style=\"padding-top:100%;\">\n                <img loading=\"lazy\" decoding=\"async\" width=\"1100\" height=\"650\" src=\"https:\/\/htn-cons.vn\/wp-content\/uploads\/2024\/06\/17.jpg\" class=\"attachment-original size-original\" alt=\"\" srcset=\"https:\/\/htn-cons.vn\/wp-content\/uploads\/2024\/06\/17.jpg 1100w, https:\/\/htn-cons.vn\/wp-content\/uploads\/2024\/06\/17-300x177.jpg 300w, https:\/\/htn-cons.vn\/wp-content\/uploads\/2024\/06\/17-1024x605.jpg 1024w, https:\/\/htn-cons.vn\/wp-content\/uploads\/2024\/06\/17-768x454.jpg 768w\" sizes=\"auto, (max-width: 1100px) 100vw, 1100px\" \/>                <div class=\"overlay\" style=\"background-color:1\"><\/div>                                <\/div>\n            <\/div>\n            <div class=\"box-text text-center is-large\" >\n                  <div class=\"box-text-inner\">\n                      <h6 class=\"uppercase portfolio-box-title\">NOVAWORLD PHAN THI\u1ebeT<\/h6>\n                      <p class=\"uppercase portfolio-box-category is-xsmall op-6\">\n                        <span class=\"show-on-hover\">\n                                                 <\/span>\n                      <\/p>\n                  <\/div>\n            <\/div>\n           <\/div>\n           <\/a>\n           <\/div>\n           <\/div><div class=\"col\" data-terms=\"\" >\n          <div class=\"col-inner\" >\n          <a href=\"https:\/\/htn-cons.vn\/vi\/featured_item\/du-an-novaworld-ho-tram\/\" class=\"plain \">\n          <div class=\"portfolio-box box has-hover box-overlay dark\">\n            <div class=\"box-image\" >\n                <div class=\"image-overlay-remove image-cover\" style=\"padding-top:100%;\">\n                <img loading=\"lazy\" decoding=\"async\" width=\"1280\" height=\"852\" src=\"https:\/\/htn-cons.vn\/wp-content\/uploads\/2024\/06\/21.jpg\" class=\"attachment-original size-original\" alt=\"\" srcset=\"https:\/\/htn-cons.vn\/wp-content\/uploads\/2024\/06\/21.jpg 1280w, https:\/\/htn-cons.vn\/wp-content\/uploads\/2024\/06\/21-300x200.jpg 300w, https:\/\/htn-cons.vn\/wp-content\/uploads\/2024\/06\/21-1024x682.jpg 1024w, https:\/\/htn-cons.vn\/wp-content\/uploads\/2024\/06\/21-768x511.jpg 768w\" sizes=\"auto, (max-width: 1280px) 100vw, 1280px\" \/>                <div class=\"overlay\" style=\"background-color:1\"><\/div>                                <\/div>\n            <\/div>\n            <div class=\"box-text text-center is-large\" >\n                  <div class=\"box-text-inner\">\n                      <h6 class=\"uppercase portfolio-box-title\">NOVAWORLD H\u1ed2 TR\u00c0M<\/h6>\n                      <p class=\"uppercase portfolio-box-category is-xsmall op-6\">\n                        <span class=\"show-on-hover\">\n                                                 <\/span>\n                      <\/p>\n                  <\/div>\n            <\/div>\n           <\/div>\n           <\/a>\n           <\/div>\n           <\/div><div class=\"col\" data-terms=\"\" >\n          <div class=\"col-inner\" >\n          <a href=\"https:\/\/htn-cons.vn\/vi\/featured_item\/du-an-nha-may-giay-lac-ty-ii-hau-giang\/\" class=\"plain \">\n          <div class=\"portfolio-box box has-hover box-overlay dark\">\n            <div class=\"box-image\" >\n                <div class=\"image-overlay-remove image-cover\" style=\"padding-top:100%;\">\n                <img loading=\"lazy\" decoding=\"async\" width=\"1226\" height=\"690\" src=\"https:\/\/htn-cons.vn\/wp-content\/uploads\/2024\/06\/24.jpg\" class=\"attachment-original size-original\" alt=\"\" srcset=\"https:\/\/htn-cons.vn\/wp-content\/uploads\/2024\/06\/24.jpg 1226w, https:\/\/htn-cons.vn\/wp-content\/uploads\/2024\/06\/24-300x169.jpg 300w, https:\/\/htn-cons.vn\/wp-content\/uploads\/2024\/06\/24-1024x576.jpg 1024w, https:\/\/htn-cons.vn\/wp-content\/uploads\/2024\/06\/24-768x432.jpg 768w\" sizes=\"auto, (max-width: 1226px) 100vw, 1226px\" \/>                <div class=\"overlay\" style=\"background-color:1\"><\/div>                                <\/div>\n            <\/div>\n            <div class=\"box-text text-center is-large\" >\n                  <div class=\"box-text-inner\">\n                      <h6 class=\"uppercase portfolio-box-title\">NH\u00c0 M\u00c1Y GI\u00c0Y L\u1ea0C T\u1ef6 II \u2013 H\u1eacU GIANG<\/h6>\n                      <p class=\"uppercase portfolio-box-category is-xsmall op-6\">\n                        <span class=\"show-on-hover\">\n                                                 <\/span>\n                      <\/p>\n                  <\/div>\n            <\/div>\n           <\/div>\n           <\/a>\n           <\/div>\n           <\/div><div class=\"col\" data-terms=\"\" >\n          <div class=\"col-inner\" >\n          <a href=\"https:\/\/htn-cons.vn\/vi\/featured_item\/du-an-nha-may-giay-ty-xuan\/\" class=\"plain \">\n          <div class=\"portfolio-box box has-hover box-overlay dark\">\n            <div class=\"box-image\" >\n                <div class=\"image-overlay-remove image-cover\" style=\"padding-top:100%;\">\n                <img loading=\"lazy\" decoding=\"async\" width=\"821\" height=\"328\" src=\"https:\/\/htn-cons.vn\/wp-content\/uploads\/2024\/06\/25.png\" class=\"attachment-original size-original\" alt=\"\" srcset=\"https:\/\/htn-cons.vn\/wp-content\/uploads\/2024\/06\/25.png 821w, https:\/\/htn-cons.vn\/wp-content\/uploads\/2024\/06\/25-300x120.png 300w, https:\/\/htn-cons.vn\/wp-content\/uploads\/2024\/06\/25-768x307.png 768w\" sizes=\"auto, (max-width: 821px) 100vw, 821px\" \/>                <div class=\"overlay\" style=\"background-color:1\"><\/div>                                <\/div>\n            <\/div>\n            <div class=\"box-text text-center is-large\" >\n                  <div class=\"box-text-inner\">\n                      <h6 class=\"uppercase portfolio-box-title\">NH\u00c0 M\u00c1Y GI\u00c0Y T\u1ef6 XU\u00c2N &#8211; V\u0128NH LONG<\/h6>\n                      <p class=\"uppercase portfolio-box-category is-xsmall op-6\">\n                        <span class=\"show-on-hover\">\n                                                 <\/span>\n                      <\/p>\n                  <\/div>\n            <\/div>\n           <\/div>\n           <\/a>\n           <\/div>\n           <\/div><div class=\"col\" data-terms=\"\" >\n          <div class=\"col-inner\" >\n          <a href=\"https:\/\/htn-cons.vn\/vi\/featured_item\/du-an-nha-may-san-xuat-pho-mai-bel-viet-nam-binh-duong\/\" class=\"plain \">\n          <div class=\"portfolio-box box has-hover box-overlay dark\">\n            <div class=\"box-image\" >\n                <div class=\"image-overlay-remove image-cover\" style=\"padding-top:100%;\">\n                <img loading=\"lazy\" decoding=\"async\" width=\"512\" height=\"384\" src=\"https:\/\/htn-cons.vn\/wp-content\/uploads\/2024\/06\/26.jpg\" class=\"attachment-original size-original\" alt=\"\" srcset=\"https:\/\/htn-cons.vn\/wp-content\/uploads\/2024\/06\/26.jpg 512w, https:\/\/htn-cons.vn\/wp-content\/uploads\/2024\/06\/26-300x225.jpg 300w\" sizes=\"auto, (max-width: 512px) 100vw, 512px\" \/>                <div class=\"overlay\" style=\"background-color:1\"><\/div>                                <\/div>\n            <\/div>\n            <div class=\"box-text text-center is-large\" >\n                  <div class=\"box-text-inner\">\n                      <h6 class=\"uppercase portfolio-box-title\">NH\u00c0 M\u00c1Y S\u1ea2N XU\u1ea4T PH\u00d4 MAI \u2013 BEL VI\u1ec6T NAM (B\u00ccNH D\u01af\u01a0NG)<\/h6>\n                      <p class=\"uppercase portfolio-box-category is-xsmall op-6\">\n                        <span class=\"show-on-hover\">\n                                                 <\/span>\n                      <\/p>\n                  <\/div>\n            <\/div>\n           <\/div>\n           <\/a>\n           <\/div>\n           <\/div><div class=\"col\" data-terms=\"\" >\n          <div class=\"col-inner\" >\n          <a href=\"https:\/\/htn-cons.vn\/vi\/featured_item\/du-an-novahills-mui-ne-resort-villas-centara-mirage-resort-mui-ne\/\" class=\"plain \">\n          <div class=\"portfolio-box box has-hover box-overlay dark\">\n            <div class=\"box-image\" >\n                <div class=\"image-overlay-remove image-cover\" style=\"padding-top:100%;\">\n                <img loading=\"lazy\" decoding=\"async\" width=\"800\" height=\"493\" src=\"https:\/\/htn-cons.vn\/wp-content\/uploads\/2024\/06\/14.jpg\" class=\"attachment-original size-original\" alt=\"\" srcset=\"https:\/\/htn-cons.vn\/wp-content\/uploads\/2024\/06\/14.jpg 800w, https:\/\/htn-cons.vn\/wp-content\/uploads\/2024\/06\/14-300x185.jpg 300w, https:\/\/htn-cons.vn\/wp-content\/uploads\/2024\/06\/14-768x473.jpg 768w\" sizes=\"auto, (max-width: 800px) 100vw, 800px\" \/>                <div class=\"overlay\" style=\"background-color:1\"><\/div>                                <\/div>\n            <\/div>\n            <div class=\"box-text text-center is-large\" >\n                  <div class=\"box-text-inner\">\n                      <h6 class=\"uppercase portfolio-box-title\">NOVAHILLS M\u0168I N\u00c9 RESORT &amp; VILLAS &#8211; CENTARA MIRAGE RESORT M\u0168I N\u00c9<\/h6>\n                      <p class=\"uppercase portfolio-box-category is-xsmall op-6\">\n                        <span class=\"show-on-hover\">\n                                                 <\/span>\n                      <\/p>\n                  <\/div>\n            <\/div>\n           <\/div>\n           <\/a>\n           <\/div>\n           <\/div><div class=\"col\" data-terms=\"\" >\n          <div class=\"col-inner\" >\n          <a href=\"https:\/\/htn-cons.vn\/vi\/featured_item\/du-an-britannia-residential-phase-2b-london\/\" class=\"plain \">\n          <div class=\"portfolio-box box has-hover box-overlay dark\">\n            <div class=\"box-image\" >\n                <div class=\"image-overlay-remove image-cover\" style=\"padding-top:100%;\">\n                <img loading=\"lazy\" decoding=\"async\" width=\"960\" height=\"640\" src=\"https:\/\/htn-cons.vn\/wp-content\/uploads\/2024\/06\/1-1.jpg\" class=\"attachment-original size-original\" alt=\"\" srcset=\"https:\/\/htn-cons.vn\/wp-content\/uploads\/2024\/06\/1-1.jpg 960w, https:\/\/htn-cons.vn\/wp-content\/uploads\/2024\/06\/1-1-300x200.jpg 300w, https:\/\/htn-cons.vn\/wp-content\/uploads\/2024\/06\/1-1-768x512.jpg 768w\" sizes=\"auto, (max-width: 960px) 100vw, 960px\" \/>                <div class=\"overlay\" style=\"background-color:1\"><\/div>                                <\/div>\n            <\/div>\n            <div class=\"box-text text-center is-large\" >\n                  <div class=\"box-text-inner\">\n                      <h6 class=\"uppercase portfolio-box-title\">BRITANNIA RESIDENTIAL PHASE 2B &#8211; LONDON<\/h6>\n                      <p class=\"uppercase portfolio-box-category is-xsmall op-6\">\n                        <span class=\"show-on-hover\">\n                                                 <\/span>\n                      <\/p>\n                  <\/div>\n            <\/div>\n           <\/div>\n           <\/a>\n           <\/div>\n           <\/div><div class=\"col\" data-terms=\"\" >\n          <div class=\"col-inner\" >\n          <a href=\"https:\/\/htn-cons.vn\/vi\/featured_item\/du-an-eastfields-phase-1a-london\/\" class=\"plain \">\n          <div class=\"portfolio-box box has-hover box-overlay dark\">\n            <div class=\"box-image\" >\n                <div class=\"image-overlay-remove image-cover\" style=\"padding-top:100%;\">\n                <img loading=\"lazy\" decoding=\"async\" width=\"1212\" height=\"840\" src=\"https:\/\/htn-cons.vn\/wp-content\/uploads\/2024\/06\/3.jpg\" class=\"attachment-original size-original\" alt=\"\" srcset=\"https:\/\/htn-cons.vn\/wp-content\/uploads\/2024\/06\/3.jpg 1212w, https:\/\/htn-cons.vn\/wp-content\/uploads\/2024\/06\/3-300x208.jpg 300w, https:\/\/htn-cons.vn\/wp-content\/uploads\/2024\/06\/3-1024x710.jpg 1024w, https:\/\/htn-cons.vn\/wp-content\/uploads\/2024\/06\/3-768x532.jpg 768w\" sizes=\"auto, (max-width: 1212px) 100vw, 1212px\" \/>                <div class=\"overlay\" style=\"background-color:1\"><\/div>                                <\/div>\n            <\/div>\n            <div class=\"box-text text-center is-large\" >\n                  <div class=\"box-text-inner\">\n                      <h6 class=\"uppercase portfolio-box-title\">EASTFIELDS PHASE 1A &#8211; LONDON<\/h6>\n                      <p class=\"uppercase portfolio-box-category is-xsmall op-6\">\n                        <span class=\"show-on-hover\">\n                                                 <\/span>\n                      <\/p>\n                  <\/div>\n            <\/div>\n           <\/div>\n           <\/a>\n           <\/div>\n           <\/div><\/div><\/div>\n\t\t<\/div>\n\t\t\t\t\t<\/div>\n\n\t\n<\/div>\n","protected":false},"excerpt":{"rendered":"","protected":false},"author":1,"featured_media":0,"parent":372,"menu_order":0,"comment_status":"closed","ping_status":"closed","template":"page-blank.php","meta":{"_acf_changed":false,"footnotes":""},"class_list":["post-400","page","type-page","status-publish","hentry"],"acf":[],"_links":{"self":[{"href":"https:\/\/htn-cons.vn\/vi\/wp-json\/wp\/v2\/pages\/400","targetHints":{"allow":["GET"]}}],"collection":[{"href":"https:\/\/htn-cons.vn\/vi\/wp-json\/wp\/v2\/pages"}],"about":[{"href":"https:\/\/htn-cons.vn\/vi\/wp-json\/wp\/v2\/types\/page"}],"author":[{"embeddable":true,"href":"https:\/\/htn-cons.vn\/vi\/wp-json\/wp\/v2\/users\/1"}],"replies":[{"embeddable":true,"href":"https:\/\/htn-cons.vn\/vi\/wp-json\/wp\/v2\/comments?post=400"}],"version-history":[{"count":12,"href":"https:\/\/htn-cons.vn\/vi\/wp-json\/wp\/v2\/pages\/400\/revisions"}],"predecessor-version":[{"id":590,"href":"https:\/\/htn-cons.vn\/vi\/wp-json\/wp\/v2\/pages\/400\/revisions\/590"}],"up":[{"embeddable":true,"href":"https:\/\/htn-cons.vn\/vi\/wp-json\/wp\/v2\/pages\/372"}],"wp:attachment":[{"href":"https:\/\/htn-cons.vn\/vi\/wp-json\/wp\/v2\/media?parent=400"}],"curies":[{"name":"wp","href":"https:\/\/api.w.org\/{rel}","templated":true}]}}