{"id":397,"date":"2024-06-16T21:58:42","date_gmt":"2024-06-16T14:58:42","guid":{"rendered":"https:\/\/htn-cons.vn\/doi-tac\/"},"modified":"2024-06-25T08:54:40","modified_gmt":"2024-06-25T01:54:40","slug":"khach-hang-cong-ty","status":"publish","type":"page","link":"https:\/\/htn-cons.vn\/vi\/khach-hang-cong-ty\/","title":{"rendered":"Kh\u00e1ch H\u00e0ng C\u00f4ng Ty"},"content":{"rendered":"\t<section class=\"section\" id=\"section_2082513165\">\n\t\t<div class=\"bg section-bg fill bg-fill  \" >\n\n\t\t\t\n\t\t\t\n\t\t\t\n\n\t\t<\/div>\n\n\t\t\n\n\t\t<div class=\"section-content relative\">\n\t\t\t\n\t<div id=\"text-1430885891\" class=\"text\">\n\t\t\n<h1>KH\u00c1CH H\u00c0NG C\u00d4NG TY<\/h1>\n\t\t\n<style>\n#text-1430885891 {\n  text-align: center;\n  color: rgb(255, 255, 255);\n}\n#text-1430885891 > * {\n  color: rgb(255, 255, 255);\n}\n<\/style>\n\t<\/div>\n\t\n<div class=\"text-center\"><div class=\"is-divider divider clearfix\" style=\"margin-top:0px;margin-bottom:0px;max-width:60px;height:5px;background-color:rgb(150, 45, 62);\"><\/div><\/div>\n\t\t<\/div>\n\n\t\t\n<style>\n#section_2082513165 {\n  padding-top: 30px;\n  padding-bottom: 30px;\n  min-height: 250px;\n}\n#section_2082513165 .section-bg.bg-loaded {\n  background-image: url(https:\/\/htn-cons.vn\/wp-content\/uploads\/2024\/06\/bg-home.jpg);\n}\n<\/style>\n\t<\/section>\n\t\n<div class=\"row\"  id=\"row-1557274621\">\n\n\t<div id=\"col-32806843\" class=\"col small-12 large-12\"  >\n\t\t\t\t<div class=\"col-inner\"  >\n\t\t\t\n\t\t\t\n\t<div id=\"gap-1336783240\" class=\"gap-element clearfix\" style=\"display:block; height:auto;\">\n\t\t\n<style>\n#gap-1336783240 {\n  padding-top: 30px;\n}\n<\/style>\n\t<\/div>\n\t\n\n  \n    <div class=\"row align-item-center large-columns-7 medium-columns-3 small-columns-2\" >\n  <div class=\"gallery-col col\" >\n          <div class=\"col-inner\">\n                        <div class=\"box has-hover gallery-box box-none\">\n              <div class=\"box-image\" >\n                <img loading=\"lazy\" decoding=\"async\" width=\"98\" height=\"69\" src=\"https:\/\/htn-cons.vn\/wp-content\/uploads\/2024\/06\/22.png\" class=\"align-item-center\" alt=\"\" ids=\"111,109,107,105,103,101,99,97,95,93,91,89,87,85,83,81,79,77,75,73,71\" style=\"none\" lightbox=\"false\" columns=\"7\" image_size=\"original\" \/>                                                              <\/div>\n              <div class=\"box-text text-left\" >\n                 <p><\/p>\n              <\/div>\n            <\/div>\n                      <\/div>\n         <\/div><div class=\"gallery-col col\" >\n          <div class=\"col-inner\">\n                        <div class=\"box has-hover gallery-box box-none\">\n              <div class=\"box-image\" >\n                <img loading=\"lazy\" decoding=\"async\" width=\"128\" height=\"99\" src=\"https:\/\/htn-cons.vn\/wp-content\/uploads\/2024\/06\/21.png\" class=\"align-item-center\" alt=\"\" ids=\"111,109,107,105,103,101,99,97,95,93,91,89,87,85,83,81,79,77,75,73,71\" style=\"none\" lightbox=\"false\" columns=\"7\" image_size=\"original\" \/>                                                              <\/div>\n              <div class=\"box-text text-left\" >\n                 <p><\/p>\n              <\/div>\n            <\/div>\n                      <\/div>\n         <\/div><div class=\"gallery-col col\" >\n          <div class=\"col-inner\">\n                        <div class=\"box has-hover gallery-box box-none\">\n              <div class=\"box-image\" >\n                <img loading=\"lazy\" decoding=\"async\" width=\"153\" height=\"90\" src=\"https:\/\/htn-cons.vn\/wp-content\/uploads\/2024\/06\/20.png\" class=\"align-item-center\" alt=\"\" ids=\"111,109,107,105,103,101,99,97,95,93,91,89,87,85,83,81,79,77,75,73,71\" style=\"none\" lightbox=\"false\" columns=\"7\" image_size=\"original\" \/>                                                              <\/div>\n              <div class=\"box-text text-left\" >\n                 <p><\/p>\n              <\/div>\n            <\/div>\n                      <\/div>\n         <\/div><div class=\"gallery-col col\" >\n          <div class=\"col-inner\">\n                        <div class=\"box has-hover gallery-box box-none\">\n              <div class=\"box-image\" >\n                <img loading=\"lazy\" decoding=\"async\" width=\"116\" height=\"138\" src=\"https:\/\/htn-cons.vn\/wp-content\/uploads\/2024\/06\/19.png\" class=\"align-item-center\" alt=\"\" ids=\"111,109,107,105,103,101,99,97,95,93,91,89,87,85,83,81,79,77,75,73,71\" style=\"none\" lightbox=\"false\" columns=\"7\" image_size=\"original\" \/>                                                              <\/div>\n              <div class=\"box-text text-left\" >\n                 <p><\/p>\n              <\/div>\n            <\/div>\n                      <\/div>\n         <\/div><div class=\"gallery-col col\" >\n          <div class=\"col-inner\">\n                        <div class=\"box has-hover gallery-box box-none\">\n              <div class=\"box-image\" >\n                <img loading=\"lazy\" decoding=\"async\" width=\"201\" height=\"111\" src=\"https:\/\/htn-cons.vn\/wp-content\/uploads\/2024\/06\/18.png\" class=\"align-item-center\" alt=\"\" ids=\"111,109,107,105,103,101,99,97,95,93,91,89,87,85,83,81,79,77,75,73,71\" style=\"none\" lightbox=\"false\" columns=\"7\" image_size=\"original\" \/>                                                              <\/div>\n              <div class=\"box-text text-left\" >\n                 <p><\/p>\n              <\/div>\n            <\/div>\n                      <\/div>\n         <\/div><div class=\"gallery-col col\" >\n          <div class=\"col-inner\">\n                        <div class=\"box has-hover gallery-box box-none\">\n              <div class=\"box-image\" >\n                <img loading=\"lazy\" decoding=\"async\" width=\"255\" height=\"162\" src=\"https:\/\/htn-cons.vn\/wp-content\/uploads\/2024\/06\/16.jpg\" class=\"align-item-center\" alt=\"\" ids=\"111,109,107,105,103,101,99,97,95,93,91,89,87,85,83,81,79,77,75,73,71\" style=\"none\" lightbox=\"false\" columns=\"7\" image_size=\"original\" \/>                                                              <\/div>\n              <div class=\"box-text text-left\" >\n                 <p><\/p>\n              <\/div>\n            <\/div>\n                      <\/div>\n         <\/div><div class=\"gallery-col col\" >\n          <div class=\"col-inner\">\n                        <div class=\"box has-hover gallery-box box-none\">\n              <div class=\"box-image\" >\n                <img loading=\"lazy\" decoding=\"async\" width=\"392\" height=\"71\" src=\"https:\/\/htn-cons.vn\/wp-content\/uploads\/2024\/06\/15.jpg\" class=\"align-item-center\" alt=\"\" ids=\"111,109,107,105,103,101,99,97,95,93,91,89,87,85,83,81,79,77,75,73,71\" style=\"none\" lightbox=\"false\" columns=\"7\" image_size=\"original\" srcset=\"https:\/\/htn-cons.vn\/wp-content\/uploads\/2024\/06\/15.jpg 392w, https:\/\/htn-cons.vn\/wp-content\/uploads\/2024\/06\/15-300x54.jpg 300w\" sizes=\"auto, (max-width: 392px) 100vw, 392px\" \/>                                                              <\/div>\n              <div class=\"box-text text-left\" >\n                 <p><\/p>\n              <\/div>\n            <\/div>\n                      <\/div>\n         <\/div><div class=\"gallery-col col\" >\n          <div class=\"col-inner\">\n                        <div class=\"box has-hover gallery-box box-none\">\n              <div class=\"box-image\" >\n                <img loading=\"lazy\" decoding=\"async\" width=\"330\" height=\"330\" src=\"https:\/\/htn-cons.vn\/wp-content\/uploads\/2024\/06\/14.png\" class=\"align-item-center\" alt=\"\" ids=\"111,109,107,105,103,101,99,97,95,93,91,89,87,85,83,81,79,77,75,73,71\" style=\"none\" lightbox=\"false\" columns=\"7\" image_size=\"original\" srcset=\"https:\/\/htn-cons.vn\/wp-content\/uploads\/2024\/06\/14.png 330w, https:\/\/htn-cons.vn\/wp-content\/uploads\/2024\/06\/14-300x300.png 300w, https:\/\/htn-cons.vn\/wp-content\/uploads\/2024\/06\/14-150x150.png 150w\" sizes=\"auto, (max-width: 330px) 100vw, 330px\" \/>                                                              <\/div>\n              <div class=\"box-text text-left\" >\n                 <p><\/p>\n              <\/div>\n            <\/div>\n                      <\/div>\n         <\/div><div class=\"gallery-col col\" >\n          <div class=\"col-inner\">\n                        <div class=\"box has-hover gallery-box box-none\">\n              <div class=\"box-image\" >\n                <img loading=\"lazy\" decoding=\"async\" width=\"146\" height=\"56\" src=\"https:\/\/htn-cons.vn\/wp-content\/uploads\/2024\/06\/13.png\" class=\"align-item-center\" alt=\"\" ids=\"111,109,107,105,103,101,99,97,95,93,91,89,87,85,83,81,79,77,75,73,71\" style=\"none\" lightbox=\"false\" columns=\"7\" image_size=\"original\" \/>                                                              <\/div>\n              <div class=\"box-text text-left\" >\n                 <p><\/p>\n              <\/div>\n            <\/div>\n                      <\/div>\n         <\/div><div class=\"gallery-col col\" >\n          <div class=\"col-inner\">\n                        <div class=\"box has-hover gallery-box box-none\">\n              <div class=\"box-image\" >\n                <img loading=\"lazy\" decoding=\"async\" width=\"204\" height=\"69\" src=\"https:\/\/htn-cons.vn\/wp-content\/uploads\/2024\/06\/12.png\" class=\"align-item-center\" alt=\"\" ids=\"111,109,107,105,103,101,99,97,95,93,91,89,87,85,83,81,79,77,75,73,71\" style=\"none\" lightbox=\"false\" columns=\"7\" image_size=\"original\" \/>                                                              <\/div>\n              <div class=\"box-text text-left\" >\n                 <p><\/p>\n              <\/div>\n            <\/div>\n                      <\/div>\n         <\/div><div class=\"gallery-col col\" >\n          <div class=\"col-inner\">\n                        <div class=\"box has-hover gallery-box box-none\">\n              <div class=\"box-image\" >\n                <img loading=\"lazy\" decoding=\"async\" width=\"172\" height=\"83\" src=\"https:\/\/htn-cons.vn\/wp-content\/uploads\/2024\/06\/11.png\" class=\"align-item-center\" alt=\"\" ids=\"111,109,107,105,103,101,99,97,95,93,91,89,87,85,83,81,79,77,75,73,71\" style=\"none\" lightbox=\"false\" columns=\"7\" image_size=\"original\" \/>                                                              <\/div>\n              <div class=\"box-text text-left\" >\n                 <p><\/p>\n              <\/div>\n            <\/div>\n                      <\/div>\n         <\/div><div class=\"gallery-col col\" >\n          <div class=\"col-inner\">\n                        <div class=\"box has-hover gallery-box box-none\">\n              <div class=\"box-image\" >\n                <img loading=\"lazy\" decoding=\"async\" width=\"230\" height=\"66\" src=\"https:\/\/htn-cons.vn\/wp-content\/uploads\/2024\/06\/10.png\" class=\"align-item-center\" alt=\"\" ids=\"111,109,107,105,103,101,99,97,95,93,91,89,87,85,83,81,79,77,75,73,71\" style=\"none\" lightbox=\"false\" columns=\"7\" image_size=\"original\" \/>                                                              <\/div>\n              <div class=\"box-text text-left\" >\n                 <p><\/p>\n              <\/div>\n            <\/div>\n                      <\/div>\n         <\/div><div class=\"gallery-col col\" >\n          <div class=\"col-inner\">\n                        <div class=\"box has-hover gallery-box box-none\">\n              <div class=\"box-image\" >\n                <img loading=\"lazy\" decoding=\"async\" width=\"141\" height=\"106\" src=\"https:\/\/htn-cons.vn\/wp-content\/uploads\/2024\/06\/9.jpg\" class=\"align-item-center\" alt=\"\" ids=\"111,109,107,105,103,101,99,97,95,93,91,89,87,85,83,81,79,77,75,73,71\" style=\"none\" lightbox=\"false\" columns=\"7\" image_size=\"original\" \/>                                                              <\/div>\n              <div class=\"box-text text-left\" >\n                 <p><\/p>\n              <\/div>\n            <\/div>\n                      <\/div>\n         <\/div><div class=\"gallery-col col\" >\n          <div class=\"col-inner\">\n                        <div class=\"box has-hover gallery-box box-none\">\n              <div class=\"box-image\" >\n                <img loading=\"lazy\" decoding=\"async\" width=\"365\" height=\"193\" src=\"https:\/\/htn-cons.vn\/wp-content\/uploads\/2024\/06\/8.png\" class=\"align-item-center\" alt=\"\" ids=\"111,109,107,105,103,101,99,97,95,93,91,89,87,85,83,81,79,77,75,73,71\" style=\"none\" lightbox=\"false\" columns=\"7\" image_size=\"original\" srcset=\"https:\/\/htn-cons.vn\/wp-content\/uploads\/2024\/06\/8.png 365w, https:\/\/htn-cons.vn\/wp-content\/uploads\/2024\/06\/8-300x159.png 300w\" sizes=\"auto, (max-width: 365px) 100vw, 365px\" \/>                                                              <\/div>\n              <div class=\"box-text text-left\" >\n                 <p><\/p>\n              <\/div>\n            <\/div>\n                      <\/div>\n         <\/div><div class=\"gallery-col col\" >\n          <div class=\"col-inner\">\n                        <div class=\"box has-hover gallery-box box-none\">\n              <div class=\"box-image\" >\n                <img loading=\"lazy\" decoding=\"async\" width=\"301\" height=\"75\" src=\"https:\/\/htn-cons.vn\/wp-content\/uploads\/2024\/06\/7.png\" class=\"align-item-center\" alt=\"\" ids=\"111,109,107,105,103,101,99,97,95,93,91,89,87,85,83,81,79,77,75,73,71\" style=\"none\" lightbox=\"false\" columns=\"7\" image_size=\"original\" \/>                                                              <\/div>\n              <div class=\"box-text text-left\" >\n                 <p><\/p>\n              <\/div>\n            <\/div>\n                      <\/div>\n         <\/div><div class=\"gallery-col col\" >\n          <div class=\"col-inner\">\n                        <div class=\"box has-hover gallery-box box-none\">\n              <div class=\"box-image\" >\n                <img loading=\"lazy\" decoding=\"async\" width=\"437\" height=\"168\" src=\"https:\/\/htn-cons.vn\/wp-content\/uploads\/2024\/06\/6.png\" class=\"align-item-center\" alt=\"\" ids=\"111,109,107,105,103,101,99,97,95,93,91,89,87,85,83,81,79,77,75,73,71\" style=\"none\" lightbox=\"false\" columns=\"7\" image_size=\"original\" srcset=\"https:\/\/htn-cons.vn\/wp-content\/uploads\/2024\/06\/6.png 437w, https:\/\/htn-cons.vn\/wp-content\/uploads\/2024\/06\/6-300x115.png 300w\" sizes=\"auto, (max-width: 437px) 100vw, 437px\" \/>                                                              <\/div>\n              <div class=\"box-text text-left\" >\n                 <p><\/p>\n              <\/div>\n            <\/div>\n                      <\/div>\n         <\/div><div class=\"gallery-col col\" >\n          <div class=\"col-inner\">\n                        <div class=\"box has-hover gallery-box box-none\">\n              <div class=\"box-image\" >\n                <img loading=\"lazy\" decoding=\"async\" width=\"221\" height=\"72\" src=\"https:\/\/htn-cons.vn\/wp-content\/uploads\/2024\/06\/5.png\" class=\"align-item-center\" alt=\"\" ids=\"111,109,107,105,103,101,99,97,95,93,91,89,87,85,83,81,79,77,75,73,71\" style=\"none\" lightbox=\"false\" columns=\"7\" image_size=\"original\" \/>                                                              <\/div>\n              <div class=\"box-text text-left\" >\n                 <p><\/p>\n              <\/div>\n            <\/div>\n                      <\/div>\n         <\/div><div class=\"gallery-col col\" >\n          <div class=\"col-inner\">\n                        <div class=\"box has-hover gallery-box box-none\">\n              <div class=\"box-image\" >\n                <img loading=\"lazy\" decoding=\"async\" width=\"133\" height=\"65\" src=\"https:\/\/htn-cons.vn\/wp-content\/uploads\/2024\/06\/4.png\" class=\"align-item-center\" alt=\"\" ids=\"111,109,107,105,103,101,99,97,95,93,91,89,87,85,83,81,79,77,75,73,71\" style=\"none\" lightbox=\"false\" columns=\"7\" image_size=\"original\" \/>                                                              <\/div>\n              <div class=\"box-text text-left\" >\n                 <p><\/p>\n              <\/div>\n            <\/div>\n                      <\/div>\n         <\/div><div class=\"gallery-col col\" >\n          <div class=\"col-inner\">\n                        <div class=\"box has-hover gallery-box box-none\">\n              <div class=\"box-image\" >\n                <img loading=\"lazy\" decoding=\"async\" width=\"209\" height=\"92\" src=\"https:\/\/htn-cons.vn\/wp-content\/uploads\/2024\/06\/3.png\" class=\"align-item-center\" alt=\"\" ids=\"111,109,107,105,103,101,99,97,95,93,91,89,87,85,83,81,79,77,75,73,71\" style=\"none\" lightbox=\"false\" columns=\"7\" image_size=\"original\" \/>                                                              <\/div>\n              <div class=\"box-text text-left\" >\n                 <p><\/p>\n              <\/div>\n            <\/div>\n                      <\/div>\n         <\/div><div class=\"gallery-col col\" >\n          <div class=\"col-inner\">\n                        <div class=\"box has-hover gallery-box box-none\">\n              <div class=\"box-image\" >\n                <img loading=\"lazy\" decoding=\"async\" width=\"194\" height=\"100\" src=\"https:\/\/htn-cons.vn\/wp-content\/uploads\/2024\/06\/2.png\" class=\"align-item-center\" alt=\"\" ids=\"111,109,107,105,103,101,99,97,95,93,91,89,87,85,83,81,79,77,75,73,71\" style=\"none\" lightbox=\"false\" columns=\"7\" image_size=\"original\" \/>                                                              <\/div>\n              <div class=\"box-text text-left\" >\n                 <p><\/p>\n              <\/div>\n            <\/div>\n                      <\/div>\n         <\/div><div class=\"gallery-col col\" >\n          <div class=\"col-inner\">\n                        <div class=\"box has-hover gallery-box box-none\">\n              <div class=\"box-image\" >\n                <img loading=\"lazy\" decoding=\"async\" width=\"301\" height=\"82\" src=\"https:\/\/htn-cons.vn\/wp-content\/uploads\/2024\/06\/1.png\" class=\"align-item-center\" alt=\"\" ids=\"111,109,107,105,103,101,99,97,95,93,91,89,87,85,83,81,79,77,75,73,71\" style=\"none\" lightbox=\"false\" columns=\"7\" image_size=\"original\" \/>                                                              <\/div>\n              <div class=\"box-text text-left\" >\n                 <p><\/p>\n              <\/div>\n            <\/div>\n                      <\/div>\n         <\/div><\/div>\n\t\t<\/div>\n\t\t\t\t\t<\/div>\n\n\t\n<\/div>\n","protected":false},"excerpt":{"rendered":"","protected":false},"author":1,"featured_media":0,"parent":0,"menu_order":0,"comment_status":"closed","ping_status":"closed","template":"page-blank.php","meta":{"_acf_changed":false,"footnotes":""},"class_list":["post-397","page","type-page","status-publish","hentry"],"acf":[],"_links":{"self":[{"href":"https:\/\/htn-cons.vn\/vi\/wp-json\/wp\/v2\/pages\/397","targetHints":{"allow":["GET"]}}],"collection":[{"href":"https:\/\/htn-cons.vn\/vi\/wp-json\/wp\/v2\/pages"}],"about":[{"href":"https:\/\/htn-cons.vn\/vi\/wp-json\/wp\/v2\/types\/page"}],"author":[{"embeddable":true,"href":"https:\/\/htn-cons.vn\/vi\/wp-json\/wp\/v2\/users\/1"}],"replies":[{"embeddable":true,"href":"https:\/\/htn-cons.vn\/vi\/wp-json\/wp\/v2\/comments?post=397"}],"version-history":[{"count":10,"href":"https:\/\/htn-cons.vn\/vi\/wp-json\/wp\/v2\/pages\/397\/revisions"}],"predecessor-version":[{"id":673,"href":"https:\/\/htn-cons.vn\/vi\/wp-json\/wp\/v2\/pages\/397\/revisions\/673"}],"wp:attachment":[{"href":"https:\/\/htn-cons.vn\/vi\/wp-json\/wp\/v2\/media?parent=397"}],"curies":[{"name":"wp","href":"https:\/\/api.w.org\/{rel}","templated":true}]}}