{"id":372,"date":"2024-06-13T15:11:21","date_gmt":"2024-06-13T08:11:21","guid":{"rendered":"https:\/\/htn-cons.vn\/dich-vu\/"},"modified":"2024-06-24T08:24:11","modified_gmt":"2024-06-24T01:24:11","slug":"dich-vu","status":"publish","type":"page","link":"https:\/\/htn-cons.vn\/vi\/dich-vu\/","title":{"rendered":"D\u1ecbch v\u1ee5"},"content":{"rendered":"\t<section class=\"section\" id=\"section_1736325790\">\n\t\t<div class=\"bg section-bg fill bg-fill  \" >\n\n\t\t\t\n\t\t\t\n\t\t\t\n\n\t\t<\/div>\n\n\t\t\n\n\t\t<div class=\"section-content relative\">\n\t\t\t\n<div class=\"row row-gt-home  row-services\"  id=\"row-92301001\">\n\n\t<div id=\"col-1145414386\" class=\"col col-gt-home col-services medium-6 small-12 large-4\"  >\n\t\t\t\t<div class=\"col-inner text-center\"  >\n\t\t\t\n\t\t\t\n\t<div id=\"text-1550621866\" class=\"text\">\n\t\t\n<h3><span style=\"font-size: 110%;\"><strong><span style=\"color: #962d3e;\">Qu\u1ea3n l\u00fd kh\u1ed1i l\u01b0\u1ee3ng<\/span><\/strong><\/span><\/h3>\n<p style=\"text-align: justify;\"><span style=\"color: #962d3e;\"><strong>HTN CONS<\/strong><\/span> cung c\u1ea5p d\u1ecbch v\u1ee5 qu\u1ea3n l\u00fd kh\u1ed1i l\u01b0\u1ee3ng (QS) cho nhi\u1ec1u d\u1ef1 \u00e1n x\u00e2y d\u1ef1ng, bao g\u1ed3m c\u00e1c t\u00f2a nh\u00e0, c\u00f4ng tr\u00ecnh d\u00e2n d\u1ee5ng, c\u00f4ng nghi\u1ec7p, c\u01a1 s\u1edf h\u1ea1 t\u1ea7ng v\u00e0 c\u00e1c d\u1ef1 \u00e1n \u0111\u01b0\u1eddng cao t\u1ed1c l\u1edbn.<\/p>\n\t\t\n<style>\n#text-1550621866 {\n  text-align: center;\n}\n<\/style>\n\t<\/div>\n\t\n\t<div id=\"gap-196254565\" class=\"gap-element clearfix\" style=\"display:block; height:auto;\">\n\t\t\n<style>\n#gap-196254565 {\n  padding-top: 20px;\n}\n<\/style>\n\t<\/div>\n\t\n<a href=\"https:\/\/htn-cons.vn\/vi\/dich-vu\/quan-ly-khoi-luong\/\" target=\"_blank\" class=\"button primary is-small lowercase\" rel=\"noopener\"  style=\"border-radius:10px;\">\n    <span>Xem th\u00eam<\/span>\n  <i class=\"icon-angle-right\" aria-hidden=\"true\" ><\/i><\/a>\n\n\t\t<\/div>\n\t\t\t\t\t<\/div>\n\n\t\n\n\t<div id=\"col-931286410\" class=\"col col-gt-home col-services medium-6 small-12 large-4\"  >\n\t\t\t\t<div class=\"col-inner text-center\"  >\n\t\t\t\n\t\t\t\n\t<div id=\"text-4009293028\" class=\"text\">\n\t\t\n<h3><span style=\"font-size: 110%;\"><strong><span style=\"color: #962d3e;\">Qu\u1ea3n l\u00fd chi ph\u00ed<\/span><\/strong><\/span><\/h3>\n<p style=\"text-align: justify;\">Qu\u1ea3n l\u00fd chi ph\u00ed bao g\u1ed3m vi\u1ec7c \u0111\u00e1nh gi\u00e1 thi\u1ebft k\u1ebf thay th\u1ebf d\u1ef1a tr\u00ean c\u00e1c ti\u00eau ch\u00ed gi\u00e1 tr\u1ecb c\u1ee7a kh\u00e1ch h\u00e0ng v\u1ec1 ch\u1ee9c n\u0103ng, ch\u1ea5t l\u01b0\u1ee3ng v\u00e0 \u0111\u1ed9 b\u1ec1n. C\u00e1c k\u1ef9 thu\u1eadt \u0111\u00e1nh gi\u00e1 cho ph\u00e9p nh\u00f3m thi\u1ebft k\u1ebf t\u1ed1i \u01b0u h\u00f3a&#8230;<\/p>\n\t\t\n<style>\n#text-4009293028 {\n  text-align: center;\n}\n<\/style>\n\t<\/div>\n\t\n\t<div id=\"gap-1216831142\" class=\"gap-element clearfix\" style=\"display:block; height:auto;\">\n\t\t\n<style>\n#gap-1216831142 {\n  padding-top: 20px;\n}\n<\/style>\n\t<\/div>\n\t\n<a href=\"https:\/\/htn-cons.vn\/vi\/dich-vu\/quan-ly-chi-phi\/\" target=\"_blank\" class=\"button primary is-small lowercase\" rel=\"noopener\"  style=\"border-radius:10px;\">\n    <span>Xem th\u00eam<\/span>\n  <i class=\"icon-angle-right\" aria-hidden=\"true\" ><\/i><\/a>\n\n\t\t<\/div>\n\t\t\t\t\t<\/div>\n\n\t\n\n\t<div id=\"col-622343579\" class=\"col col-gt-home col-services medium-4 small-12 large-4\"  >\n\t\t\t\t<div class=\"col-inner text-center\"  >\n\t\t\t\n\t\t\t\n\t<div id=\"text-3548807748\" class=\"text\">\n\t\t\n<h3><span style=\"font-size: 110%;\"><strong><span style=\"color: #962d3e;\">T\u01b0 v\u1ea5n \u0111\u1ea5u th\u1ea7u<\/span><\/strong><\/span><\/h3>\n<p style=\"text-align: justify;\">D\u1ef1a tr\u00ean m\u1ea1ng l\u01b0\u1edbi r\u1ed9ng kh\u1eafp c\u00e1c chuy\u00ean gia t\u01b0 v\u1ea5n \u0111\u1ea5u th\u1ea7u, lu\u1eadt s\u01b0 \u0111\u1ea5u th\u1ea7u v\u00e0 chuy\u00ean gia \u0111\u1ea5u th\u1ea7u n\u1ed9i b\u1ed9 c\u1ee7a ch\u00fang t\u00f4i, Nh\u00f3m D\u1ecbch v\u1ee5 \u0110\u1ea5u th\u1ea7u c\u00f3 th\u1ec3 h\u1ed7 tr\u1ee3 b\u1ea1n khi c\u1ed1 g\u1eafng t\u00ecm hi\u1ec3u khung ph\u00e1p l\u00fd&#8230;<\/p>\n\t\t\n<style>\n#text-3548807748 {\n  text-align: center;\n}\n<\/style>\n\t<\/div>\n\t\n\t<div id=\"gap-1050257400\" class=\"gap-element clearfix\" style=\"display:block; height:auto;\">\n\t\t\n<style>\n#gap-1050257400 {\n  padding-top: 20px;\n}\n<\/style>\n\t<\/div>\n\t\n<a href=\"https:\/\/htn-cons.vn\/vi\/dich-vu\/tu-van-dau-thau\/\" target=\"_blank\" class=\"button primary is-small lowercase\" rel=\"noopener\"  style=\"border-radius:10px;\">\n    <span>Xem th\u00eam<\/span>\n  <i class=\"icon-angle-right\" aria-hidden=\"true\" ><\/i><\/a>\n\n\t\t<\/div>\n\t\t\t\t\t<\/div>\n\n\t\n\n\t<div id=\"col-1618074130\" class=\"col col-gt-home col-services medium-4 small-12 large-4\"  >\n\t\t\t\t<div class=\"col-inner text-center\"  >\n\t\t\t\n\t\t\t\n\t<div id=\"text-1272918146\" class=\"text\">\n\t\t\n<h3><span style=\"font-size: 110%;\"><strong><span style=\"color: #962d3e;\">Qu\u1ea3n l\u00fd d\u1ef1 \u00e1n<\/span><\/strong><\/span><\/h3>\n<p style=\"text-align: justify;\">Ch\u00fang t\u00f4i s\u1eed d\u1ee5ng m\u1ed9t ph\u01b0\u01a1ng ph\u00e1p \u0111\u00e3 \u0111\u01b0\u1ee3c th\u1eed nghi\u1ec7m v\u00e0 ki\u1ec3m nghi\u1ec7m \u0111\u1ec3 mang l\u1ea1i k\u1ebft qu\u1ea3 t\u1ed1t nh\u1ea5t c\u00f3 th\u1ec3 cho c\u00e1c d\u1ef1 \u00e1n c\u1ee7a m\u00ecnh cho d\u00f9 \u0111\u00f3 l\u00e0 d\u1ef1 \u00e1n m\u1edbi hay d\u1ef1 \u00e1n ph\u1ee5c h\u1ed3i. L\u00e0 m\u1ed9t nh\u00f3m, ch\u00fang t\u00f4i c\u00f3 t\u00ednh \u0111a ng\u00e0nh v\u00e0 bao qu\u00e1t&#8230;<\/p>\n\t\t\n<style>\n#text-1272918146 {\n  text-align: center;\n}\n<\/style>\n\t<\/div>\n\t\n\t<div id=\"gap-1386970571\" class=\"gap-element clearfix\" style=\"display:block; height:auto;\">\n\t\t\n<style>\n#gap-1386970571 {\n  padding-top: 20px;\n}\n<\/style>\n\t<\/div>\n\t\n<a href=\"https:\/\/htn-cons.vn\/vi\/dich-vu\/quan-ly-du-an\/\" target=\"_blank\" class=\"button primary is-small lowercase\" rel=\"noopener\"  style=\"border-radius:10px;\">\n    <span>Xem th\u00eam<\/span>\n  <i class=\"icon-angle-right\" aria-hidden=\"true\" ><\/i><\/a>\n\n\t\t<\/div>\n\t\t\t\t\t<\/div>\n\n\t\n\n\t<div id=\"col-1436847250\" class=\"col col-gt-home col-services medium-4 small-12 large-4\"  >\n\t\t\t\t<div class=\"col-inner text-center\"  >\n\t\t\t\n\t\t\t\n\t<div id=\"text-1119859812\" class=\"text\">\n\t\t\n<h3><span style=\"font-size: 110%;\"><strong><span style=\"color: #962d3e;\">T\u01b0 v\u1ea5n h\u1ee3p \u0111\u1ed3ng<\/span><\/strong><\/span><\/h3>\n<p style=\"text-align: justify;\"><span style=\"color: #962d3e;\"><strong>HTN CONS<\/strong><\/span> cung c\u1ea5p d\u1ecbch v\u1ee5 t\u01b0 v\u1ea5n H\u1ee3p \u0111\u1ed3ng nh\u1eb1m gi\u00fap kh\u00e1ch h\u00e0ng \u0111i\u1ec1u h\u01b0\u1edbng th\u1ebf gi\u1edbi h\u1ee3p \u0111\u1ed3ng ph\u1ee9c t\u1ea1p v\u00e0 bi\u1ebfn \u0111\u1ed5i kh\u00f4ng ng\u1eebng Ch\u00fang t\u00f4i l\u1eafng nghe kh\u00e1ch h\u00e0ng v\u00e0 h\u1ecfi kh\u00e1ch h\u00e0ng nh\u1eefng c\u00e2u h\u1ecfi ph\u00f9 h\u1ee3p \u0111\u1ec3 x\u00e1c \u0111\u1ecbnh&#8230;<\/p>\n\t\t\n<style>\n#text-1119859812 {\n  text-align: center;\n}\n<\/style>\n\t<\/div>\n\t\n\t<div id=\"gap-98092440\" class=\"gap-element clearfix\" style=\"display:block; height:auto;\">\n\t\t\n<style>\n#gap-98092440 {\n  padding-top: 20px;\n}\n<\/style>\n\t<\/div>\n\t\n<a href=\"https:\/\/htn-cons.vn\/vi\/dich-vu\/tu-van-hop-dong\/\" target=\"_blank\" class=\"button primary is-small lowercase\" rel=\"noopener\"  style=\"border-radius:10px;\">\n    <span>Xem th\u00eam<\/span>\n  <i class=\"icon-angle-right\" aria-hidden=\"true\" ><\/i><\/a>\n\n\t\t<\/div>\n\t\t\t\t\t<\/div>\n\n\t\n\n\t<div id=\"col-502732650\" class=\"col col-gt-home col-services medium-4 small-12 large-4\"  >\n\t\t\t\t<div class=\"col-inner text-center\"  >\n\t\t\t\n\t\t\t\n\t<div id=\"text-2191883305\" class=\"text\">\n\t\t\n<h3><span style=\"font-size: 110%;\"><strong><span style=\"color: #962d3e;\">Th\u1ea9m tra d\u1ef1 \u00e1n<\/span><\/strong><\/span><\/h3>\n<p style=\"text-align: justify;\"><span style=\"color: #962d3e;\"><strong>HTN CONS<\/strong><\/span> d\u1ef1a tr\u00ean ki\u1ebfn \u200b\u200bth\u1ee9c v\u1ec1 d\u1ef1 \u00e1n, hi\u1ec3u bi\u1ebft s\u00e2u s\u1eafc v\u1ec1 th\u1ecb tr\u01b0\u1eddng v\u00e0 quy tr\u00ecnh ki\u1ec3m so\u00e1t ch\u1eb7t ch\u1ebd c\u1ee7a ch\u00fang t\u00f4i \u0111\u1ec3 cung c\u1ea5p t\u01b0 v\u1ea5n th\u1ea9m \u0111\u1ecbnh v\u1ec1 c\u00e1c r\u1ee7i ro, tr\u00e1ch nhi\u1ec7m ph\u00e1p l\u00fd ho\u1eb7c tr\u1edf ng\u1ea1i ti\u1ec1m \u1ea9n c\u00f3 th\u1ec3 \u1ea3nh h\u01b0\u1edfng \u0111\u1ebfn vi\u1ec7c mua l\u1ea1i&#8230;<\/p>\n\t\t\n<style>\n#text-2191883305 {\n  text-align: center;\n}\n<\/style>\n\t<\/div>\n\t\n\t<div id=\"gap-97568982\" class=\"gap-element clearfix\" style=\"display:block; height:auto;\">\n\t\t\n<style>\n#gap-97568982 {\n  padding-top: 20px;\n}\n<\/style>\n\t<\/div>\n\t\n<a href=\"https:\/\/htn-cons.vn\/vi\/dich-vu\/tham-tra-du-an\/\" target=\"_blank\" class=\"button primary is-small lowercase\" rel=\"noopener\"  style=\"border-radius:10px;\">\n    <span>Xem th\u00eam<\/span>\n  <i class=\"icon-angle-right\" aria-hidden=\"true\" ><\/i><\/a>\n\n\t\t<\/div>\n\t\t\t\t\t<\/div>\n\n\t\n<\/div>\n\t\t<\/div>\n\n\t\t\n<style>\n#section_1736325790 {\n  padding-top: 30px;\n  padding-bottom: 30px;\n  min-height: 80vh;\n}\n#section_1736325790 .section-bg.bg-loaded {\n  background-image: url(https:\/\/htn-cons.vn\/wp-content\/uploads\/2024\/06\/bg-home-6.jpg);\n}\n<\/style>\n\t<\/section>\n\t\n","protected":false},"excerpt":{"rendered":"","protected":false},"author":1,"featured_media":0,"parent":0,"menu_order":0,"comment_status":"closed","ping_status":"closed","template":"page-blank.php","meta":{"_acf_changed":false,"footnotes":""},"class_list":["post-372","page","type-page","status-publish","hentry"],"acf":[],"_links":{"self":[{"href":"https:\/\/htn-cons.vn\/vi\/wp-json\/wp\/v2\/pages\/372","targetHints":{"allow":["GET"]}}],"collection":[{"href":"https:\/\/htn-cons.vn\/vi\/wp-json\/wp\/v2\/pages"}],"about":[{"href":"https:\/\/htn-cons.vn\/vi\/wp-json\/wp\/v2\/types\/page"}],"author":[{"embeddable":true,"href":"https:\/\/htn-cons.vn\/vi\/wp-json\/wp\/v2\/users\/1"}],"replies":[{"embeddable":true,"href":"https:\/\/htn-cons.vn\/vi\/wp-json\/wp\/v2\/comments?post=372"}],"version-history":[{"count":9,"href":"https:\/\/htn-cons.vn\/vi\/wp-json\/wp\/v2\/pages\/372\/revisions"}],"predecessor-version":[{"id":495,"href":"https:\/\/htn-cons.vn\/vi\/wp-json\/wp\/v2\/pages\/372\/revisions\/495"}],"wp:attachment":[{"href":"https:\/\/htn-cons.vn\/vi\/wp-json\/wp\/v2\/media?parent=372"}],"curies":[{"name":"wp","href":"https:\/\/api.w.org\/{rel}","templated":true}]}}