{"id":369,"date":"2024-06-13T15:11:31","date_gmt":"2024-06-13T08:11:31","guid":{"rendered":"https:\/\/htn-cons.vn\/du-an\/"},"modified":"2024-08-03T12:54:29","modified_gmt":"2024-08-03T05:54:29","slug":"du-an","status":"publish","type":"page","link":"https:\/\/htn-cons.vn\/vi\/du-an\/","title":{"rendered":"D\u1ef1 \u00e1n"},"content":{"rendered":"\t<section class=\"section\" id=\"section_257995343\">\n\t\t<div class=\"bg section-bg fill bg-fill  \" >\n\n\t\t\t\n\t\t\t<div class=\"section-bg-overlay absolute fill\"><\/div>\n\t\t\t\n\n\t\t<\/div>\n\n\t\t\n\n\t\t<div class=\"section-content relative\">\n\t\t\t\n\t<div id=\"text-889137334\" class=\"text\">\n\t\t\n<h1>D\u1ef0 \u00c1N<\/h1>\n\t\t\n<style>\n#text-889137334 {\n  text-align: center;\n  color: rgb(255, 255, 255);\n}\n#text-889137334 > * {\n  color: rgb(255, 255, 255);\n}\n<\/style>\n\t<\/div>\n\t\n<div class=\"text-center\"><div class=\"is-divider divider clearfix\" style=\"margin-top:0px;margin-bottom:0px;max-width:60px;height:5px;background-color:rgb(150, 45, 62);\"><\/div><\/div>\n\t\t<\/div>\n\n\t\t\n<style>\n#section_257995343 {\n  padding-top: 30px;\n  padding-bottom: 30px;\n  min-height: 250px;\n}\n#section_257995343 .section-bg-overlay {\n  background-color: rgba(0, 0, 0, 0.3);\n}\n#section_257995343 .section-bg.bg-loaded {\n  background-image: url(https:\/\/htn-cons.vn\/wp-content\/uploads\/2024\/08\/bai-du-thi-thanh-pho-toi-yeu-_441698147705.jpg);\n}\n<\/style>\n\t<\/section>\n\t\n<div class=\"row row-full-width\"  id=\"row-1996832639\">\n\n\t<div id=\"col-622690835\" class=\"col small-12 large-12\"  >\n\t\t\t\t<div class=\"col-inner\"  >\n\t\t\t\n\t\t\t\n<div id=\"portfolio-923697057\" class=\"portfolio-element-wrapper has-filtering\">\n  \n    <div class=\"row large-columns-5 medium-columns-3 small-columns-1 row-small row-full-width\" >\n    <div class=\"col\" data-terms=\"\" >\n          <div class=\"col-inner\" >\n          <a href=\"https:\/\/htn-cons.vn\/vi\/featured_item\/du-an-britannia-residential-phase-2b-london\/\" class=\"plain \">\n          <div class=\"portfolio-box box has-hover box-shade dark\">\n            <div class=\"box-image\" >\n                <div class=\"image-cover\" style=\"padding-top:100%;\">\n                <img loading=\"lazy\" decoding=\"async\" width=\"960\" height=\"640\" src=\"https:\/\/htn-cons.vn\/wp-content\/uploads\/2024\/06\/1-1.jpg\" class=\"attachment-original size-original\" alt=\"\" srcset=\"https:\/\/htn-cons.vn\/wp-content\/uploads\/2024\/06\/1-1.jpg 960w, https:\/\/htn-cons.vn\/wp-content\/uploads\/2024\/06\/1-1-300x200.jpg 300w, https:\/\/htn-cons.vn\/wp-content\/uploads\/2024\/06\/1-1-768x512.jpg 768w\" sizes=\"auto, (max-width: 960px) 100vw, 960px\" \/>                                <div class=\"shade\"><\/div>                <\/div>\n            <\/div>\n            <div class=\"box-text text-center\" >\n                  <div class=\"box-text-inner\">\n                      <h6 class=\"uppercase portfolio-box-title\">BRITANNIA RESIDENTIAL PHASE 2B &#8211; LONDON<\/h6>\n                      <p class=\"uppercase portfolio-box-category is-xsmall op-6\">\n                        <span class=\"show-on-hover\">\n                                                 <\/span>\n                      <\/p>\n                  <\/div>\n            <\/div>\n           <\/div>\n           <\/a>\n           <\/div>\n           <\/div><div class=\"col\" data-terms=\"\" >\n          <div class=\"col-inner\" >\n          <a href=\"https:\/\/htn-cons.vn\/vi\/featured_item\/du-an-eastfields-phase-1a-london\/\" class=\"plain \">\n          <div class=\"portfolio-box box has-hover box-shade dark\">\n            <div class=\"box-image\" >\n                <div class=\"image-cover\" style=\"padding-top:100%;\">\n                <img loading=\"lazy\" decoding=\"async\" width=\"1212\" height=\"840\" src=\"https:\/\/htn-cons.vn\/wp-content\/uploads\/2024\/06\/3.jpg\" class=\"attachment-original size-original\" alt=\"\" srcset=\"https:\/\/htn-cons.vn\/wp-content\/uploads\/2024\/06\/3.jpg 1212w, https:\/\/htn-cons.vn\/wp-content\/uploads\/2024\/06\/3-300x208.jpg 300w, https:\/\/htn-cons.vn\/wp-content\/uploads\/2024\/06\/3-1024x710.jpg 1024w, https:\/\/htn-cons.vn\/wp-content\/uploads\/2024\/06\/3-768x532.jpg 768w\" sizes=\"auto, (max-width: 1212px) 100vw, 1212px\" \/>                                <div class=\"shade\"><\/div>                <\/div>\n            <\/div>\n            <div class=\"box-text text-center\" >\n                  <div class=\"box-text-inner\">\n                      <h6 class=\"uppercase portfolio-box-title\">EASTFIELDS PHASE 1A &#8211; LONDON<\/h6>\n                      <p class=\"uppercase portfolio-box-category is-xsmall op-6\">\n                        <span class=\"show-on-hover\">\n                                                 <\/span>\n                      <\/p>\n                  <\/div>\n            <\/div>\n           <\/div>\n           <\/a>\n           <\/div>\n           <\/div><div class=\"col\" data-terms=\"\" >\n          <div class=\"col-inner\" >\n          <a href=\"https:\/\/htn-cons.vn\/vi\/featured_item\/du-an-the-patchworks-london\/\" class=\"plain \">\n          <div class=\"portfolio-box box has-hover box-shade dark\">\n            <div class=\"box-image\" >\n                <div class=\"image-cover\" style=\"padding-top:100%;\">\n                <img loading=\"lazy\" decoding=\"async\" width=\"1080\" height=\"1080\" src=\"https:\/\/htn-cons.vn\/wp-content\/uploads\/2024\/06\/5-1.png\" class=\"attachment-original size-original\" alt=\"\" srcset=\"https:\/\/htn-cons.vn\/wp-content\/uploads\/2024\/06\/5-1.png 1080w, https:\/\/htn-cons.vn\/wp-content\/uploads\/2024\/06\/5-1-300x300.png 300w, https:\/\/htn-cons.vn\/wp-content\/uploads\/2024\/06\/5-1-1024x1024.png 1024w, https:\/\/htn-cons.vn\/wp-content\/uploads\/2024\/06\/5-1-150x150.png 150w, https:\/\/htn-cons.vn\/wp-content\/uploads\/2024\/06\/5-1-768x768.png 768w\" sizes=\"auto, (max-width: 1080px) 100vw, 1080px\" \/>                                <div class=\"shade\"><\/div>                <\/div>\n            <\/div>\n            <div class=\"box-text text-center\" >\n                  <div class=\"box-text-inner\">\n                      <h6 class=\"uppercase portfolio-box-title\">THE PATCHWORKS &#8211; LONDON<\/h6>\n                      <p class=\"uppercase portfolio-box-category is-xsmall op-6\">\n                        <span class=\"show-on-hover\">\n                                                 <\/span>\n                      <\/p>\n                  <\/div>\n            <\/div>\n           <\/div>\n           <\/a>\n           <\/div>\n           <\/div><div class=\"col\" data-terms=\"\" >\n          <div class=\"col-inner\" >\n          <a href=\"https:\/\/htn-cons.vn\/vi\/featured_item\/du-an-aylesbury-estate-phase-c-london\/\" class=\"plain \">\n          <div class=\"portfolio-box box has-hover box-shade dark\">\n            <div class=\"box-image\" >\n                <div class=\"image-cover\" style=\"padding-top:100%;\">\n                <img loading=\"lazy\" decoding=\"async\" width=\"512\" height=\"382\" src=\"https:\/\/htn-cons.vn\/wp-content\/uploads\/2024\/06\/7.jpg\" class=\"attachment-original size-original\" alt=\"\" srcset=\"https:\/\/htn-cons.vn\/wp-content\/uploads\/2024\/06\/7.jpg 512w, https:\/\/htn-cons.vn\/wp-content\/uploads\/2024\/06\/7-300x224.jpg 300w\" sizes=\"auto, (max-width: 512px) 100vw, 512px\" \/>                                <div class=\"shade\"><\/div>                <\/div>\n            <\/div>\n            <div class=\"box-text text-center\" >\n                  <div class=\"box-text-inner\">\n                      <h6 class=\"uppercase portfolio-box-title\">AYLESBURY ESTATE PHASE C &#8211; LONDON<\/h6>\n                      <p class=\"uppercase portfolio-box-category is-xsmall op-6\">\n                        <span class=\"show-on-hover\">\n                                                 <\/span>\n                      <\/p>\n                  <\/div>\n            <\/div>\n           <\/div>\n           <\/a>\n           <\/div>\n           <\/div><div class=\"col\" data-terms=\"\" >\n          <div class=\"col-inner\" >\n          <a href=\"https:\/\/htn-cons.vn\/vi\/featured_item\/du-an-cricklewood-london\/\" class=\"plain \">\n          <div class=\"portfolio-box box has-hover box-shade dark\">\n            <div class=\"box-image\" >\n                <div class=\"image-cover\" style=\"padding-top:100%;\">\n                <img loading=\"lazy\" decoding=\"async\" width=\"919\" height=\"575\" src=\"https:\/\/htn-cons.vn\/wp-content\/uploads\/2024\/06\/9.png\" class=\"attachment-original size-original\" alt=\"\" srcset=\"https:\/\/htn-cons.vn\/wp-content\/uploads\/2024\/06\/9.png 919w, https:\/\/htn-cons.vn\/wp-content\/uploads\/2024\/06\/9-300x188.png 300w, https:\/\/htn-cons.vn\/wp-content\/uploads\/2024\/06\/9-768x481.png 768w\" sizes=\"auto, (max-width: 919px) 100vw, 919px\" \/>                                <div class=\"shade\"><\/div>                <\/div>\n            <\/div>\n            <div class=\"box-text text-center\" >\n                  <div class=\"box-text-inner\">\n                      <h6 class=\"uppercase portfolio-box-title\">CRICKLEWOOD &#8211; LONDON<\/h6>\n                      <p class=\"uppercase portfolio-box-category is-xsmall op-6\">\n                        <span class=\"show-on-hover\">\n                                                 <\/span>\n                      <\/p>\n                  <\/div>\n            <\/div>\n           <\/div>\n           <\/a>\n           <\/div>\n           <\/div><div class=\"col\" data-terms=\"\" >\n          <div class=\"col-inner\" >\n          <a href=\"https:\/\/htn-cons.vn\/vi\/featured_item\/du-an-m_park-3-4-nsw-australia\/\" class=\"plain \">\n          <div class=\"portfolio-box box has-hover box-shade dark\">\n            <div class=\"box-image\" >\n                <div class=\"image-cover\" style=\"padding-top:100%;\">\n                <img loading=\"lazy\" decoding=\"async\" width=\"941\" height=\"848\" src=\"https:\/\/htn-cons.vn\/wp-content\/uploads\/2024\/06\/13.jpg\" class=\"attachment-original size-original\" alt=\"\" srcset=\"https:\/\/htn-cons.vn\/wp-content\/uploads\/2024\/06\/13.jpg 941w, https:\/\/htn-cons.vn\/wp-content\/uploads\/2024\/06\/13-300x270.jpg 300w, https:\/\/htn-cons.vn\/wp-content\/uploads\/2024\/06\/13-768x692.jpg 768w\" sizes=\"auto, (max-width: 941px) 100vw, 941px\" \/>                                <div class=\"shade\"><\/div>                <\/div>\n            <\/div>\n            <div class=\"box-text text-center\" >\n                  <div class=\"box-text-inner\">\n                      <h6 class=\"uppercase portfolio-box-title\">M_PARK 3 &#038; 4 \u2013 NSW, AUSTRALIA<\/h6>\n                      <p class=\"uppercase portfolio-box-category is-xsmall op-6\">\n                        <span class=\"show-on-hover\">\n                                                 <\/span>\n                      <\/p>\n                  <\/div>\n            <\/div>\n           <\/div>\n           <\/a>\n           <\/div>\n           <\/div><div class=\"col\" data-terms=\"\" >\n          <div class=\"col-inner\" >\n          <a href=\"https:\/\/htn-cons.vn\/vi\/featured_item\/du-an-novahills-mui-ne-resort-villas-centara-mirage-resort-mui-ne\/\" class=\"plain \">\n          <div class=\"portfolio-box box has-hover box-shade dark\">\n            <div class=\"box-image\" >\n                <div class=\"image-cover\" style=\"padding-top:100%;\">\n                <img loading=\"lazy\" decoding=\"async\" width=\"800\" height=\"493\" src=\"https:\/\/htn-cons.vn\/wp-content\/uploads\/2024\/06\/14.jpg\" class=\"attachment-original size-original\" alt=\"\" srcset=\"https:\/\/htn-cons.vn\/wp-content\/uploads\/2024\/06\/14.jpg 800w, https:\/\/htn-cons.vn\/wp-content\/uploads\/2024\/06\/14-300x185.jpg 300w, https:\/\/htn-cons.vn\/wp-content\/uploads\/2024\/06\/14-768x473.jpg 768w\" sizes=\"auto, (max-width: 800px) 100vw, 800px\" \/>                                <div class=\"shade\"><\/div>                <\/div>\n            <\/div>\n            <div class=\"box-text text-center\" >\n                  <div class=\"box-text-inner\">\n                      <h6 class=\"uppercase portfolio-box-title\">NOVAHILLS M\u0168I N\u00c9 RESORT &amp; VILLAS &#8211; CENTARA MIRAGE RESORT M\u0168I N\u00c9<\/h6>\n                      <p class=\"uppercase portfolio-box-category is-xsmall op-6\">\n                        <span class=\"show-on-hover\">\n                                                 <\/span>\n                      <\/p>\n                  <\/div>\n            <\/div>\n           <\/div>\n           <\/a>\n           <\/div>\n           <\/div><div class=\"col\" data-terms=\"\" >\n          <div class=\"col-inner\" >\n          <a href=\"https:\/\/htn-cons.vn\/vi\/featured_item\/du-an-novaworld-phan-thiet\/\" class=\"plain \">\n          <div class=\"portfolio-box box has-hover box-shade dark\">\n            <div class=\"box-image\" >\n                <div class=\"image-cover\" style=\"padding-top:100%;\">\n                <img loading=\"lazy\" decoding=\"async\" width=\"1100\" height=\"650\" src=\"https:\/\/htn-cons.vn\/wp-content\/uploads\/2024\/06\/17.jpg\" class=\"attachment-original size-original\" alt=\"\" srcset=\"https:\/\/htn-cons.vn\/wp-content\/uploads\/2024\/06\/17.jpg 1100w, https:\/\/htn-cons.vn\/wp-content\/uploads\/2024\/06\/17-300x177.jpg 300w, https:\/\/htn-cons.vn\/wp-content\/uploads\/2024\/06\/17-1024x605.jpg 1024w, https:\/\/htn-cons.vn\/wp-content\/uploads\/2024\/06\/17-768x454.jpg 768w\" sizes=\"auto, (max-width: 1100px) 100vw, 1100px\" \/>                                <div class=\"shade\"><\/div>                <\/div>\n            <\/div>\n            <div class=\"box-text text-center\" >\n                  <div class=\"box-text-inner\">\n                      <h6 class=\"uppercase portfolio-box-title\">NOVAWORLD PHAN THI\u1ebeT<\/h6>\n                      <p class=\"uppercase portfolio-box-category is-xsmall op-6\">\n                        <span class=\"show-on-hover\">\n                                                 <\/span>\n                      <\/p>\n                  <\/div>\n            <\/div>\n           <\/div>\n           <\/a>\n           <\/div>\n           <\/div><div class=\"col\" data-terms=\"\" >\n          <div class=\"col-inner\" >\n          <a href=\"https:\/\/htn-cons.vn\/vi\/featured_item\/du-an-novaworld-ho-tram\/\" class=\"plain \">\n          <div class=\"portfolio-box box has-hover box-shade dark\">\n            <div class=\"box-image\" >\n                <div class=\"image-cover\" style=\"padding-top:100%;\">\n                <img loading=\"lazy\" decoding=\"async\" width=\"1280\" height=\"852\" src=\"https:\/\/htn-cons.vn\/wp-content\/uploads\/2024\/06\/21.jpg\" class=\"attachment-original size-original\" alt=\"\" srcset=\"https:\/\/htn-cons.vn\/wp-content\/uploads\/2024\/06\/21.jpg 1280w, https:\/\/htn-cons.vn\/wp-content\/uploads\/2024\/06\/21-300x200.jpg 300w, https:\/\/htn-cons.vn\/wp-content\/uploads\/2024\/06\/21-1024x682.jpg 1024w, https:\/\/htn-cons.vn\/wp-content\/uploads\/2024\/06\/21-768x511.jpg 768w\" sizes=\"auto, (max-width: 1280px) 100vw, 1280px\" \/>                                <div class=\"shade\"><\/div>                <\/div>\n            <\/div>\n            <div class=\"box-text text-center\" >\n                  <div class=\"box-text-inner\">\n                      <h6 class=\"uppercase portfolio-box-title\">NOVAWORLD H\u1ed2 TR\u00c0M<\/h6>\n                      <p class=\"uppercase portfolio-box-category is-xsmall op-6\">\n                        <span class=\"show-on-hover\">\n                                                 <\/span>\n                      <\/p>\n                  <\/div>\n            <\/div>\n           <\/div>\n           <\/a>\n           <\/div>\n           <\/div><div class=\"col\" data-terms=\"\" >\n          <div class=\"col-inner\" >\n          <a href=\"https:\/\/htn-cons.vn\/vi\/featured_item\/du-an-nha-may-giay-lac-ty-ii-hau-giang\/\" class=\"plain \">\n          <div class=\"portfolio-box box has-hover box-shade dark\">\n            <div class=\"box-image\" >\n                <div class=\"image-cover\" style=\"padding-top:100%;\">\n                <img loading=\"lazy\" decoding=\"async\" width=\"1226\" height=\"690\" src=\"https:\/\/htn-cons.vn\/wp-content\/uploads\/2024\/06\/24.jpg\" class=\"attachment-original size-original\" alt=\"\" srcset=\"https:\/\/htn-cons.vn\/wp-content\/uploads\/2024\/06\/24.jpg 1226w, https:\/\/htn-cons.vn\/wp-content\/uploads\/2024\/06\/24-300x169.jpg 300w, https:\/\/htn-cons.vn\/wp-content\/uploads\/2024\/06\/24-1024x576.jpg 1024w, https:\/\/htn-cons.vn\/wp-content\/uploads\/2024\/06\/24-768x432.jpg 768w\" sizes=\"auto, (max-width: 1226px) 100vw, 1226px\" \/>                                <div class=\"shade\"><\/div>                <\/div>\n            <\/div>\n            <div class=\"box-text text-center\" >\n                  <div class=\"box-text-inner\">\n                      <h6 class=\"uppercase portfolio-box-title\">NH\u00c0 M\u00c1Y GI\u00c0Y L\u1ea0C T\u1ef6 II \u2013 H\u1eacU GIANG<\/h6>\n                      <p class=\"uppercase portfolio-box-category is-xsmall op-6\">\n                        <span class=\"show-on-hover\">\n                                                 <\/span>\n                      <\/p>\n                  <\/div>\n            <\/div>\n           <\/div>\n           <\/a>\n           <\/div>\n           <\/div><div class=\"col\" data-terms=\"\" >\n          <div class=\"col-inner\" >\n          <a href=\"https:\/\/htn-cons.vn\/vi\/featured_item\/du-an-nha-may-giay-ty-xuan\/\" class=\"plain \">\n          <div class=\"portfolio-box box has-hover box-shade dark\">\n            <div class=\"box-image\" >\n                <div class=\"image-cover\" style=\"padding-top:100%;\">\n                <img loading=\"lazy\" decoding=\"async\" width=\"821\" height=\"328\" src=\"https:\/\/htn-cons.vn\/wp-content\/uploads\/2024\/06\/25.png\" class=\"attachment-original size-original\" alt=\"\" srcset=\"https:\/\/htn-cons.vn\/wp-content\/uploads\/2024\/06\/25.png 821w, https:\/\/htn-cons.vn\/wp-content\/uploads\/2024\/06\/25-300x120.png 300w, https:\/\/htn-cons.vn\/wp-content\/uploads\/2024\/06\/25-768x307.png 768w\" sizes=\"auto, (max-width: 821px) 100vw, 821px\" \/>                                <div class=\"shade\"><\/div>                <\/div>\n            <\/div>\n            <div class=\"box-text text-center\" >\n                  <div class=\"box-text-inner\">\n                      <h6 class=\"uppercase portfolio-box-title\">NH\u00c0 M\u00c1Y GI\u00c0Y T\u1ef6 XU\u00c2N &#8211; V\u0128NH LONG<\/h6>\n                      <p class=\"uppercase portfolio-box-category is-xsmall op-6\">\n                        <span class=\"show-on-hover\">\n                                                 <\/span>\n                      <\/p>\n                  <\/div>\n            <\/div>\n           <\/div>\n           <\/a>\n           <\/div>\n           <\/div><div class=\"col\" data-terms=\"\" >\n          <div class=\"col-inner\" >\n          <a href=\"https:\/\/htn-cons.vn\/vi\/featured_item\/du-an-nha-may-san-xuat-pho-mai-bel-viet-nam-binh-duong\/\" class=\"plain \">\n          <div class=\"portfolio-box box has-hover box-shade dark\">\n            <div class=\"box-image\" >\n                <div class=\"image-cover\" style=\"padding-top:100%;\">\n                <img loading=\"lazy\" decoding=\"async\" width=\"512\" height=\"384\" src=\"https:\/\/htn-cons.vn\/wp-content\/uploads\/2024\/06\/26.jpg\" class=\"attachment-original size-original\" alt=\"\" srcset=\"https:\/\/htn-cons.vn\/wp-content\/uploads\/2024\/06\/26.jpg 512w, https:\/\/htn-cons.vn\/wp-content\/uploads\/2024\/06\/26-300x225.jpg 300w\" sizes=\"auto, (max-width: 512px) 100vw, 512px\" \/>                                <div class=\"shade\"><\/div>                <\/div>\n            <\/div>\n            <div class=\"box-text text-center\" >\n                  <div class=\"box-text-inner\">\n                      <h6 class=\"uppercase portfolio-box-title\">NH\u00c0 M\u00c1Y S\u1ea2N XU\u1ea4T PH\u00d4 MAI \u2013 BEL VI\u1ec6T NAM (B\u00ccNH D\u01af\u01a0NG)<\/h6>\n                      <p class=\"uppercase portfolio-box-category is-xsmall op-6\">\n                        <span class=\"show-on-hover\">\n                                                 <\/span>\n                      <\/p>\n                  <\/div>\n            <\/div>\n           <\/div>\n           <\/a>\n           <\/div>\n           <\/div><div class=\"col\" data-terms=\"\" >\n          <div class=\"col-inner\" >\n          <a href=\"https:\/\/htn-cons.vn\/vi\/featured_item\/du-an-cai-tao-duong-hoang-sa\/\" class=\"plain \">\n          <div class=\"portfolio-box box has-hover box-shade dark\">\n            <div class=\"box-image\" >\n                <div class=\"image-cover\" style=\"padding-top:100%;\">\n                <img loading=\"lazy\" decoding=\"async\" width=\"720\" height=\"375\" src=\"https:\/\/htn-cons.vn\/wp-content\/uploads\/2024\/06\/27.jpg\" class=\"attachment-original size-original\" alt=\"\" srcset=\"https:\/\/htn-cons.vn\/wp-content\/uploads\/2024\/06\/27.jpg 720w, https:\/\/htn-cons.vn\/wp-content\/uploads\/2024\/06\/27-300x156.jpg 300w\" sizes=\"auto, (max-width: 720px) 100vw, 720px\" \/>                                <div class=\"shade\"><\/div>                <\/div>\n            <\/div>\n            <div class=\"box-text text-center\" >\n                  <div class=\"box-text-inner\">\n                      <h6 class=\"uppercase portfolio-box-title\">C\u1ea2I T\u1ea0O \u0110\u01af\u1edcNG HO\u00c0NG SA &#8211; TP. \u0110\u00c0 N\u1eb4NG<\/h6>\n                      <p class=\"uppercase portfolio-box-category is-xsmall op-6\">\n                        <span class=\"show-on-hover\">\n                                                 <\/span>\n                      <\/p>\n                  <\/div>\n            <\/div>\n           <\/div>\n           <\/a>\n           <\/div>\n           <\/div><\/div><\/div>\n\t\t<\/div>\n\t\t\t\t\t<\/div>\n\n\t\n\n<style>\n#row-1996832639 > .col > .col-inner {\n  padding: 0px 0px 0px 0px;\n}\n@media (min-width:550px) {\n  #row-1996832639 > .col > .col-inner {\n    padding: 0px 15px 0px 15px;\n  }\n}\n@media (min-width:850px) {\n  #row-1996832639 > .col > .col-inner {\n    padding: 0px 30px 0px 30px;\n  }\n}\n<\/style>\n<\/div>\n","protected":false},"excerpt":{"rendered":"","protected":false},"author":1,"featured_media":0,"parent":0,"menu_order":0,"comment_status":"closed","ping_status":"closed","template":"page-blank.php","meta":{"_acf_changed":false,"footnotes":""},"class_list":["post-369","page","type-page","status-publish","hentry"],"acf":[],"_links":{"self":[{"href":"https:\/\/htn-cons.vn\/vi\/wp-json\/wp\/v2\/pages\/369","targetHints":{"allow":["GET"]}}],"collection":[{"href":"https:\/\/htn-cons.vn\/vi\/wp-json\/wp\/v2\/pages"}],"about":[{"href":"https:\/\/htn-cons.vn\/vi\/wp-json\/wp\/v2\/types\/page"}],"author":[{"embeddable":true,"href":"https:\/\/htn-cons.vn\/vi\/wp-json\/wp\/v2\/users\/1"}],"replies":[{"embeddable":true,"href":"https:\/\/htn-cons.vn\/vi\/wp-json\/wp\/v2\/comments?post=369"}],"version-history":[{"count":13,"href":"https:\/\/htn-cons.vn\/vi\/wp-json\/wp\/v2\/pages\/369\/revisions"}],"predecessor-version":[{"id":746,"href":"https:\/\/htn-cons.vn\/vi\/wp-json\/wp\/v2\/pages\/369\/revisions\/746"}],"wp:attachment":[{"href":"https:\/\/htn-cons.vn\/vi\/wp-json\/wp\/v2\/media?parent=369"}],"curies":[{"name":"wp","href":"https:\/\/api.w.org\/{rel}","templated":true}]}}