{"id":366,"date":"2024-06-10T15:38:34","date_gmt":"2024-06-10T08:38:34","guid":{"rendered":"https:\/\/htn-cons.vn\/lien-he\/"},"modified":"2026-04-24T19:49:08","modified_gmt":"2026-04-24T12:49:08","slug":"lien-he","status":"publish","type":"page","link":"https:\/\/htn-cons.vn\/vi\/lien-he\/","title":{"rendered":"Li\u00ean h\u1ec7"},"content":{"rendered":"\t<section class=\"section\" id=\"section_779656768\">\n\t\t<div class=\"bg section-bg fill bg-fill  \" >\n\n\t\t\t\n\t\t\t<div class=\"section-bg-overlay absolute fill\"><\/div>\n\t\t\t\n\n\t\t<\/div>\n\n\t\t\n\n\t\t<div class=\"section-content relative\">\n\t\t\t\n\t<div id=\"text-879633190\" class=\"text\">\n\t\t\n<h1>LI\u00caN H\u1ec6<\/h1>\n\t\t\n<style>\n#text-879633190 {\n  text-align: center;\n  color: rgb(255, 255, 255);\n}\n#text-879633190 > * {\n  color: rgb(255, 255, 255);\n}\n<\/style>\n\t<\/div>\n\t\n<div class=\"text-center\"><div class=\"is-divider divider clearfix\" style=\"margin-top:0px;margin-bottom:0px;max-width:60px;height:5px;background-color:rgb(150, 45, 62);\"><\/div><\/div>\n\t\t<\/div>\n\n\t\t\n<style>\n#section_779656768 {\n  padding-top: 30px;\n  padding-bottom: 30px;\n  min-height: 250px;\n}\n#section_779656768 .section-bg-overlay {\n  background-color: rgba(0, 0, 0, 0.3);\n}\n#section_779656768 .section-bg.bg-loaded {\n  background-image: url(https:\/\/htn-cons.vn\/wp-content\/uploads\/2024\/08\/18A02048-tckt.vn-04.jpg);\n}\n<\/style>\n\t<\/section>\n\t\n<div class=\"row\"  id=\"row-398971105\">\n\n\t<div id=\"col-1140320003\" class=\"col medium-7 small-12 large-7\"  >\n\t\t\t\t<div class=\"col-inner\"  >\n\t\t\t\n\t\t\t\n<h2><span style=\"color: #962d3e;\">Ch\u00fang t\u00f4i r\u1ea5t mu\u1ed1n nghe t\u1eeb b\u1ea1n<\/span><\/h2>\n<p><span style=\"font-size: 120%;\">V\u1edbi b\u1ea5t c\u1ee9 c\u00e2u h\u1ecfi ho\u1eb7c th\u1eafc m\u1eafc n\u00e0o, vui l\u00f2ng \u0111\u1ec3 l\u1ea1i tin nh\u1eafn cho ch\u00fang t\u00f4i v\u00e0 ch\u00fang t\u00f4i s\u1ebd li\u00ean h\u1ec7 l\u1ea1i v\u1edbi b\u1ea1n ngay khi c\u00f3 th\u1ec3.<\/span><\/p>\n\t<div id=\"gap-1075296766\" class=\"gap-element clearfix\" style=\"display:block; height:auto;\">\n\t\t\n<style>\n#gap-1075296766 {\n  padding-top: 30px;\n}\n<\/style>\n\t<\/div>\n\t\n<div class=\"row row-small\"  id=\"row-629741259\">\n\n\t<div id=\"col-599974807\" class=\"col medium-6 small-12 large-6\"  >\n\t\t\t\t<div class=\"col-inner\"  >\n\t\t\t\n\t\t\t\n\n\t\t<div class=\"icon-box featured-box icon-box-left text-left\"  >\n\t\t\t\t\t<div class=\"icon-box-img\" style=\"width: 30px\">\n\t\t\t\t<div class=\"icon\">\n\t\t\t\t\t<div class=\"icon-inner\" >\n\t\t\t\t\t\t<img loading=\"lazy\" decoding=\"async\" width=\"1\" height=\"1\" src=\"https:\/\/htn-cons.vn\/wp-content\/uploads\/2024\/06\/icon-contact-10.svg\" class=\"attachment-medium size-medium\" alt=\"\" \/>\t\t\t\t\t<\/div>\n\t\t\t\t<\/div>\n\t\t\t<\/div>\n\t\t\t\t<div class=\"icon-box-text last-reset\">\n\t\t\t\t\t\t\t\t\t\n<p class=\"mb-0\"><span style=\"font-size: 110%;\"><strong>\u0110\u1ecba ch\u1ec9<\/strong><\/span><\/p>\n<p>S\u1ed1 98 \u0110\u01b0\u1eddng s\u1ed1 1, Ph\u01b0\u1eddng T\u00e2n H\u01b0ng, TP. H\u1ed3 Ch\u00ed Minh, Vi\u1ec7t Nam<\/p>\n\t\t<\/div>\n\t<\/div>\n\t\n\t\n\t<div id=\"gap-1446250572\" class=\"gap-element clearfix\" style=\"display:block; height:auto;\">\n\t\t\n<style>\n#gap-1446250572 {\n  padding-top: 50px;\n}\n<\/style>\n\t<\/div>\n\t\n\n\t\t<div class=\"icon-box featured-box icon-box-left text-left\"  >\n\t\t\t\t\t<div class=\"icon-box-img\" style=\"width: 30px\">\n\t\t\t\t<div class=\"icon\">\n\t\t\t\t\t<div class=\"icon-inner\" >\n\t\t\t\t\t\t<img loading=\"lazy\" decoding=\"async\" width=\"1\" height=\"1\" src=\"https:\/\/htn-cons.vn\/wp-content\/uploads\/2024\/06\/icon-contact-12.svg\" class=\"attachment-medium size-medium\" alt=\"\" \/>\t\t\t\t\t<\/div>\n\t\t\t\t<\/div>\n\t\t\t<\/div>\n\t\t\t\t<div class=\"icon-box-text last-reset\">\n\t\t\t\t\t\t\t\t\t\n<p class=\"mb-0\"><span style=\"font-size: 110%;\"><strong>Email<\/strong><\/span><\/p>\n<p>htn.consultancy2023@gmail.com<\/p>\n\t\t<\/div>\n\t<\/div>\n\t\n\t\n\t\t<\/div>\n\t\t\t\t\t<\/div>\n\n\t\n\n\t<div id=\"col-590226366\" class=\"col medium-6 small-12 large-6\"  >\n\t\t\t\t<div class=\"col-inner\"  >\n\t\t\t\n\t\t\t\n\n\t\t<div class=\"icon-box featured-box icon-box-left text-left\"  >\n\t\t\t\t\t<div class=\"icon-box-img\" style=\"width: 30px\">\n\t\t\t\t<div class=\"icon\">\n\t\t\t\t\t<div class=\"icon-inner\" >\n\t\t\t\t\t\t<img loading=\"lazy\" decoding=\"async\" width=\"1\" height=\"1\" src=\"https:\/\/htn-cons.vn\/wp-content\/uploads\/2024\/06\/icon-contact-11.svg\" class=\"attachment-medium size-medium\" alt=\"\" \/>\t\t\t\t\t<\/div>\n\t\t\t\t<\/div>\n\t\t\t<\/div>\n\t\t\t\t<div class=\"icon-box-text last-reset\">\n\t\t\t\t\t\t\t\t\t\n<p class=\"mb-0\"><span style=\"font-size: 110%;\"><strong>Hotline<\/strong><\/span><\/p>\n<p>+84 906 824 146<\/p>\n<p>+84 905 101 889<\/p>\n\t\t<\/div>\n\t<\/div>\n\t\n\t\n\t<div id=\"gap-497143813\" class=\"gap-element clearfix\" style=\"display:block; height:auto;\">\n\t\t\n<style>\n#gap-497143813 {\n  padding-top: 20px;\n}\n@media (min-width:550px) {\n  #gap-497143813 {\n    padding-top: 40px;\n  }\n}\n<\/style>\n\t<\/div>\n\t\n\n\t\t<div class=\"icon-box featured-box icon-box-left text-left\"  >\n\t\t\t\t\t<div class=\"icon-box-img\" style=\"width: 30px\">\n\t\t\t\t<div class=\"icon\">\n\t\t\t\t\t<div class=\"icon-inner\" >\n\t\t\t\t\t\t<img loading=\"lazy\" decoding=\"async\" width=\"1\" height=\"1\" src=\"https:\/\/htn-cons.vn\/wp-content\/uploads\/2024\/06\/icon-contact-13-1.svg\" class=\"attachment-medium size-medium\" alt=\"\" \/>\t\t\t\t\t<\/div>\n\t\t\t\t<\/div>\n\t\t\t<\/div>\n\t\t\t\t<div class=\"icon-box-text last-reset\">\n\t\t\t\t\t\t\t\t\t\n<p class=\"mb-0\"><span style=\"font-size: 110%;\"><strong>Website<\/strong><\/span><\/p>\n<blockquote class=\"wp-embedded-content\" data-secret=\"EA0ybKyGpc\"><p><a href=\"https:\/\/htn-cons.vn\/vi\/\">Home<\/a><\/p><\/blockquote>\n<p><iframe loading=\"lazy\" class=\"wp-embedded-content\" sandbox=\"allow-scripts\" security=\"restricted\" style=\"position: absolute; clip: rect(1px, 1px, 1px, 1px);\" title=\"&#8220;Home&#8221; &#8212; HTN CONS\" src=\"https:\/\/htn-cons.vn\/vi\/embed\/#?secret=AksH8BOtyP#?secret=EA0ybKyGpc\" data-secret=\"EA0ybKyGpc\" width=\"600\" height=\"338\" frameborder=\"0\" marginwidth=\"0\" marginheight=\"0\" scrolling=\"no\"><\/iframe><\/p>\n\t\t<\/div>\n\t<\/div>\n\t\n\t\n\t\t<\/div>\n\t\t\t\t\t<\/div>\n\n\t\n<\/div>\n\t\t<\/div>\n\t\t\t\t\t<\/div>\n\n\t\n\n\t<div id=\"col-323138827\" class=\"col medium-5 small-12 large-5\"  >\n\t\t\t\t<div class=\"col-inner\"  >\n\t\t\t\n\t\t\t\n\n<div class=\"wpcf7 no-js\" id=\"wpcf7-f207-o1\" lang=\"en-US\" dir=\"ltr\">\n<div class=\"screen-reader-response\"><p role=\"status\" aria-live=\"polite\" aria-atomic=\"true\"><\/p> <ul><\/ul><\/div>\n<form action=\"\/vi\/wp-json\/wp\/v2\/pages\/366#wpcf7-f207-o1\" method=\"post\" class=\"wpcf7-form init\" aria-label=\"Contact form\" novalidate=\"novalidate\" data-status=\"init\">\n<div style=\"display: none;\">\n<input type=\"hidden\" name=\"_wpcf7\" value=\"207\" \/>\n<input type=\"hidden\" name=\"_wpcf7_version\" value=\"5.9.6\" \/>\n<input type=\"hidden\" name=\"_wpcf7_locale\" value=\"en_US\" \/>\n<input type=\"hidden\" name=\"_wpcf7_unit_tag\" value=\"wpcf7-f207-o1\" \/>\n<input type=\"hidden\" name=\"_wpcf7_container_post\" value=\"0\" \/>\n<input type=\"hidden\" name=\"_wpcf7_posted_data_hash\" value=\"\" \/>\n<\/div>\n<div class=\"input-col\">\n\t<p><span class=\"wpcf7-form-control-wrap\" data-name=\"yourname\"><input size=\"40\" maxlength=\"80\" class=\"wpcf7-form-control wpcf7-text wpcf7-validates-as-required\" aria-required=\"true\" aria-invalid=\"false\" placeholder=\"Your name (*)\" value=\"\" type=\"text\" name=\"yourname\" \/><\/span><br \/>\n<i class=\"fas fa-user\"><\/i>\n\t<\/p>\n<\/div>\n<div class=\"input-col\">\n\t<p><span class=\"wpcf7-form-control-wrap\" data-name=\"email\"><input size=\"40\" maxlength=\"80\" class=\"wpcf7-form-control wpcf7-email wpcf7-validates-as-required wpcf7-text wpcf7-validates-as-email\" aria-required=\"true\" aria-invalid=\"false\" placeholder=\"Your email (*)\" value=\"\" type=\"email\" name=\"email\" \/><\/span><br \/>\n<i class=\"fas fa-envelope-open\"><\/i>\n\t<\/p>\n<\/div>\n<div class=\"input-col\">\n\t<p><span class=\"wpcf7-form-control-wrap\" data-name=\"phone\"><input size=\"40\" maxlength=\"80\" class=\"wpcf7-form-control wpcf7-tel wpcf7-validates-as-required wpcf7-text wpcf7-validates-as-tel\" aria-required=\"true\" aria-invalid=\"false\" placeholder=\"Your phone (*)\" value=\"\" type=\"tel\" name=\"phone\" \/><\/span><br \/>\n<i class=\"fas fa-mobile\"><\/i>\n\t<\/p>\n<\/div>\n<div class=\"input-col\">\n\t<p><span class=\"wpcf7-form-control-wrap\" data-name=\"company\"><input size=\"40\" maxlength=\"80\" class=\"wpcf7-form-control wpcf7-text\" aria-invalid=\"false\" placeholder=\"Company\" value=\"\" type=\"text\" name=\"company\" \/><\/span><br \/>\n<i class=\"fas fa-briefcase\"><\/i>\n\t<\/p>\n<\/div>\n<div class=\"input-col\">\n\t<p><span class=\"wpcf7-form-control-wrap\" data-name=\"Messenger\"><textarea cols=\"40\" rows=\"10\" maxlength=\"400\" class=\"wpcf7-form-control wpcf7-textarea\" aria-invalid=\"false\" placeholder=\"Messenger\" name=\"Messenger\"><\/textarea><\/span><br \/>\n<i class=\"fas fa-comments\"><\/i>\n\t<\/p>\n<\/div>\n<p><input class=\"wpcf7-form-control wpcf7-submit has-spinner\" type=\"submit\" value=\"Submit\" \/>\n<\/p><div class=\"wpcf7-response-output\" aria-hidden=\"true\"><\/div>\n<\/form>\n<\/div>\n\n\t\t<\/div>\n\t\t\t\t\t<\/div>\n\n\t\n<\/div>\n<div class=\"row\"  id=\"row-826135486\">\n\n\t<div id=\"col-736400115\" class=\"col small-12 large-12\"  >\n\t\t\t\t<div class=\"col-inner\"  >\n\t\t\t\n\t\t\t\n\n<p><iframe src=\"https:\/\/www.google.com\/maps\/embed?pb=!1m18!1m12!1m3!1d1797.2418715152648!2d106.70710810737494!3d10.748949799561839!2m3!1f0!2f0!3f0!3m2!1i1024!2i768!4f13.1!3m3!1m2!1s0x31752f768d9523fb%3A0x6db4da2983e65af8!2zOTggU-G7kSAxLCBUw6JuIEtp4buDbmcsIFF14bqtbiA3LCBUaMOgbmggcGjhu5EgSOG7kyBDaMOtIE1pbmg!5e0!3m2!1svi!2s!4v1718437921119!5m2!1svi!2s\" width=\"100%\" height=\"400\" style=\"border:0;\" allowfullscreen=\"\" loading=\"lazy\" referrerpolicy=\"no-referrer-when-downgrade\"><\/iframe><br \/>\n\n\t\t<\/div>\n\t\t\t\t\t<\/div>\n\n\t\n<\/div>\n","protected":false},"excerpt":{"rendered":"","protected":false},"author":1,"featured_media":0,"parent":0,"menu_order":0,"comment_status":"closed","ping_status":"closed","template":"page-blank.php","meta":{"_acf_changed":false,"footnotes":""},"class_list":["post-366","page","type-page","status-publish","hentry"],"acf":[],"_links":{"self":[{"href":"https:\/\/htn-cons.vn\/vi\/wp-json\/wp\/v2\/pages\/366","targetHints":{"allow":["GET"]}}],"collection":[{"href":"https:\/\/htn-cons.vn\/vi\/wp-json\/wp\/v2\/pages"}],"about":[{"href":"https:\/\/htn-cons.vn\/vi\/wp-json\/wp\/v2\/types\/page"}],"author":[{"embeddable":true,"href":"https:\/\/htn-cons.vn\/vi\/wp-json\/wp\/v2\/users\/1"}],"replies":[{"embeddable":true,"href":"https:\/\/htn-cons.vn\/vi\/wp-json\/wp\/v2\/comments?post=366"}],"version-history":[{"count":16,"href":"https:\/\/htn-cons.vn\/vi\/wp-json\/wp\/v2\/pages\/366\/revisions"}],"predecessor-version":[{"id":793,"href":"https:\/\/htn-cons.vn\/vi\/wp-json\/wp\/v2\/pages\/366\/revisions\/793"}],"wp:attachment":[{"href":"https:\/\/htn-cons.vn\/vi\/wp-json\/wp\/v2\/media?parent=366"}],"curies":[{"name":"wp","href":"https:\/\/api.w.org\/{rel}","templated":true}]}}