{"id":358,"date":"2024-06-10T15:38:26","date_gmt":"2024-06-10T08:38:26","guid":{"rendered":"https:\/\/htn-cons.vn\/ve-chung-toi\/"},"modified":"2025-01-02T15:48:10","modified_gmt":"2025-01-02T08:48:10","slug":"ve-chung-toi","status":"publish","type":"page","link":"https:\/\/htn-cons.vn\/vi\/ve-chung-toi\/","title":{"rendered":"Gi\u1edbi Thi\u1ec7u"},"content":{"rendered":"\t<section class=\"section\" id=\"section_1660680282\">\n\t\t<div class=\"bg section-bg fill bg-fill  \" >\n\n\t\t\t\n\t\t\t\n\t\t\t\n\n\t\t<\/div>\n\n\t\t\n\n\t\t<div class=\"section-content relative\">\n\t\t\t\n\t<div id=\"text-2728645580\" class=\"text\">\n\t\t\n<h1>GI\u1edaI THI\u1ec6U<\/h1>\n\t\t\n<style>\n#text-2728645580 {\n  text-align: center;\n  color: rgb(255, 255, 255);\n}\n#text-2728645580 > * {\n  color: rgb(255, 255, 255);\n}\n<\/style>\n\t<\/div>\n\t\n<div class=\"text-center\"><div class=\"is-divider divider clearfix\" style=\"margin-top:0px;margin-bottom:0px;max-width:60px;height:5px;background-color:rgb(150, 45, 62);\"><\/div><\/div>\n\t\t<\/div>\n\n\t\t\n<style>\n#section_1660680282 {\n  padding-top: 30px;\n  padding-bottom: 30px;\n  min-height: 250px;\n}\n#section_1660680282 .section-bg.bg-loaded {\n  background-image: url(https:\/\/htn-cons.vn\/wp-content\/uploads\/2024\/06\/bg-home.jpg);\n}\n<\/style>\n\t<\/section>\n\t\n<div class=\"row\"  id=\"row-421007441\">\n\n\t<div id=\"col-1742257237\" class=\"col small-12 large-12\"  >\n\t\t\t\t<div class=\"col-inner\"  >\n\t\t\t\n\t\t\t\n\t<div id=\"text-4120628263\" class=\"text\">\n\t\t\n<p style=\"text-align: justify;\"><span style=\"color: #962d3e;\"><strong>HTN CONS<\/strong><\/span> l\u00e0 m\u1ed9t trong nh\u1eefng C\u00f4ng ty t\u01b0 v\u1ea5n x\u00e2y d\u1ef1ng h\u00e0ng \u0111\u1ea7u Vi\u1ec7t Nam. V\u1edbi danh ti\u1ebfng xu\u1ea5t s\u1eafc v\u00e0 th\u00e0nh t\u00edch \u0111\u00e3 \u0111\u01b0\u1ee3c ch\u1ee9ng minh, ch\u00fang t\u00f4i t\u1eadn t\u00e2m cung c\u1ea5p c\u00e1c d\u1ecbch v\u1ee5 t\u01b0 v\u1ea5n \u0111\u1eb7c bi\u1ec7t cho kh\u00e1ch h\u00e0ng trong ng\u00e0nh x\u00e2y d\u1ef1ng.<\/p>\n<p style=\"text-align: justify;\">T\u1ea1i <span style=\"color: #962d3e;\"><strong>HTN CONS<\/strong><\/span>, ch\u00fang t\u00f4i hi\u1ec3u s\u1ef1 ph\u1ee9c t\u1ea1p v\u00e0 th\u00e1ch th\u1ee9c \u0111i k\u00e8m v\u1edbi c\u00e1c d\u1ef1 \u00e1n x\u00e2y d\u1ef1ng. Cho d\u00f9 qu\u00fd kh\u00e1ch h\u00e0ng \u0111ang b\u1eaft tay v\u00e0o n\u1ed7 l\u1ef1c x\u00e2y d\u1ef1ng khu d\u00e2n c\u01b0, th\u01b0\u01a1ng m\u1ea1i hay c\u00f4ng nghi\u1ec7p, \u0111\u1ed9i ng\u0169 chuy\u00ean gia c\u00f3 tay ngh\u1ec1 cao c\u1ee7a ch\u00fang t\u00f4i lu\u00f4n s\u1eb5n s\u00e0ng \u0111\u1ed3ng h\u00e0nh c\u00f9ng kh\u00e1ch h\u00e0ng tr\u00ean m\u1ed7i ch\u1eb7ng \u0111\u01b0\u1eddng.<\/p>\n<p style=\"text-align: justify;\">V\u1edbi nhi\u1ec1u n\u0103m kinh nghi\u1ec7m trong ng\u00e0nh, ch\u00fang t\u00f4i \u0111\u00e3 trau d\u1ed3i s\u1ef1 hi\u1ec3u bi\u1ebft s\u00e2u s\u1eafc v\u1ec1 m\u1eb7t chuy\u00ean m\u00f4n, c\u00e1c quy \u0111\u1ecbnh trong x\u00e2y d\u1ef1ng c\u0169ng nh\u01b0 c\u00e1c \u0111i\u1ec1u ki\u1ec7n ph\u01b0\u01a1ng ph\u00e1p thi c\u00f4ng th\u1ef1c ti\u1ec5n m\u1edbi nh\u1ea5t, t\u1ed1t nh\u1ea5t tr\u00ean th\u1ecb tr\u01b0\u1eddng. Ch\u00fang t\u00f4i s\u1eb5n s\u00e0ng tham gia t\u1eeb giai \u0111o\u1ea1n l\u00ean \u00fd t\u01b0\u1edfng d\u1ef1 \u00e1n cho \u0111\u1ebfn khi d\u1ef1 \u00e1n \u0111\u01b0\u1ee3c ho\u00e0n th\u00e0nh.<\/p>\n<p style=\"text-align: justify;\">\u0110i\u1ec1u khi\u1ebfn ch\u00fang t\u00f4i kh\u00e1c bi\u1ec7t l\u00e0 cam k\u1ebft cung c\u1ea5p c\u00e1c gi\u1ea3i ph\u00e1p ph\u00f9 h\u1ee3p \u0111\u00e1p \u1ee9ng nhu c\u1ea7u ri\u00eang c\u1ee7a t\u1eebng kh\u00e1ch h\u00e0ng. \u0110i\u1ec1u khi\u1ebfn ch\u00fang t\u00f4i kh\u00e1c bi\u1ec7t l\u00e0 cam k\u1ebft cung c\u1ea5p c\u00e1c gi\u1ea3i ph\u00e1p ph\u00f9 h\u1ee3p \u0111\u00e1p \u1ee9ng nhu c\u1ea7u ri\u00eang c\u1ee7a t\u1eebng kh\u00e1ch h\u00e0ng. Ch\u00fang t\u00f4i lu\u00f4n d\u00e0nh th\u1eddi gian \u0111\u1ec3 l\u1eafng nghe, ph\u00e2n t\u00edch v\u00e0 hi\u1ec3u m\u1ee5c ti\u00eau c\u0169ng nh\u01b0 y\u00eau c\u1ea7u c\u1ee7a qu\u00fd kh\u00e1ch h\u00e0ng tr\u01b0\u1edbc khi x\u00e2y d\u1ef1ng m\u1ed9t chi\u1ebfn l\u01b0\u1ee3c to\u00e0n di\u1ec7n. C\u00e1c chuy\u00ean gia t\u01b0 v\u1ea5n c\u1ee7a ch\u00fang t\u00f4i l\u00e0m vi\u1ec7c ch\u1eb7t ch\u1ebd v\u1edbi qu\u00fd kh\u00e1ch h\u00e0ng, cung c\u1ea5p l\u1eddi khuy\u00ean chuy\u00ean m\u00f4n v\u00e0 \u0111\u1ea3m b\u1ea3o r\u1eb1ng d\u1ef1 \u00e1n c\u1ee7a qu\u00fd kh\u00e1ch h\u00e0ng lu\u00f4n \u0111\u00fang ti\u1ebfn \u0111\u1ed9, n\u1eb1m trong ng\u00e2n s\u00e1ch v\u1edbi k\u1ebft qu\u1ea3 v\u01b0\u1ee3t xa mong \u0111\u1ee3i.<\/p>\n<p style=\"text-align: justify;\">T\u1ea1i <span style=\"color: #962d3e;\"><strong>HTN CONS<\/strong><\/span>, ch\u00fang t\u00f4i tin t\u01b0\u1edfng v\u00e0o vi\u1ec7c th\u00fac \u0111\u1ea9y c\u00e1c m\u1ed1i quan h\u1ec7 b\u1ec1n ch\u1eb7t v\u00e0 giao ti\u1ebfp c\u1edfi m\u1edf. Ch\u00fang t\u00f4i \u01b0u ti\u00ean t\u00ednh minh b\u1ea1ch v\u00e0 h\u1ee3p t\u00e1c, l\u00e0m vi\u1ec7c li\u1ec1n m\u1ea1ch v\u1edbi c\u00e1c ki\u1ebfn tr\u00fac s\u01b0, k\u1ef9 s\u01b0, nh\u00e0 th\u1ea7u v\u00e0 c\u00e1c b\u00ean li\u00ean quan kh\u00e1c \u0111\u1ec3 \u0111\u1ea1t \u0111\u01b0\u1ee3c k\u1ebft qu\u1ea3 th\u00e0nh c\u00f4ng.<\/p>\n<p style=\"text-align: justify;\">Cho d\u00f9 qu\u00fd kh\u00e1ch h\u00e0ng c\u1ea7n h\u1ed7 tr\u1ee3 v\u1ec1 qu\u1ea3n l\u00fd d\u1ef1 \u00e1n, d\u1ef1 to\u00e1n chi ph\u00ed, \u0111\u00e1nh gi\u00e1 r\u1ee7i ro, ki\u1ec3m so\u00e1t ch\u1ea5t l\u01b0\u1ee3ng hay b\u1ea5t k\u1ef3 kh\u00eda c\u1ea1nh n\u00e0o kh\u00e1c c\u1ee7a d\u1ef1 \u00e1n x\u00e2y d\u1ef1ng, \u0111\u1ed9i ng\u0169 t\u1eadn t\u00e2m c\u1ee7a ch\u00fang t\u00f4i lu\u00f4n s\u1eb5n s\u00e0ng h\u1ed7 tr\u1ee3 qu\u00fd kh\u00e1ch h\u00e0ng. Ch\u00fang t\u00f4i t\u1eadn d\u1ee5ng ki\u1ebfn th\u1ee9c s\u00e2u r\u1ed9ng, t\u01b0 duy \u0111\u1ed5i m\u1edbi v\u00e0 c\u00e1c c\u00f4ng c\u1ee5 h\u00e0ng \u0111\u1ea7u trong ng\u00e0nh \u0111\u1ec3 mang l\u1ea1i k\u1ebft qu\u1ea3 gi\u00fap d\u1ef1 \u00e1n c\u1ee7a qu\u00fd kh\u00e1ch h\u00e0ng h\u01b0\u1edbng t\u1edbi th\u00e0nh c\u00f4ng.<\/p>\n<p style=\"text-align: justify;\">H\u00e3y ch\u1ecdn <strong><span style=\"color: #962d3e;\">HTN CONS<\/span><\/strong> l\u00e0m nh\u00e0 t\u01b0 v\u1ea5n x\u00e2y d\u1ef1ng \u0111\u00e1ng tin c\u1eady c\u1ee7a qu\u00fd kh\u00e1ch h\u00e0ng v\u00e0 tr\u1ea3i nghi\u1ec7m s\u1ef1 kh\u00e1c bi\u1ec7t khi l\u00e0m vi\u1ec7c v\u1edbi m\u1ed9t c\u00f4ng ty cam k\u1ebft v\u1edbi t\u1ea7m nh\u00ecn, gi\u00e1 tr\u1ecb v\u00e0 m\u1ee5c ti\u00eau c\u1ee7a qu\u00fd kh\u00e1ch h\u00e0ng. H\u00e3y li\u00ean h\u1ec7 v\u1edbi ch\u00fang t\u00f4i ngay h\u00f4m nay \u0111\u1ec3 th\u1ea3o lu\u1eadn v\u1ec1 d\u1ef1 \u00e1n c\u1ee7a qu\u00fd kh\u00e1ch h\u00e0ng v\u00e0 kh\u00e1m ph\u00e1 c\u00e1ch ch\u00fang t\u00f4i c\u00f3 th\u1ec3 gi\u00fap bi\u1ebfn gi\u1ea5c m\u01a1 x\u00e2y d\u1ef1ng c\u1ee7a qu\u00fd kh\u00e1ch h\u00e0ng th\u00e0nh hi\u1ec7n th\u1ef1c.<\/p>\n\t\t\n<style>\n#text-4120628263 {\n  font-size: 1.1rem;\n}\n<\/style>\n\t<\/div>\n\t\n\t\t<\/div>\n\t\t\t\t\t<\/div>\n\n\t\n<\/div>\n","protected":false},"excerpt":{"rendered":"","protected":false},"author":1,"featured_media":0,"parent":0,"menu_order":0,"comment_status":"closed","ping_status":"closed","template":"page-blank.php","meta":{"_acf_changed":false,"footnotes":""},"class_list":["post-358","page","type-page","status-publish","hentry"],"acf":[],"_links":{"self":[{"href":"https:\/\/htn-cons.vn\/vi\/wp-json\/wp\/v2\/pages\/358","targetHints":{"allow":["GET"]}}],"collection":[{"href":"https:\/\/htn-cons.vn\/vi\/wp-json\/wp\/v2\/pages"}],"about":[{"href":"https:\/\/htn-cons.vn\/vi\/wp-json\/wp\/v2\/types\/page"}],"author":[{"embeddable":true,"href":"https:\/\/htn-cons.vn\/vi\/wp-json\/wp\/v2\/users\/1"}],"replies":[{"embeddable":true,"href":"https:\/\/htn-cons.vn\/vi\/wp-json\/wp\/v2\/comments?post=358"}],"version-history":[{"count":31,"href":"https:\/\/htn-cons.vn\/vi\/wp-json\/wp\/v2\/pages\/358\/revisions"}],"predecessor-version":[{"id":759,"href":"https:\/\/htn-cons.vn\/vi\/wp-json\/wp\/v2\/pages\/358\/revisions\/759"}],"wp:attachment":[{"href":"https:\/\/htn-cons.vn\/vi\/wp-json\/wp\/v2\/media?parent=358"}],"curies":[{"name":"wp","href":"https:\/\/api.w.org\/{rel}","templated":true}]}}